{"id":104785,"date":"2024-05-31T07:34:52","date_gmt":"2024-05-31T07:34:52","guid":{"rendered":"https:\/\/claydondrill.com\/produkte\/evolution-front-hopper\/"},"modified":"2026-04-20T13:59:15","modified_gmt":"2026-04-20T12:59:15","slug":"evolution-front-hopper","status":"publish","type":"product","link":"https:\/\/claydondrill.com\/de\/product\/evolution-doppelter-fronttank\/","title":{"rendered":"Evolution Doppelter Fronttank"},"content":{"rendered":"<div class=\"wpb-content-wrapper\"><p>[vc_row][vc_column][vc_column_text css=&#8221;&#8221;]Mit einem Gesamtvolumen von 2.750 Litern ist der Evolution Double Fronttank in zwei gro\u00dfe Beh\u00e4lter (1.510 und 1.240 Liter) unterteilt. Ein druckbeaufschlagtes System gew\u00e4hrleistet eine zuverl\u00e4ssige Hochleistungsf\u00f6rderung zu den hinteren Verteilerk\u00f6pfen.<\/p>\n<p>Zwei Dosiereinheiten erm\u00f6glichen entweder gemischte oder getrennte Saatgut- bzw. D\u00fcngestr\u00f6me zur hinten angebauten S\u00e4schiene. Eine einfache Luftverteilerbox erlaubt es, den Materialstrom entweder auf die Verteilerleitungen aufzuteilen oder die Gesamtmenge in eine Leitung zu b\u00fcndeln.<\/p>\n<p>Ein ISOCAN-Terminal steuert alle Funktionen des Fronttanks und erm\u00f6glicht \u2013 abh\u00e4ngig von Task-Controller und Lizenzschl\u00fcssel \u2013 sowohl variable Ausbringmengen als auch eine automatische Start-\/Stopp-Funktion.<\/p>\n<p>ISOBUS-kompatibel wird der Evolution Double Fronttank mit austauschbaren Dosierwalzen in kleinen, mittleren und gro\u00dfen Durchmessern geliefert, passend f\u00fcr eine Vielzahl von Saatgut- und D\u00fcngertypen. Zus\u00e4tzlich wird pro Einheit eine Ersatz-Dosierwalze sowie ein Satz Walzen zur Montage bereitgestellt.<\/p>\n<p>Mit einem Gewicht von 730 kg hat der Fronttank eine Breite von 2.476 mm, eine H\u00f6he von 1.803 mm und eine L\u00e4nge von 1.619 mm. Zur Ausstattung geh\u00f6ren zudem zwei F\u00fcllstandssensoren mit \u201eNiedrigstand\u201c- und \u201eLeer\u201c-Warnung, eine Werkzeugkiste sowie eine klappbare Frontstufe.<\/p>\n<p>Optional erh\u00e4ltlich sind 550 kg Ballast, Packer-R\u00e4der mit passiver Lenkung und Radabstreifern sowie ein Beleuchtungs- und Kamerapaket (2 R\u00fcckfahrkameras, 2 interne Beh\u00e4lterkameras und Arbeitsscheinwerfer).[\/vc_column_text][\/vc_column][\/vc_row][vc_row][vc_column][vc_custom_heading text=&#8221;Konstruktionsmerkmale&#8221; use_theme_fonts=&#8221;yes&#8221; css=&#8221;.vc_custom_1776687626578{border-bottom-width: 20px !important;}&#8221;][vc_tta_accordion][vc_tta_section title=&#8221;Druckbeaufsichtigte Dosierung&#8221; tab_id=&#8221;1592830786278-25940583-c2e3&#8243;][vc_column_text css=&#8221;&#8221;]F\u00fcr eine zuverl\u00e4ssige F\u00f6rderung gro\u00dfer Materialmengen[\/vc_column_text][\/vc_tta_section][vc_tta_section title=&#8221;ISOCAN-Terminal&#8221; tab_id=&#8221;1592830786302-1f2f3fdb-18c2&#8243;][vc_column_text css=&#8221;&#8221;]Steuerung aller Fronttank- und S\u00e4schienenfunktionen[\/vc_column_text][\/vc_tta_section][vc_tta_section title=&#8221;ISOBUS-kompatibel&#8221; tab_id=&#8221;1592830786325-679294e8-f7b0&#8243;][vc_column_text css=&#8221;&#8221;]ISOBUS-Steckdose vorne und hinten am Traktor erforderlich oder T-Kabelsatz (Verbindung der hinteren Steckdose mit Kabel nach vorne zum Fronttank)[\/vc_column_text][\/vc_tta_section][vc_tta_section title=&#8221;Variable-Rate-kompatibel&#8221; tab_id=&#8221;1718027523007-9ba92d19-ea32&#8243;][vc_column_text css=&#8221;&#8221;]Abh\u00e4ngig von Task-Controller und Lizenzschl\u00fcssel[\/vc_column_text][\/vc_tta_section][vc_tta_section title=&#8221;Optionen f\u00fcr Dosierwalzen&#8221; tab_id=&#8221;1718027544574-cdb98c69-0e40&#8243;][vc_column_text css=&#8221;&#8221;]Kleine, mittlere und gro\u00dfe Ausf\u00fchrungen f\u00fcr eine Vielzahl von Saatgut und D\u00fcnger[\/vc_column_text][\/vc_tta_section][vc_tta_section title=&#8221;F\u00fcllstandssensoren&#8221; tab_id=&#8221;1718027570717-28c8c11c-a82c&#8221;][vc_column_text css=&#8221;&#8221;]Niedrigstand und leerer Beh\u00e4lter[\/vc_column_text][\/vc_tta_section][vc_tta_section title=&#8221;Werkzeugkasten&#8221; tab_id=&#8221;1718027613792-fb8b3c77-32da&#8221;][\/vc_tta_section][vc_tta_section title=&#8221;Klappbare vordere Trittstufe&#8221; tab_id=&#8221;1718027627275-f2f370be-1484&#8243;][\/vc_tta_section][vc_tta_section title=&#8221;Optionen&#8221; tab_id=&#8221;1718027642921-10fb1b85-8486&#8243;][vc_column_text css=&#8221;&#8221;]\u2022 Ballast 550 kg<br \/>\n\u2022 Packer-R\u00e4der mit passiver Lenkung und Radabstreifern<br \/>\n\u2022 2 x R\u00fcckfahr-\/Arbeitskameras und Arbeitsscheinwerfer[\/vc_column_text][\/vc_tta_section][\/vc_tta_accordion][\/vc_column][\/vc_row]<\/p>\n<\/div>","protected":false},"excerpt":{"rendered":"<p>[vc_row][vc_column][vc_column_text css=&#8221;&#8221;]Mit einem Gesamtvolumen von 2.750 Litern ist der Evolution Double Fronttank in zwei gro\u00dfe Beh\u00e4lter (1.510 und 1.240 Liter)<\/p>\n","protected":false},"featured_media":103235,"template":"","meta":{"inline_featured_image":false},"product_brand":[],"product_cat":[184],"product_tag":[],"class_list":{"0":"post-104785","1":"product","2":"type-product","3":"status-publish","4":"has-post-thumbnail","6":"product_cat-products-de","8":"first","9":"instock","10":"shipping-taxable","11":"product-type-simple"},"yoast_head":"<!-- This site is optimized with the Yoast SEO plugin v27.1.1 - https:\/\/yoast.com\/product\/yoast-seo-wordpress\/ -->\n<title>Claydon Drill Front Hopper \u2013 Smart Farming<\/title>\n<meta name=\"description\" content=\"Need a front hopper for seeding? Claydon Drills offers split seed &amp; fertiliser hoppers for fast, efficient, and cost-effective operations.\" \/>\n<meta name=\"robots\" content=\"index, follow, max-snippet:-1, max-image-preview:large, max-video-preview:-1\" \/>\n<link rel=\"canonical\" href=\"https:\/\/claydondrill.com\/de\/product\/evolution-doppelter-fronttank\/\" \/>\n<meta property=\"og:locale\" content=\"de_DE\" \/>\n<meta property=\"og:type\" content=\"article\" \/>\n<meta property=\"og:title\" content=\"Claydon Drill Front Hopper \u2013 Smart Farming\" \/>\n<meta property=\"og:description\" content=\"Need a front hopper for seeding? Claydon Drills offers split seed &amp; fertiliser hoppers for fast, efficient, and cost-effective operations.\" \/>\n<meta property=\"og:url\" content=\"https:\/\/claydondrill.com\/de\/product\/evolution-doppelter-fronttank\/\" \/>\n<meta property=\"og:site_name\" content=\"Claydon Drill Seed\" \/>\n<meta property=\"article:modified_time\" content=\"2026-04-20T12:59:15+00:00\" \/>\n<meta property=\"og:image\" content=\"https:\/\/claydondrill.com\/wp-content\/uploads\/2024\/05\/IMG_1371-ed-scaled.jpg\" \/>\n\t<meta property=\"og:image:width\" content=\"2560\" \/>\n\t<meta property=\"og:image:height\" content=\"1920\" \/>\n\t<meta property=\"og:image:type\" content=\"image\/jpeg\" \/>\n<meta name=\"twitter:card\" content=\"summary_large_image\" \/>\n<meta name=\"twitter:label1\" content=\"Gesch\u00e4tzte Lesezeit\" \/>\n\t<meta name=\"twitter:data1\" content=\"2\u00a0Minuten\" \/>\n<script type=\"application\/ld+json\" class=\"yoast-schema-graph\">{\"@context\":\"https:\/\/schema.org\",\"@graph\":[{\"@type\":\"WebPage\",\"@id\":\"https:\/\/claydondrill.com\/de\/product\/evolution-doppelter-fronttank\/\",\"url\":\"https:\/\/claydondrill.com\/de\/product\/evolution-doppelter-fronttank\/\",\"name\":\"Claydon Drill Front Hopper \u2013 Smart Farming\",\"isPartOf\":{\"@id\":\"https:\/\/claydondrill.com\/de\/#website\"},\"primaryImageOfPage\":{\"@id\":\"https:\/\/claydondrill.com\/de\/product\/evolution-doppelter-fronttank\/#primaryimage\"},\"image\":{\"@id\":\"https:\/\/claydondrill.com\/de\/product\/evolution-doppelter-fronttank\/#primaryimage\"},\"thumbnailUrl\":\"https:\/\/claydondrill.com\/wp-content\/uploads\/2024\/05\/IMG_1371-ed-scaled.jpg\",\"datePublished\":\"2024-05-31T07:34:52+00:00\",\"dateModified\":\"2026-04-20T12:59:15+00:00\",\"description\":\"Need a front hopper for seeding? Claydon Drills offers split seed & fertiliser hoppers for fast, efficient, and cost-effective operations.\",\"breadcrumb\":{\"@id\":\"https:\/\/claydondrill.com\/de\/product\/evolution-doppelter-fronttank\/#breadcrumb\"},\"inLanguage\":\"de\",\"potentialAction\":[{\"@type\":\"ReadAction\",\"target\":[\"https:\/\/claydondrill.com\/de\/product\/evolution-doppelter-fronttank\/\"]}]},{\"@type\":\"ImageObject\",\"inLanguage\":\"de\",\"@id\":\"https:\/\/claydondrill.com\/de\/product\/evolution-doppelter-fronttank\/#primaryimage\",\"url\":\"https:\/\/claydondrill.com\/wp-content\/uploads\/2024\/05\/IMG_1371-ed-scaled.jpg\",\"contentUrl\":\"https:\/\/claydondrill.com\/wp-content\/uploads\/2024\/05\/IMG_1371-ed-scaled.jpg\",\"width\":2560,\"height\":1920,\"caption\":\"front hopper\"},{\"@type\":\"BreadcrumbList\",\"@id\":\"https:\/\/claydondrill.com\/de\/product\/evolution-doppelter-fronttank\/#breadcrumb\",\"itemListElement\":[{\"@type\":\"ListItem\",\"position\":1,\"name\":\"Home\",\"item\":\"https:\/\/claydondrill.com\/de\/\"},{\"@type\":\"ListItem\",\"position\":2,\"name\":\"Evolution Doppelter Fronttank\"}]},{\"@type\":\"WebSite\",\"@id\":\"https:\/\/claydondrill.com\/de\/#website\",\"url\":\"https:\/\/claydondrill.com\/de\/\",\"name\":\"Claydon Drill Seed\",\"description\":\"\",\"potentialAction\":[{\"@type\":\"SearchAction\",\"target\":{\"@type\":\"EntryPoint\",\"urlTemplate\":\"https:\/\/claydondrill.com\/de\/?s={search_term_string}\"},\"query-input\":{\"@type\":\"PropertyValueSpecification\",\"valueRequired\":true,\"valueName\":\"search_term_string\"}}],\"inLanguage\":\"de\"}]}<\/script>\n<!-- \/ Yoast SEO plugin. -->","yoast_head_json":{"title":"Claydon Drill Front Hopper \u2013 Smart Farming","description":"Need a front hopper for seeding? Claydon Drills offers split seed & fertiliser hoppers for fast, efficient, and cost-effective operations.","robots":{"index":"index","follow":"follow","max-snippet":"max-snippet:-1","max-image-preview":"max-image-preview:large","max-video-preview":"max-video-preview:-1"},"canonical":"https:\/\/claydondrill.com\/de\/product\/evolution-doppelter-fronttank\/","og_locale":"de_DE","og_type":"article","og_title":"Claydon Drill Front Hopper \u2013 Smart Farming","og_description":"Need a front hopper for seeding? Claydon Drills offers split seed & fertiliser hoppers for fast, efficient, and cost-effective operations.","og_url":"https:\/\/claydondrill.com\/de\/product\/evolution-doppelter-fronttank\/","og_site_name":"Claydon Drill Seed","article_modified_time":"2026-04-20T12:59:15+00:00","og_image":[{"width":2560,"height":1920,"url":"https:\/\/claydondrill.com\/wp-content\/uploads\/2024\/05\/IMG_1371-ed-scaled.jpg","type":"image\/jpeg"}],"twitter_card":"summary_large_image","twitter_misc":{"Gesch\u00e4tzte Lesezeit":"2\u00a0Minuten"},"schema":{"@context":"https:\/\/schema.org","@graph":[{"@type":"WebPage","@id":"https:\/\/claydondrill.com\/de\/product\/evolution-doppelter-fronttank\/","url":"https:\/\/claydondrill.com\/de\/product\/evolution-doppelter-fronttank\/","name":"Claydon Drill Front Hopper \u2013 Smart Farming","isPartOf":{"@id":"https:\/\/claydondrill.com\/de\/#website"},"primaryImageOfPage":{"@id":"https:\/\/claydondrill.com\/de\/product\/evolution-doppelter-fronttank\/#primaryimage"},"image":{"@id":"https:\/\/claydondrill.com\/de\/product\/evolution-doppelter-fronttank\/#primaryimage"},"thumbnailUrl":"https:\/\/claydondrill.com\/wp-content\/uploads\/2024\/05\/IMG_1371-ed-scaled.jpg","datePublished":"2024-05-31T07:34:52+00:00","dateModified":"2026-04-20T12:59:15+00:00","description":"Need a front hopper for seeding? Claydon Drills offers split seed & fertiliser hoppers for fast, efficient, and cost-effective operations.","breadcrumb":{"@id":"https:\/\/claydondrill.com\/de\/product\/evolution-doppelter-fronttank\/#breadcrumb"},"inLanguage":"de","potentialAction":[{"@type":"ReadAction","target":["https:\/\/claydondrill.com\/de\/product\/evolution-doppelter-fronttank\/"]}]},{"@type":"ImageObject","inLanguage":"de","@id":"https:\/\/claydondrill.com\/de\/product\/evolution-doppelter-fronttank\/#primaryimage","url":"https:\/\/claydondrill.com\/wp-content\/uploads\/2024\/05\/IMG_1371-ed-scaled.jpg","contentUrl":"https:\/\/claydondrill.com\/wp-content\/uploads\/2024\/05\/IMG_1371-ed-scaled.jpg","width":2560,"height":1920,"caption":"front hopper"},{"@type":"BreadcrumbList","@id":"https:\/\/claydondrill.com\/de\/product\/evolution-doppelter-fronttank\/#breadcrumb","itemListElement":[{"@type":"ListItem","position":1,"name":"Home","item":"https:\/\/claydondrill.com\/de\/"},{"@type":"ListItem","position":2,"name":"Evolution Doppelter Fronttank"}]},{"@type":"WebSite","@id":"https:\/\/claydondrill.com\/de\/#website","url":"https:\/\/claydondrill.com\/de\/","name":"Claydon Drill Seed","description":"","potentialAction":[{"@type":"SearchAction","target":{"@type":"EntryPoint","urlTemplate":"https:\/\/claydondrill.com\/de\/?s={search_term_string}"},"query-input":{"@type":"PropertyValueSpecification","valueRequired":true,"valueName":"search_term_string"}}],"inLanguage":"de"}]}},"_links":{"self":[{"href":"https:\/\/claydondrill.com\/de\/wp-json\/wp\/v2\/product\/104785","targetHints":{"allow":["GET"]}}],"collection":[{"href":"https:\/\/claydondrill.com\/de\/wp-json\/wp\/v2\/product"}],"about":[{"href":"https:\/\/claydondrill.com\/de\/wp-json\/wp\/v2\/types\/product"}],"wp:featuredmedia":[{"embeddable":true,"href":"https:\/\/claydondrill.com\/de\/wp-json\/wp\/v2\/media\/103235"}],"wp:attachment":[{"href":"https:\/\/claydondrill.com\/de\/wp-json\/wp\/v2\/media?parent=104785"}],"wp:term":[{"taxonomy":"product_brand","embeddable":true,"href":"https:\/\/claydondrill.com\/de\/wp-json\/wp\/v2\/product_brand?post=104785"},{"taxonomy":"product_cat","embeddable":true,"href":"https:\/\/claydondrill.com\/de\/wp-json\/wp\/v2\/product_cat?post=104785"},{"taxonomy":"product_tag","embeddable":true,"href":"https:\/\/claydondrill.com\/de\/wp-json\/wp\/v2\/product_tag?post=104785"}],"curies":[{"name":"wp","href":"https:\/\/api.w.org\/{rel}","templated":true}]}}