{"id":93960,"date":"2021-11-10T12:09:35","date_gmt":"2021-11-10T12:09:35","guid":{"rendered":"https:\/\/claydondrill.com\/?page_id=93960"},"modified":"2023-05-04T09:11:04","modified_gmt":"2023-05-04T09:11:04","slug":"datenschutz-richtlinie","status":"publish","type":"page","link":"https:\/\/claydondrill.com\/de\/datenschutz-richtlinie\/","title":{"rendered":"DATENSCHUTZ-RICHTLINIE"},"content":{"rendered":"<p>Datum des Inkrafttretens:\u00a0 21. August 2019<\/p>\n<p>Diese Seite enth\u00e4lt Informationen zu der Art und Weise, wie wir personenbezogene Daten erfassen, nutzen und offenlegen, wenn Sie unseren Dienst nutzen, sowie zu den Optionen, die Ihnen im Zusammenhang mit diesen Daten zur Verf\u00fcgung stehen.<\/p>\n<div class=\"privacy-txt\">\n<p>Wir nutzen Ihre Daten zur Bereitstellung und Verbesserung unseres Dienstes. Durch die Inanspruchnahme des Dienstes erkl\u00e4ren Sie sich mit der Erfassung und Nutzung von Daten durch uns nach Ma\u00dfgabe dieser Richtlinie einverstanden. Soweit in dieser Datenschutz-Richtlinie nicht jeweils etwas anderes angegeben ist, kommt den in dieser Datenschutz-Richtlinie vorkommenden Begriffen jeweils dieselbe Bedeutung zu, die diesen in unseren Allgemeinen Gesch\u00e4ftsbedingungen (abrufbar \u00fcber <a href=\"https:\/\/claydondrill.com\/de\/\">claydondrill.com\/de<\/a>) zugewiesen wurde.<\/p>\n<h3>Begriffsbestimmungen<\/h3>\n<ul>\n<li><strong>Der Diens<\/strong>t sind die von der Claydon Yield-o-Meter Ltd. betriebenen Websites claydondrill.com, claydondrill.com\/de, claydondrill.com\/fr, claydondrill.com\/uk, claydondrill.com\/pl, www.claydon.co.nz<\/li>\n<li><strong>Personenbezogene Daten<\/strong>\u00a0Personenbezogene Daten sind Daten, die sich auf eine lebende Person beziehen, welche anhand dieser Daten (bzw. anhand dieser Daten in Kombination mit weiteren Informationen, die sich bereits in unserem Besitz befinden oder mit Wahrscheinlichkeit in unseren Besitz gelangen werden) identifizierbar ist.<\/li>\n<li><strong>Nutzungsdaten<\/strong>\u00a0sind Daten, die automatisch im Rahmen der Nutzung des Dienstes oder innerhalb der Dienstinfrastruktur selbst (beispielsweise f\u00fcr die Dauer eines Seitenbesuchs) erfasst werden.<\/li>\n<li><strong>Cookies<\/strong> sind kleine Dateien, die auf Ihrem Ger\u00e4t (Computer oder mobiles Endger\u00e4t) gespeichert werden.<\/li>\n<li><strong>Der Datenverantwortliche<\/strong>\u00a0ist eine nat\u00fcrliche oder juristische Person, die (entweder alleine oder zusammen mit weiteren Personen) die Zwecke sowie die Art und Weise festlegt, auf welche personenbezogene Daten verarbeitet werden bzw. zu verarbeiten sind. F\u00fcr die Zwecke dieser Datenschutz-Richtlinie sind wir der Datenverantwortliche in Bezug auf Ihre personenbezogenen Daten.<\/li>\n<li><strong>Ein Datenverarbeiter (oder Leistungsanbieter)<\/strong> ist eine nat\u00fcrliche oder juristische Person, welche die Daten im Namen des Datenverantwortlichen verarbeitet.\u00a0 Wir k\u00f6nnen die Leistungen verschiedener Leistungsanbieter in Anspruch nehmen, um Ihre Daten auf effizientere Weise zu verarbeiten.<\/li>\n<li><strong>Ein Datensubjekt (oder Nutzer)<\/strong> ist eine lebende Einzelperson, die unseren Dienst in Anspruch nimmt und Gegenstand personenbezogener Daten ist.<\/li>\n<li><strong>DPA 2018 \u2013 ist der Data Protection Act 2018, die britische Gesetzgebung zur DSGVO.<br \/>\n<\/strong><\/li>\n<\/ul>\n<h3>Erfassung und Nutzung von Daten<\/h3>\n<p>Wir erfassen verschiedene Arten von Daten f\u00fcr eine Reihe von Zwecken, um den Dienst, den wir Ihnen zur Verf\u00fcgung stellen, zu verbessern.<\/p>\n<h3>Arten der erfassten Daten<\/h3>\n<p><strong>Personenbezogene Daten<\/strong><\/p>\n<p>Im Rahmen der Nutzung unseres Dienstes bitten wir Sie gegebenenfalls um die Zurverf\u00fcgungstellung bestimmter pers\u00f6nlich identifizierbarer Daten, die wir dazu nutzen, um Sie zu kontaktieren oder zu identifizieren (\u201epersonenbezogene Daten\u201c):\u00a0 Pers\u00f6nlich identifizierbare Daten umfassen beispielsweise folgende Daten, sind jedoch nicht auf diese beschr\u00e4nkt:<\/p>\n<ul>\n<li>E-Mail-Adresse<\/li>\n<li>Vorname und Nachname<\/li>\n<li>Telefonnummer<\/li>\n<li>Adresse, Bundesland, Postleitzahl, Ort, Land<\/li>\n<li>Cookies und Nutzungsdaten<\/li>\n<\/ul>\n<p><strong>Wir nutzen Ihre personenbezogenen Daten gegebenenfalls daf\u00fcr, um Ihnen Newsletter, Marketing- oder Werbematerialien und sonstige Informationen zu \u00fcbersenden, die f\u00fcr Sie von Interesse sein k\u00f6nnten.\u00a0Sie k\u00f6nnen bestimmte oder alle unserer derartigen Mitteilungen deaktivieren, indem Sie dem Abmeldelink oder den Anweisungen folgen, die in von uns gesendeten Marketing-E-Mails enthalten sind.<\/strong><\/p>\n<p><strong>Nutzungsdaten<\/strong><\/p>\n<p>Wir k\u00f6nnen au\u00dferdem Daten zu der Art und Weise erfassen, auf welche auf unseren Dienst zugegriffen wird bzw. auf welche diese genutzt werden (\u201eNutzungsdaten\u201c). Diese Nutzungsdaten umfassen gegebenenfalls die Internet-Protocol-Adresse (IP-Adresse) Ihres Computers, Ihren Browsertyp, Ihre Browserversion, die von Ihnen innerhalb unseres Dienstes besuchten Seiten, den Zeitpunkt und das Datum Ihres Besuchs, die Gesamtverweildauer auf den betreffenden Seiten, individuelle Ger\u00e4teidentifikationsmerkmale und weitere Diagnosedaten.<\/p>\n<p><strong>Standortdaten<\/strong><\/p>\n<p>Wir k\u00f6nnen Informationen \u00fcber Ihren Standort verwenden und speichern, wenn Sie uns die Erlaubnis dazu geben (Standortdaten).\u00a0Wir verwenden diese Daten, um bestimmte Funktionen im Rahmen unseres Dienstes bereitzustellen, um unseren Dienst zu verbessern und kundenspezifisch anzupassen.<\/p>\n<p>Sie k\u00f6nnen Standortdienste bei der Nutzung unseres Dienstes jederzeit \u00fcber Ihre Ger\u00e4teeinstellungen aktivieren oder deaktivieren.<\/p>\n<p><strong>Tracking &amp; Cookies<\/strong><\/p>\n<p>Wir setzen Cookies und \u00e4hnliche Tracking-Technologien zur \u00dcberwachung der Aktivit\u00e4t innerhalb unseres Dienstes ein und speichern in diesem Zusammenhang bestimmte Daten.<\/p>\n<p>Cookies sind Dateien mit einem geringen Datenumfang, wie zum Beispiel anonyme einzigartige Identifikatoren. Cookies werden von einer Website an Ihren Browser gesendet und auf Ihrem Ger\u00e4t gespeichert. Die sonstigen von uns eingesetzten Tracking-Technologien sind so genannte Beacons, Tags und Scripts und dienen der Erfassung und Nachverfolgung von Daten sowie der Verbesserung und Analyse unseres Dienstes.<\/p>\n<p>Sie k\u00f6nnen in den Einstellungen Ihres Browsers festlegen, dass alle Cookies abgelehnt werden oder dass angezeigt wird, wenn Cookies gesendet werden.\u00a0Falls Sie jedoch die Annahme von Cookies verweigern, k\u00f6nnen Sie gegebenenfalls Teile unseres Dienstes nicht in Anspruch nehmen.<\/p>\n<p>Beispiele f\u00fcr von uns eingesetzte Cookies:<\/p>\n<p>Sitzungs-Cookies. Wir setzen Sitzungs-Cookies f\u00fcr den Betrieb unseres Dienstes ein.<br \/>\nPr\u00e4ferenz-Cookies. Wir setzen Pr\u00e4ferenz-Cookies ein, um Ihre Pr\u00e4ferenzen und verschiedenen Einstellungen zu speichern.<br \/>\nSicherheits-Cookies. Wir setzen Sicherheits-Cookies f\u00fcr Sicherheitszwecke ein.<\/p>\n<p><strong>Datennutzung<\/strong><\/p>\n<p>Claydon Yield-o-Meter Ltd nutzt die erfassten Daten f\u00fcr verschiedene Zwecke, beispielsweise um:<\/p>\n<ul>\n<li>Ihnen unseren Dienst zur Verf\u00fcgung zu stellen und diesen aufrechtzuerhalten;<\/li>\n<li>Ihnen \u00c4nderungen in Bezug auf unseren Dienst mitzuteilen;<\/li>\n<li>es Ihnen auf Wunsch zu erm\u00f6glichen, an den interaktiven Teilen unseres Dienstes teilzunehmen;<\/li>\n<li>Kundendienstleistungen zur Verf\u00fcgung zu stellen;<\/li>\n<li>Analysedaten und sonstige wertvolle Daten zu erfassen, damit wir unseren Dienst verbessern k\u00f6nnen;<\/li>\n<li>die Nutzung unseres Dienstes zu \u00fcberwachen;<\/li>\n<li>technische Probleme zu erkennen, zu vermeiden und zu beheben;<\/li>\n<li>Ihnen Neuigkeiten, Sonderangebote und allgemeine Informationen zu sonstigen von uns angebotenen Produkten, Dienstleistungen und Veranstaltungen mitzuteilen, soweit sie denjenigen \u00e4hneln, die Sie bereits von uns erworben oder bei uns angefragt haben, und Sie solche Mitteilungen nicht deaktiviert haben.<\/li>\n<\/ul>\n<p>&nbsp;<\/p>\n<h3>Rechtliche Grundlage f\u00fcr die Verarbeitung personenbezogener Daten nach Ma\u00dfgabe der Datenschutz-Grundverordnung (DSGVO)<\/h3>\n<p>Falls sich Ihr Wohnsitz innerhalb des Europ\u00e4ischen Wirtschaftsraums (EWR) befindet, h\u00e4ngt die rechtliche Grundlage von Claydon Yield-o-Meter Ltd f\u00fcr die Erfassung und Nutzung der in dieser Datenschutz-Richtlinie beschriebenen personenbezogenen Daten von den von uns erfassten personenbezogenen Daten sowie von dem erfassungsspezifischen Kontext ab.<\/p>\n<p>Claydon Yield-o-Meter Ltd kann Ihre personenbezogenen Daten aus folgenden Gr\u00fcnden verarbeiten:<br \/>\nWir m\u00fcssen einen mit Ihnen eingegangenen Vertrag erf\u00fcllen.<br \/>\nSie haben uns hierzu Ihre Zustimmung erteilt. Die Verarbeitung dient unseren legitimen Interessen und diese sind Ihren Rechten gegen\u00fcber nicht nachrangig.<br \/>\nDie Verarbeitung dient der Zahlungsabwicklung.<br \/>\nDie Verarbeitung dient der Einhaltung der gesetzlichen Bestimmungen.<\/p>\n<h3>Aufbewahrung von Daten<\/h3>\n<p>Claydon Yield-o-Meter Ltd wird Ihre personenbezogenen Daten nur so lange aufbewahren, wie dies f\u00fcr die Zwecke dieser Datenschutz-Richtlinie erforderlich ist. Wir werden Ihre personenbezogenen Daten in dem Umfang aufbewahren und nutzen, wie es f\u00fcr die Erf\u00fcllung unserer gesetzlichen Pflichten (falls wir Ihre Daten beispielsweise zur Einhaltung anwendbarer Gesetze aufbewahren m\u00fcssen), zur Beilegung von Streitigkeiten sowie zur Durchsetzung unserer rechtlichen Vereinbarungen und Richtlinien erforderlich ist.<\/p>\n<p>Claydon Yield-O-Meter Ltd wird au\u00dferdem Nutzungsdaten f\u00fcr interne Analysezwecke aufbewahren.\u00a0Nutzungsdaten werden \u00fcblicherweise f\u00fcr k\u00fcrzere Zeitr\u00e4ume aufbewahrt, soweit diese nicht f\u00fcr eine Verst\u00e4rkung unserer Sicherheitsvorkehrungen oder eine Verbesserung der Funktionalit\u00e4t unseres Dienstes eingesetzt werden oder wir nicht gesetzlich zu einer l\u00e4ngeren Aufbewahrung verpflichtet sind.<\/p>\n<h3>\u00dcbertragung von Daten<\/h3>\n<p>Ihre Daten, einschlie\u00dflich personenbezogener Daten, k\u00f6nnen auf Computer \u00fcbertragen \u2013 und auf solchen aufbewahrt \u2013 werden, die sich au\u00dferhalb Ihres Heimatstaates, Ihrer Heimatprovinz, Ihres Heimatlandes oder einer sonstigen Rechtsordnung befinden und somit Datenschutzgesetzen unterliegen, die sich von den Datenschutzgesetzen in Ihrer Rechtsordnung unterscheiden.<\/p>\n<p>Falls Sie sich au\u00dferhalb des Vereinigten K\u00f6nigreichs befinden und sich dazu entscheiden, Daten an uns zu \u00fcbermitteln, m\u00fcssen Sie zur Kenntnis nehmen, dass wir Ihre Daten, einschlie\u00dflich personenbezogener Daten, in das Vereinigte K\u00f6nigreich \u00fcbertragen und dort verarbeiten.<\/p>\n<p>Ihre Zustimmung zu dieser Datenschutz-Richtlinie und eine nachfolgende \u00dcbermittlung von Daten Ihrerseits stellt eine Einverst\u00e4ndniserkl\u00e4rung Ihrerseits zu der genannten \u00dcbertragung dar.<\/p>\n<p>Claydon Yield-o-Meter Limited wird alle im zumutbaren Rahmen erforderlichen Schritte unternehmen, um sicherzustellen, dass Ihre Daten auf sichere Weise sowie in \u00dcbereinstimmung mit dieser Datenschutz-Richtlinie behandelt werden und dass Ihre personenbezogenen Daten nicht an Organisationen oder in L\u00e4nder \u00fcbertragen werden, hinsichtlich welcher keine hinreichenden Kontrollmechanismen in Bezug auf die Sicherheit Ihrer Daten und sonstigen personenbezogenen Informationen vorliegen.<\/p>\n<h3>Offenlegung von Daten<\/h3>\n<p><strong>Offenlegung f\u00fcr die Strafverfolgung<\/strong><\/p>\n<p>Unter bestimmten Umst\u00e4nden kann Claydon Yield-o-Meter Ltd verpflichtet sein, Ihre personenbezogenen Daten offenzulegen, wenn dies gesetzlich vorgeschrieben ist, oder auf Ersuchen \u00f6ffentlicher Beh\u00f6rden (z.\u00a0B. eines Gerichts oder einer Regierungsbeh\u00f6rde).<\/p>\n<p><strong>Rechtliche Anforderungen<\/strong><\/p>\n<p>Claydon Yield-O-Meter Ltd kann Ihre pers\u00f6nlichen Daten in gutem Glauben offenlegen, falls es aus folgenden Gr\u00fcnden erforderlich ist:<\/p>\n<p>um einer gesetzlichen Verpflichtung nachzukommen<br \/>\nzum Schutz und zur Verteidigung der Rechte oder des Eigentums der Claydon Yield-O-Meter Ltd<br \/>\num m\u00f6gliche Fehlverhalten in Verbindung mit dem Dienst zu verhindern oder zu untersuchen<br \/>\num die pers\u00f6nliche Sicherheit der Benutzer des Dienstes oder der \u00d6ffentlichkeit zu sch\u00fctzen<br \/>\nzum Schutz vor gesetzlicher Haftung<\/p>\n<p><strong>Sicherheit von Daten<\/strong><\/p>\n<p>Die Sicherheit Ihrer Daten ist uns wichtig. Aber denken Sie daran, dass keine Methode der \u00dcbertragung \u00fcber das Internet oder die Methode der elektronischen Speicherung zu 100 % sicher ist.\u00a0\u00a0Obwohl wir uns bem\u00fchen, Ihre Daten mit wirtschaftlich zumutbaren Mitteln zu sch\u00fctzen, k\u00f6nnen wir keine absolute Sicherheit garantieren.<\/p>\n<h3>Ihre Datenschutzrechte unter der Datenschutz-Grundverordnung (DSGVO)<\/h3>\n<p>Wenn Sie im Europ\u00e4ischen Wirtschaftsraum (EWR) ans\u00e4ssig sind, haben Sie bestimmte Datenschutzrechte. Claydon Yield-o-Meter Ltd ist bestrebt, angemessene Schritte zu unternehmen, damit Sie Ihre personenbezogenen Daten korrigieren, erg\u00e4nzen, l\u00f6schen oder deren Verwendung einschr\u00e4nken k\u00f6nnen.<\/p>\n<p>Wenn Sie wissen m\u00f6chten, welche personenbezogenen Daten wir \u00fcber Sie gespeichert haben, und wenn Sie m\u00f6chten, dass diese aus unseren Systemen entfernt werden, kontaktieren Sie uns bitte.<\/p>\n<p>Unter bestimmten Umst\u00e4nden haben Sie folgende Datenschutzrechte:<\/p>\n<ul>\n<li><strong>Das Recht auf Zugang, Aktualisierung oder L\u00f6schung der Informationen, die wir \u00fcber Sie haben.<\/strong> Wann immer es m\u00f6glich ist, k\u00f6nnen Sie direkt im Bereich Ihrer Kontoeinstellungen auf Ihre pers\u00f6nlichen Daten zugreifen, sie aktualisieren oder ihre L\u00f6schung verlangen. Wenn Sie diese Aktionen nicht selbst durchf\u00fchren k\u00f6nnen, wenden Sie sich bitte an uns, damit wir Sie dabei unterst\u00fctzen k\u00f6nnen.<\/li>\n<li><strong>Das Recht auf Berichtigung.<\/strong> Sie haben das Recht, Ihre Daten berichtigen zu lassen, wenn diese Daten ungenau oder unvollst\u00e4ndig sind.<\/li>\n<li><strong>Das Recht zu widersprechen.<\/strong> Sie haben das Recht, gegen die Verarbeitung Ihrer personenbezogenen Daten durch uns Widerspruch einzulegen.<\/li>\n<li><strong>Das Recht auf Einschr\u00e4nkung.<\/strong> Sie haben das Recht zu verlangen, dass wir die Verarbeitung Ihrer personenbezogenen Daten einschr\u00e4nken.<\/li>\n<li><strong>Das Recht auf Daten\u00fcbertragbarkeit.<\/strong> Sie haben das Recht, eine Kopie der Informationen, die wir \u00fcber Sie haben, in einem strukturierten, maschinenlesbaren und allgemein gebr\u00e4uchlichen Format zu erhalten.<\/li>\n<li><strong>Das Recht, die Einwilligung zu widerrufen.<\/strong> Sie haben auch das Recht, Ihre Einwilligung jederzeit zu widerrufen, wenn Claydon Yield-o-Meter Ltd sich auf Ihre Einwilligung zur Verarbeitung Ihrer pers\u00f6nlichen Daten verlassen hat.<\/li>\n<\/ul>\n<p>Bitte beachten Sie, dass wir Sie m\u00f6glicherweise auffordern, Ihre Identit\u00e4t nachzuweisen, bevor wir auf solche Anfragen reagieren.<\/p>\n<p>Sie haben das Recht, sich bei einer Datenschutzbeh\u00f6rde \u00fcber die Erhebung und Verwendung Ihrer personenbezogenen Daten durch uns zu beschweren. F\u00fcr weitere Informationen wenden Sie sich bitte an Ihre lokale Datenschutzbeh\u00f6rde im Europ\u00e4ischen Wirtschaftsraum (EWR).<\/p>\n<h3>Dienstanbieter<\/h3>\n<p>Wir k\u00f6nnen Drittunternehmen und Einzelpersonen damit beauftragen, unseren Dienst zu erm\u00f6glichen (\u201eDienstanbieter\u201c), den Dienst in unserem Namen bereitzustellen, dienstbezogene Dienstleistungen zu erbringen oder uns bei der Analyse der Nutzung unseres Dienstes zu unterst\u00fctzen.<\/p>\n<p>Diese Dritten haben nur Zugang zu Ihren pers\u00f6nlichen Daten, um diese Aufgaben in unserem Auftrag zu erf\u00fcllen, und sind verpflichtet, sie nicht weiterzugeben oder f\u00fcr andere Zwecke zu verwenden.<\/p>\n<h3>Datenanalysen<\/h3>\n<p>Wir k\u00f6nnen Drittanbieter einsetzen, um die Nutzung unseres Dienstes zu \u00fcberwachen und zu analysieren.<\/p>\n<ul>\n<li><strong>Google Analytics<\/strong> Google Analytics ist ein von Google angebotener Webanalysedienst, der den Website-Traffic verfolgt und berichtet. Google verwendet die gesammelten Daten, um die Nutzung unseres Dienstes zu verfolgen und zu \u00fcberwachen. Diese Daten werden mit anderen Google-Diensten geteilt. Google kann die gesammelten Daten verwenden, um die Anzeigen des eigenen Werbenetzwerks zu kontextualisieren und zu personalisieren. Sie k\u00f6nnen sich dagegen entscheiden, dass Ihre Aktivit\u00e4ten auf dem Service Google Analytics zur Verf\u00fcgung gestellt werden, indem Sie das Browser-Add-on zur Deaktivierung von Google Analytics installieren. Das Add-on verhindert, dass das Google Analytics-JavaScript (ga.js, analytics.js und dc.js) Informationen \u00fcber Besuchsaktivit\u00e4ten an Google Analytics weitergibt. Weitere Informationen zu den Datenschutzpraktiken von Google finden Sie auf der Webseite zu Datenschutz und Nutzungsbedingungen von google unter:\u00a0http:\/\/www.google.com\/intl\/en\/policies\/privacy\/.<\/li>\n<\/ul>\n<h3>Verhaltensbasiertes Remarketing<\/h3>\n<p>Claydon Yield-o-Meter Ltd nutzt keine Remarketing-Dienste, um \u00fcber Websites Dritter Werbung an Sie zu senden, nachdem Sie unseren Dienst besucht haben.<\/p>\n<h3>Links zu anderen Seiten<\/h3>\n<p>Unser Dienst kann Links zu anderen Websites enthalten, die nicht von uns betrieben werden.\u00a0 Wenn Sie auf einen Link eines Drittanbieters klicken, werden Sie auf die Seite dieses Drittanbieters weitergeleitet. Wir empfehlen Ihnen dringend, die Datenschutzrichtlinien jeder Website, die Sie besuchen, zu lesen.\u00a0Wir haben keine Kontrolle \u00fcber und \u00fcbernehmen keine Verantwortung f\u00fcr den Inhalt, die Datenschutzrichtlinien oder Praktiken von Websites oder Diensten Dritter.<\/p>\n<h3>Datenschutz f\u00fcr Kinder<\/h3>\n<p>Unser Dienst richtet sich nicht an Personen unter 18 Jahren (\u201eKinder\u201c).<\/p>\n<p>Wir sammeln nicht wissentlich pers\u00f6nlich identifizierbare Daten von Personen unter 18 Jahren. Wenn Sie ein Elternteil oder Erziehungsberechtigter sind und wissen, dass Ihre Kinder uns personenbezogene Daten zur Verf\u00fcgung gestellt haben, kontaktieren Sie uns bitte.\u00a0 Wenn uns bekannt wird, dass wir pers\u00f6nliche Daten von Kindern ohne \u00dcberpr\u00fcfung der elterlichen Zustimmung gesammelt haben, ergreifen wir Ma\u00dfnahmen, um diese Daten von unseren Servern zu entfernen.<\/p>\n<h3>\u00c4nderungen an dieser Datenschutzrichtlinie<\/h3>\n<p>Wir k\u00f6nnen unsere Datenschutzrichtlinie von Zeit zu Zeit aktualisieren.\u00a0Wir werden Sie \u00fcber alle \u00c4nderungen informieren, indem wir die neue Datenschutzrichtlinie auf dieser Seite ver\u00f6ffentlichen.<\/p>\n<p>Wir empfehlen Ihnen, diese Datenschutzrichtlinie regelm\u00e4\u00dfig auf \u00c4nderungen zu \u00fcberpr\u00fcfen. \u00c4nderungen an dieser Datenschutzrichtlinie werden wirksam, sobald sie auf dieser Seite ver\u00f6ffentlicht sind.<\/p>\n<h3>Kontaktieren Sie uns<\/h3>\n<p>Wenn Sie Fragen zu dieser Datenschutzrichtlinie haben, wenden Sie sich bitte an den Datenverantwortlichen. Verwenden Sie dazu die folgenden Kontaktdaten:<\/p>\n<p>per E-Mail: info@claydondrill.com mit der Betreffzeile \u201eDatenschutzrichtlinie\u201c<br \/>\nper Telefon: +44 (0)1440 820327<br \/>\nauf dem Postweg: \u00a0Claydon Yield-o-Meter Limited, Bunters Road, Wickhambrook, Newmarket, Suffolk, CB8 8XY, GB<\/p>\n<\/div>\n","protected":false},"excerpt":{"rendered":"<p>Datum des Inkrafttretens:\u00a0 21. August 2019 Diese Seite enth\u00e4lt Informationen zu der Art und Weise, wie wir personenbezogene Daten erfassen,<\/p>\n","protected":false},"author":1,"featured_media":0,"parent":0,"menu_order":27,"comment_status":"closed","ping_status":"closed","template":"","meta":{"inline_featured_image":false,"footnotes":""},"class_list":["post-93960","page","type-page","status-publish","hentry"],"yoast_head":"<!-- This site is optimized with the Yoast SEO plugin v27.1.1 - https:\/\/yoast.com\/product\/yoast-seo-wordpress\/ -->\n<title>DATENSCHUTZ-RICHTLINIE - Claydon Drill Seed<\/title>\n<meta name=\"robots\" content=\"index, follow, max-snippet:-1, max-image-preview:large, max-video-preview:-1\" \/>\n<link rel=\"canonical\" href=\"https:\/\/claydondrill.com\/de\/datenschutz-richtlinie\/\" \/>\n<meta property=\"og:locale\" content=\"de_DE\" \/>\n<meta property=\"og:type\" content=\"article\" \/>\n<meta property=\"og:title\" content=\"DATENSCHUTZ-RICHTLINIE - Claydon Drill Seed\" \/>\n<meta property=\"og:description\" content=\"Datum des Inkrafttretens:\u00a0 21. August 2019 Diese Seite enth\u00e4lt Informationen zu der Art und Weise, wie wir personenbezogene Daten erfassen,\" \/>\n<meta property=\"og:url\" content=\"https:\/\/claydondrill.com\/de\/datenschutz-richtlinie\/\" \/>\n<meta property=\"og:site_name\" content=\"Claydon Drill Seed\" \/>\n<meta property=\"article:modified_time\" content=\"2023-05-04T09:11:04+00:00\" \/>\n<meta name=\"twitter:card\" content=\"summary_large_image\" \/>\n<meta name=\"twitter:label1\" content=\"Gesch\u00e4tzte Lesezeit\" \/>\n\t<meta name=\"twitter:data1\" content=\"10\u00a0Minuten\" \/>\n<script type=\"application\/ld+json\" class=\"yoast-schema-graph\">{\"@context\":\"https:\/\/schema.org\",\"@graph\":[{\"@type\":\"WebPage\",\"@id\":\"https:\/\/claydondrill.com\/de\/datenschutz-richtlinie\/\",\"url\":\"https:\/\/claydondrill.com\/de\/datenschutz-richtlinie\/\",\"name\":\"DATENSCHUTZ-RICHTLINIE - Claydon Drill Seed\",\"isPartOf\":{\"@id\":\"https:\/\/claydondrill.com\/de\/#website\"},\"datePublished\":\"2021-11-10T12:09:35+00:00\",\"dateModified\":\"2023-05-04T09:11:04+00:00\",\"breadcrumb\":{\"@id\":\"https:\/\/claydondrill.com\/de\/datenschutz-richtlinie\/#breadcrumb\"},\"inLanguage\":\"de\",\"potentialAction\":[{\"@type\":\"ReadAction\",\"target\":[\"https:\/\/claydondrill.com\/de\/datenschutz-richtlinie\/\"]}]},{\"@type\":\"BreadcrumbList\",\"@id\":\"https:\/\/claydondrill.com\/de\/datenschutz-richtlinie\/#breadcrumb\",\"itemListElement\":[{\"@type\":\"ListItem\",\"position\":1,\"name\":\"Home\",\"item\":\"https:\/\/claydondrill.com\/de\/\"},{\"@type\":\"ListItem\",\"position\":2,\"name\":\"DATENSCHUTZ-RICHTLINIE\"}]},{\"@type\":\"WebSite\",\"@id\":\"https:\/\/claydondrill.com\/de\/#website\",\"url\":\"https:\/\/claydondrill.com\/de\/\",\"name\":\"Claydon Drill Seed\",\"description\":\"\",\"potentialAction\":[{\"@type\":\"SearchAction\",\"target\":{\"@type\":\"EntryPoint\",\"urlTemplate\":\"https:\/\/claydondrill.com\/de\/?s={search_term_string}\"},\"query-input\":{\"@type\":\"PropertyValueSpecification\",\"valueRequired\":true,\"valueName\":\"search_term_string\"}}],\"inLanguage\":\"de\"}]}<\/script>\n<!-- \/ Yoast SEO plugin. -->","yoast_head_json":{"title":"DATENSCHUTZ-RICHTLINIE - Claydon Drill Seed","robots":{"index":"index","follow":"follow","max-snippet":"max-snippet:-1","max-image-preview":"max-image-preview:large","max-video-preview":"max-video-preview:-1"},"canonical":"https:\/\/claydondrill.com\/de\/datenschutz-richtlinie\/","og_locale":"de_DE","og_type":"article","og_title":"DATENSCHUTZ-RICHTLINIE - Claydon Drill Seed","og_description":"Datum des Inkrafttretens:\u00a0 21. August 2019 Diese Seite enth\u00e4lt Informationen zu der Art und Weise, wie wir personenbezogene Daten erfassen,","og_url":"https:\/\/claydondrill.com\/de\/datenschutz-richtlinie\/","og_site_name":"Claydon Drill Seed","article_modified_time":"2023-05-04T09:11:04+00:00","twitter_card":"summary_large_image","twitter_misc":{"Gesch\u00e4tzte Lesezeit":"10\u00a0Minuten"},"schema":{"@context":"https:\/\/schema.org","@graph":[{"@type":"WebPage","@id":"https:\/\/claydondrill.com\/de\/datenschutz-richtlinie\/","url":"https:\/\/claydondrill.com\/de\/datenschutz-richtlinie\/","name":"DATENSCHUTZ-RICHTLINIE - Claydon Drill Seed","isPartOf":{"@id":"https:\/\/claydondrill.com\/de\/#website"},"datePublished":"2021-11-10T12:09:35+00:00","dateModified":"2023-05-04T09:11:04+00:00","breadcrumb":{"@id":"https:\/\/claydondrill.com\/de\/datenschutz-richtlinie\/#breadcrumb"},"inLanguage":"de","potentialAction":[{"@type":"ReadAction","target":["https:\/\/claydondrill.com\/de\/datenschutz-richtlinie\/"]}]},{"@type":"BreadcrumbList","@id":"https:\/\/claydondrill.com\/de\/datenschutz-richtlinie\/#breadcrumb","itemListElement":[{"@type":"ListItem","position":1,"name":"Home","item":"https:\/\/claydondrill.com\/de\/"},{"@type":"ListItem","position":2,"name":"DATENSCHUTZ-RICHTLINIE"}]},{"@type":"WebSite","@id":"https:\/\/claydondrill.com\/de\/#website","url":"https:\/\/claydondrill.com\/de\/","name":"Claydon Drill Seed","description":"","potentialAction":[{"@type":"SearchAction","target":{"@type":"EntryPoint","urlTemplate":"https:\/\/claydondrill.com\/de\/?s={search_term_string}"},"query-input":{"@type":"PropertyValueSpecification","valueRequired":true,"valueName":"search_term_string"}}],"inLanguage":"de"}]}},"_links":{"self":[{"href":"https:\/\/claydondrill.com\/de\/wp-json\/wp\/v2\/pages\/93960","targetHints":{"allow":["GET"]}}],"collection":[{"href":"https:\/\/claydondrill.com\/de\/wp-json\/wp\/v2\/pages"}],"about":[{"href":"https:\/\/claydondrill.com\/de\/wp-json\/wp\/v2\/types\/page"}],"author":[{"embeddable":true,"href":"https:\/\/claydondrill.com\/de\/wp-json\/wp\/v2\/users\/1"}],"replies":[{"embeddable":true,"href":"https:\/\/claydondrill.com\/de\/wp-json\/wp\/v2\/comments?post=93960"}],"version-history":[{"count":0,"href":"https:\/\/claydondrill.com\/de\/wp-json\/wp\/v2\/pages\/93960\/revisions"}],"wp:attachment":[{"href":"https:\/\/claydondrill.com\/de\/wp-json\/wp\/v2\/media?parent=93960"}],"curies":[{"name":"wp","href":"https:\/\/api.w.org\/{rel}","templated":true}]}}