{"id":93523,"date":"2015-07-17T04:24:58","date_gmt":"2015-07-17T04:24:58","guid":{"rendered":"https:\/\/claydondrill.com\/about\/"},"modified":"2022-11-29T09:42:03","modified_gmt":"2022-11-29T09:42:03","slug":"about","status":"publish","type":"page","link":"https:\/\/claydondrill.com\/de\/firmengeschichte\/","title":{"rendered":"FIRMENGESCHICHTE"},"content":{"rendered":"<div class=\"wpb-content-wrapper\"><p>[vc_row el_class=&#8221;row1&#8243;][vc_column width=&#8221;1\/2&#8243;][vc_custom_heading text=&#8221;FAMILIE DER LANDWIRTE UND INGENIEURE&#8221; use_theme_fonts=&#8221;yes&#8221;][vc_column_text]Die Familie Claydon bearbeitet seit Anfang des 20. Jahrhunderts die schweren Lehmb\u00f6den von Suffolk im Osten Englands. \u00a0\u00a0Jeffrey und Frank Claydon sind seit 1970 Landwirte und bewirtschaften das Land des Familienbetriebs unter dem Namen E.T. Claydon and Sons in dritter Generation.[\/vc_column_text][\/vc_column][vc_column width=&#8221;1\/2&#8243;][vc_single_image image=&#8221;83009&#8243; img_size=&#8221;full&#8221; alignment=&#8221;center&#8221; title=&#8221;Jeff Claydon bei der Ernte auf dem 350 Hektar gro\u00dfen Familienbetrieb.&#8221;][vc_column_text][\/vc_column_text][\/vc_column][\/vc_row][vc_row el_class=&#8221;row1&#8243;][vc_column width=&#8221;1\/2&#8243;][vc_column_text]Das erste Claydon-Produkt war das 1980 von Jeff erfundene Claydon Yield-o-Meter. Zu seiner Vermarktung wurde 1981 die Firma Claydon Yield-o-Meter Limited gegr\u00fcndet.\u00a0 Jeff Claydon hatte die Vision, ein Ertragsmessger\u00e4t f\u00fcr Getreide zu entwickeln, das an jedem M\u00e4hdrescher angebracht werden kann und im Gegensatz zur traditionellen Methode mit Br\u00fcckenwaage genaue Messwerte \u00fcber die vom M\u00e4hdrescher geernteten Mengen liefert.<\/p>\n<p>Es sollte das erste Ertragsmessger\u00e4t werden, das jemals an einem M\u00e4hdrescher angebracht wurde.[\/vc_column_text][\/vc_column][vc_column width=&#8221;1\/2&#8243;][vc_single_image image=&#8221;82326&#8243; img_size=&#8221;full&#8221; add_caption=&#8221;yes&#8221; alignment=&#8221;center&#8221; title=&#8221;Jeff Claydon, Landwirt und CEO&#8221;][\/vc_column][\/vc_row][vc_row el_class=&#8221;row1&#8243;][vc_column width=&#8221;1\/2&#8243;][vc_column_text]Mit dem Ertragsmonitor konnte der Landwirt Daten analysieren, die er zuvor erraten musste.\u00a0 Dies half dem Betrieb, die Ertragsstarken Typen und Sorten zu bestimmen. Der Landwirt konnte genau sehen, wie viel Getreide er innerhalb eines bestimmten Zeitraums \u2013 Minute, Stunde, Tag, Monat und Jahr \u2013 geerntet hatte. Das Yield-o-Meter war so erfolgreich, dass des 1995 mit einer Silbermedaille der Royal Agricultural Society of England ausgezeichnet wurde.\u00a0\u00a0 Es wurde in zahlreiche M\u00e4hdrescher (haupts\u00e4chlich der Marke CLAAS) in Gro\u00dfbritannien und Europa eingebaut.<\/p>\n<p>1995 brachte Claydon Yield-o-Meter Ltd den Kerner-Schollencracker auf den britischen Markt. Dieses Ger\u00e4t wurde an Hunderten Pfl\u00fcgen in ganz Gro\u00dfbritannien angebracht. Es schnitt durch die frisch gewendeten Schollen bis zu 6 Zoll tief in 2 Zoll breite Streifen, so dass die Witterung im Boden die Scholle schneller brechen konnte.[\/vc_column_text][\/vc_column][vc_column width=&#8221;1\/2&#8243;][vc_single_image image=&#8221;83010&#8243; img_size=&#8221;full&#8221; alignment=&#8221;center&#8221; title=&#8221;Yield-o-Meter an einem CLAAS-M\u00e4hdrescher von 1981&#8243;][\/vc_column][\/vc_row][vc_row el_class=&#8221;row1&#8243;][vc_column width=&#8221;1\/2&#8243;][vc_column_text]Im Jahr 2003 brachte Jeff die erste Claydon-Direktsaatmaschine auf den Markt \u2013 die V-Drill.\u00a0 Die Drillmaschine wurde aus der Not heraus erfunden.\u00a0 Die Weizenpreise waren auf einen Tiefstand gesunken und die Kosten f\u00fcr Betriebsmittel und das Pfl\u00fcgen auf dem Familienbetrieb stiegen immer weiter an. Die Landwirtschaft wurde unrentabel.\u00a0 Die V-Drillmaschine senkte die Kosten und den Zeitaufwand f\u00fcr den Pflanzenbau im Betrieb drastisch.<\/p>\n<p>Auf die V-Drillmaschine folgte die Claydon SR und zuletzt die Hybrid-Drillmaschine.\u00a0\u00a0 Im Lauf der Jahre wurde das Drillmaschinen-Programm durch neu entwickelte Maschinen und Walzen f\u00fcr das Stoppelmanagement erg\u00e4nzt, um Komplettl\u00f6sungen f\u00fcr den Pflanzenbau anbieten zu k\u00f6nnen.[\/vc_column_text][\/vc_column][vc_column width=&#8221;1\/2&#8243;][vc_single_image image=&#8221;82478&#8243; img_size=&#8221;full&#8221; add_caption=&#8221;yes&#8221; alignment=&#8221;center&#8221; title=&#8221;Frank Claydon bei der Herbstsaat mit der Hybrid T6c&#8221;][\/vc_column][\/vc_row][vc_row el_class=&#8221;row1&#8243;][vc_column width=&#8221;1\/2&#8243;][vc_column_text]Alle Claydon-Maschinen werden in einem funktionierenden landwirtschaftlichen Betrieb von Landwirten f\u00fcr Landwirte entwickelt. Sie werden unter realen landwirtschaftlichen Bedingungen getestet, bevor sie auf den Markt kommen.<\/p>\n<p>Auf der Claydon Farm wurde seit 2002 nicht mehr gepfl\u00fcgt. Frank Claydon bearbeitet in einer Direktsaatsaison im Herbst rund 400 Hektar mit einer einzigen 6-m-Claydon-Drillmaschine und einem einzigen Schlepper.\u00a0 Er drillt noch weitere 1.250 Hektar als Auftragsunternehmer.<\/p>\n<p>Seit 2003 hat sich Claydon zum europ\u00e4ischen Marktf\u00fchrer f\u00fcr Strip-Till entwickelt.\u00a0 Die Drillmaschinen, Strohstriegel und Zwischenreihenhacken des Unternehmens sind heute in \u00fcber 30 L\u00e4ndern der Welt im Einsatz, werden von einem Netzwerk von Importeuren und H\u00e4ndlern unterst\u00fctzt und am Hauptsitz von Claydon in Suffolk hergestellt.[\/vc_column_text][\/vc_column][vc_column width=&#8221;1\/2&#8243;][vc_single_image image=&#8221;83006&#8243; img_size=&#8221;full&#8221; alignment=&#8221;center&#8221; title=&#8221;Verladehof an der Produktionsst\u00e4tte&#8221;][vc_single_image image=&#8221;83007&#8243; img_size=&#8221;full&#8221; alignment=&#8221;center&#8221; title=&#8221;Hauptauslieferungslager am Montagegeb\u00e4ude&#8221;][\/vc_column][\/vc_row]<\/p>\n<\/div>","protected":false},"excerpt":{"rendered":"<p>[vc_row el_class=&#8221;row1&#8243;][vc_column width=&#8221;1\/2&#8243;][vc_custom_heading text=&#8221;FAMILIE DER LANDWIRTE UND INGENIEURE&#8221; use_theme_fonts=&#8221;yes&#8221;][vc_column_text]Die Familie Claydon bearbeitet seit Anfang des 20. Jahrhunderts die schweren Lehmb\u00f6den<\/p>\n","protected":false},"author":1,"featured_media":0,"parent":0,"menu_order":29,"comment_status":"open","ping_status":"closed","template":"","meta":{"inline_featured_image":false,"footnotes":""},"class_list":["post-93523","page","type-page","status-publish","hentry"],"yoast_head":"<!-- This site is optimized with the Yoast SEO plugin v27.1.1 - https:\/\/yoast.com\/product\/yoast-seo-wordpress\/ -->\n<title>FIRMENGESCHICHTE - Claydon Drill Seed<\/title>\n<meta name=\"robots\" content=\"index, follow, max-snippet:-1, max-image-preview:large, max-video-preview:-1\" \/>\n<link rel=\"canonical\" href=\"https:\/\/claydondrill.com\/de\/firmengeschichte\/\" \/>\n<meta property=\"og:locale\" content=\"de_DE\" \/>\n<meta property=\"og:type\" content=\"article\" \/>\n<meta property=\"og:title\" content=\"FIRMENGESCHICHTE - Claydon Drill Seed\" \/>\n<meta property=\"og:description\" content=\"[vc_row el_class=&#8221;row1&#8243;][vc_column width=&#8221;1\/2&#8243;][vc_custom_heading text=&#8221;FAMILIE DER LANDWIRTE UND INGENIEURE&#8221; use_theme_fonts=&#8221;yes&#8221;][vc_column_text]Die Familie Claydon bearbeitet seit Anfang des 20. Jahrhunderts die schweren Lehmb\u00f6den\" \/>\n<meta property=\"og:url\" content=\"https:\/\/claydondrill.com\/de\/firmengeschichte\/\" \/>\n<meta property=\"og:site_name\" content=\"Claydon Drill Seed\" \/>\n<meta property=\"article:modified_time\" content=\"2022-11-29T09:42:03+00:00\" \/>\n<meta name=\"twitter:card\" content=\"summary_large_image\" \/>\n<meta name=\"twitter:label1\" content=\"Gesch\u00e4tzte Lesezeit\" \/>\n\t<meta name=\"twitter:data1\" content=\"3\u00a0Minuten\" \/>\n<script type=\"application\/ld+json\" class=\"yoast-schema-graph\">{\"@context\":\"https:\/\/schema.org\",\"@graph\":[{\"@type\":\"WebPage\",\"@id\":\"https:\/\/claydondrill.com\/de\/firmengeschichte\/\",\"url\":\"https:\/\/claydondrill.com\/de\/firmengeschichte\/\",\"name\":\"FIRMENGESCHICHTE - Claydon Drill Seed\",\"isPartOf\":{\"@id\":\"https:\/\/claydondrill.com\/de\/#website\"},\"datePublished\":\"2015-07-17T04:24:58+00:00\",\"dateModified\":\"2022-11-29T09:42:03+00:00\",\"breadcrumb\":{\"@id\":\"https:\/\/claydondrill.com\/de\/firmengeschichte\/#breadcrumb\"},\"inLanguage\":\"de\",\"potentialAction\":[{\"@type\":\"ReadAction\",\"target\":[\"https:\/\/claydondrill.com\/de\/firmengeschichte\/\"]}]},{\"@type\":\"BreadcrumbList\",\"@id\":\"https:\/\/claydondrill.com\/de\/firmengeschichte\/#breadcrumb\",\"itemListElement\":[{\"@type\":\"ListItem\",\"position\":1,\"name\":\"Home\",\"item\":\"https:\/\/claydondrill.com\/de\/\"},{\"@type\":\"ListItem\",\"position\":2,\"name\":\"FIRMENGESCHICHTE\"}]},{\"@type\":\"WebSite\",\"@id\":\"https:\/\/claydondrill.com\/de\/#website\",\"url\":\"https:\/\/claydondrill.com\/de\/\",\"name\":\"Claydon Drill Seed\",\"description\":\"\",\"potentialAction\":[{\"@type\":\"SearchAction\",\"target\":{\"@type\":\"EntryPoint\",\"urlTemplate\":\"https:\/\/claydondrill.com\/de\/?s={search_term_string}\"},\"query-input\":{\"@type\":\"PropertyValueSpecification\",\"valueRequired\":true,\"valueName\":\"search_term_string\"}}],\"inLanguage\":\"de\"}]}<\/script>\n<!-- \/ Yoast SEO plugin. -->","yoast_head_json":{"title":"FIRMENGESCHICHTE - Claydon Drill Seed","robots":{"index":"index","follow":"follow","max-snippet":"max-snippet:-1","max-image-preview":"max-image-preview:large","max-video-preview":"max-video-preview:-1"},"canonical":"https:\/\/claydondrill.com\/de\/firmengeschichte\/","og_locale":"de_DE","og_type":"article","og_title":"FIRMENGESCHICHTE - Claydon Drill Seed","og_description":"[vc_row el_class=&#8221;row1&#8243;][vc_column width=&#8221;1\/2&#8243;][vc_custom_heading text=&#8221;FAMILIE DER LANDWIRTE UND INGENIEURE&#8221; use_theme_fonts=&#8221;yes&#8221;][vc_column_text]Die Familie Claydon bearbeitet seit Anfang des 20. Jahrhunderts die schweren Lehmb\u00f6den","og_url":"https:\/\/claydondrill.com\/de\/firmengeschichte\/","og_site_name":"Claydon Drill Seed","article_modified_time":"2022-11-29T09:42:03+00:00","twitter_card":"summary_large_image","twitter_misc":{"Gesch\u00e4tzte Lesezeit":"3\u00a0Minuten"},"schema":{"@context":"https:\/\/schema.org","@graph":[{"@type":"WebPage","@id":"https:\/\/claydondrill.com\/de\/firmengeschichte\/","url":"https:\/\/claydondrill.com\/de\/firmengeschichte\/","name":"FIRMENGESCHICHTE - Claydon Drill Seed","isPartOf":{"@id":"https:\/\/claydondrill.com\/de\/#website"},"datePublished":"2015-07-17T04:24:58+00:00","dateModified":"2022-11-29T09:42:03+00:00","breadcrumb":{"@id":"https:\/\/claydondrill.com\/de\/firmengeschichte\/#breadcrumb"},"inLanguage":"de","potentialAction":[{"@type":"ReadAction","target":["https:\/\/claydondrill.com\/de\/firmengeschichte\/"]}]},{"@type":"BreadcrumbList","@id":"https:\/\/claydondrill.com\/de\/firmengeschichte\/#breadcrumb","itemListElement":[{"@type":"ListItem","position":1,"name":"Home","item":"https:\/\/claydondrill.com\/de\/"},{"@type":"ListItem","position":2,"name":"FIRMENGESCHICHTE"}]},{"@type":"WebSite","@id":"https:\/\/claydondrill.com\/de\/#website","url":"https:\/\/claydondrill.com\/de\/","name":"Claydon Drill Seed","description":"","potentialAction":[{"@type":"SearchAction","target":{"@type":"EntryPoint","urlTemplate":"https:\/\/claydondrill.com\/de\/?s={search_term_string}"},"query-input":{"@type":"PropertyValueSpecification","valueRequired":true,"valueName":"search_term_string"}}],"inLanguage":"de"}]}},"_links":{"self":[{"href":"https:\/\/claydondrill.com\/de\/wp-json\/wp\/v2\/pages\/93523","targetHints":{"allow":["GET"]}}],"collection":[{"href":"https:\/\/claydondrill.com\/de\/wp-json\/wp\/v2\/pages"}],"about":[{"href":"https:\/\/claydondrill.com\/de\/wp-json\/wp\/v2\/types\/page"}],"author":[{"embeddable":true,"href":"https:\/\/claydondrill.com\/de\/wp-json\/wp\/v2\/users\/1"}],"replies":[{"embeddable":true,"href":"https:\/\/claydondrill.com\/de\/wp-json\/wp\/v2\/comments?post=93523"}],"version-history":[{"count":0,"href":"https:\/\/claydondrill.com\/de\/wp-json\/wp\/v2\/pages\/93523\/revisions"}],"wp:attachment":[{"href":"https:\/\/claydondrill.com\/de\/wp-json\/wp\/v2\/media?parent=93523"}],"curies":[{"name":"wp","href":"https:\/\/api.w.org\/{rel}","templated":true}]}}