{"id":93482,"date":"2021-09-30T15:44:19","date_gmt":"2021-09-30T15:44:19","guid":{"rendered":"https:\/\/claydondrill.com\/?page_id=93482"},"modified":"2025-03-26T10:42:12","modified_gmt":"2025-03-26T10:42:12","slug":"terrastar","status":"publish","type":"page","link":"https:\/\/claydondrill.com\/de\/terrastar\/","title":{"rendered":"TerraStar \u2013 Die Spatenrollegge f\u00fcr flache Bodenbearbeitung"},"content":{"rendered":"<div class=\"wpb-content-wrapper\"><p>[vc_row el_class=&#8221;top_desc&#8221;][vc_column width=&#8221;1\/2&#8243;][vc_column_text]Der Claydon TerraStar ist eine leichte Spatenrollegge, die zur Erzeugung einer flachen Krume eingesetzt wird, um das Keimen von Wild- und Unkr\u00e4utern zu f\u00f6rdern.\u00a0Es ist auch ein effektives Werkzeug f\u00fcr Stoppelmanagement und Schneckenbek\u00e4mpfung. Diese kann auch zur Schaffung von Bodengare und Verbesserung der Wasserabf\u00fchrung sowie zur Einarbeitung von D\u00fcnger verwendet werden. Als mechanisches Werkzeug zur Unkrautbek\u00e4mpfung reduziert er den Glyphosat-Bedarf.<\/p>\n<p>Der TerraStar kann eingesetzt werden, wenn der Boden f\u00fcr den Strohstriegel zu hart ist. Er ist schnell und effektiv und hat ein Minimum an Verschlei\u00dfteilen, was den Betrieb kosteng\u00fcnstig macht. Der TerraStar bewegt mehr Erde als der Claydon-Strohstriegel und l\u00e4sst die Bodenstruktur intakt, indem er nur die oberste Bodenschicht aufrei\u00dft und das Profil verschont.[\/vc_column_text][\/vc_column][vc_column width=&#8221;1\/2&#8243; el_class=&#8221;frtlizer&#8221;][vc_single_image image=&#8221;82500&#8243; img_size=&#8221;full&#8221;][\/vc_column][\/vc_row][vc_row full_width=&#8221;stretch_row&#8221; css=&#8221;.vc_custom_1595581583637{margin-top: 0px !important;margin-right: 0px !important;margin-bottom: 0px !important;margin-left: 0px !important;padding-top: 75px !important;padding-bottom: 0px !important;}&#8221; el_class=&#8221;services2 home_cat&#8221;][vc_column css=&#8221;.vc_custom_1460369393337{padding-top: 0px !important;padding-bottom: 0px !important;}&#8221;][vc_row_inner el_class=&#8221;product_sec cat_list&#8221;][vc_column_inner width=&#8221;1\/2&#8243;][vc_single_image image=&#8221;82059&#8243; img_size=&#8221;full&#8221; alignment=&#8221;center&#8221;][vc_custom_heading text=&#8221;6m TerraStar&#8221; font_container=&#8221;tag:h2|text_align:left|color:%23ca1f26&#8243; use_theme_fonts=&#8221;yes&#8221; el_class=&#8221;style5&#8243; css=&#8221;.vc_custom_1699617123397{margin-top: -20px !important;margin-bottom: 10px !important;}&#8221; link=&#8221;url:https%3A%2F%2Fclaydondrill.com%2Fde%2Fproduct%2F6m-terrastar%2F|||&#8221;][thememove_button text=&#8221;MEHR LESEN&#8221; url=&#8221;https:\/\/claydondrill.com\/de\/product\/6m-terrastar\/&#8221; icon=&#8221;fa-arrow-right&#8221;][\/vc_column_inner][vc_column_inner width=&#8221;1\/2&#8243;][\/vc_column_inner][\/vc_row_inner][\/vc_column][\/vc_row]<\/p>\n<\/div>","protected":false},"excerpt":{"rendered":"<p>[vc_row el_class=&#8221;top_desc&#8221;][vc_column width=&#8221;1\/2&#8243;][vc_column_text]Der Claydon TerraStar ist eine leichte Spatenrollegge, die zur Erzeugung einer flachen Krume eingesetzt wird, um das Keimen<\/p>\n","protected":false},"author":1,"featured_media":0,"parent":0,"menu_order":0,"comment_status":"closed","ping_status":"closed","template":"","meta":{"inline_featured_image":false,"footnotes":""},"class_list":["post-93482","page","type-page","status-publish","hentry"],"yoast_head":"<!-- This site is optimized with the Yoast SEO plugin v27.1.1 - https:\/\/yoast.com\/product\/yoast-seo-wordpress\/ -->\n<title>TerraStar \u2013 Die Spatenrollegge f\u00fcr flache Bodenbearbeitung - Claydon Drill Seed<\/title>\n<meta name=\"robots\" content=\"index, follow, max-snippet:-1, max-image-preview:large, max-video-preview:-1\" \/>\n<link rel=\"canonical\" href=\"https:\/\/claydondrill.com\/de\/terrastar\/\" \/>\n<meta property=\"og:locale\" content=\"de_DE\" \/>\n<meta property=\"og:type\" content=\"article\" \/>\n<meta property=\"og:title\" content=\"TerraStar \u2013 Die Spatenrollegge f\u00fcr flache Bodenbearbeitung - Claydon Drill Seed\" \/>\n<meta property=\"og:description\" content=\"[vc_row el_class=&#8221;top_desc&#8221;][vc_column width=&#8221;1\/2&#8243;][vc_column_text]Der Claydon TerraStar ist eine leichte Spatenrollegge, die zur Erzeugung einer flachen Krume eingesetzt wird, um das Keimen\" \/>\n<meta property=\"og:url\" content=\"https:\/\/claydondrill.com\/de\/terrastar\/\" \/>\n<meta property=\"og:site_name\" content=\"Claydon Drill Seed\" \/>\n<meta property=\"article:modified_time\" content=\"2025-03-26T10:42:12+00:00\" \/>\n<meta name=\"twitter:card\" content=\"summary_large_image\" \/>\n<meta name=\"twitter:label1\" content=\"Gesch\u00e4tzte Lesezeit\" \/>\n\t<meta name=\"twitter:data1\" content=\"1\u00a0Minute\" \/>\n<script type=\"application\/ld+json\" class=\"yoast-schema-graph\">{\"@context\":\"https:\/\/schema.org\",\"@graph\":[{\"@type\":\"WebPage\",\"@id\":\"https:\/\/claydondrill.com\/de\/terrastar\/\",\"url\":\"https:\/\/claydondrill.com\/de\/terrastar\/\",\"name\":\"TerraStar \u2013 Die Spatenrollegge f\u00fcr flache Bodenbearbeitung - Claydon Drill Seed\",\"isPartOf\":{\"@id\":\"https:\/\/claydondrill.com\/de\/#website\"},\"datePublished\":\"2021-09-30T15:44:19+00:00\",\"dateModified\":\"2025-03-26T10:42:12+00:00\",\"breadcrumb\":{\"@id\":\"https:\/\/claydondrill.com\/de\/terrastar\/#breadcrumb\"},\"inLanguage\":\"de\",\"potentialAction\":[{\"@type\":\"ReadAction\",\"target\":[\"https:\/\/claydondrill.com\/de\/terrastar\/\"]}]},{\"@type\":\"BreadcrumbList\",\"@id\":\"https:\/\/claydondrill.com\/de\/terrastar\/#breadcrumb\",\"itemListElement\":[{\"@type\":\"ListItem\",\"position\":1,\"name\":\"Home\",\"item\":\"https:\/\/claydondrill.com\/de\/\"},{\"@type\":\"ListItem\",\"position\":2,\"name\":\"TerraStar \u2013 Die Spatenrollegge f\u00fcr flache Bodenbearbeitung\"}]},{\"@type\":\"WebSite\",\"@id\":\"https:\/\/claydondrill.com\/de\/#website\",\"url\":\"https:\/\/claydondrill.com\/de\/\",\"name\":\"Claydon Drill Seed\",\"description\":\"\",\"potentialAction\":[{\"@type\":\"SearchAction\",\"target\":{\"@type\":\"EntryPoint\",\"urlTemplate\":\"https:\/\/claydondrill.com\/de\/?s={search_term_string}\"},\"query-input\":{\"@type\":\"PropertyValueSpecification\",\"valueRequired\":true,\"valueName\":\"search_term_string\"}}],\"inLanguage\":\"de\"}]}<\/script>\n<!-- \/ Yoast SEO plugin. -->","yoast_head_json":{"title":"TerraStar \u2013 Die Spatenrollegge f\u00fcr flache Bodenbearbeitung - Claydon Drill Seed","robots":{"index":"index","follow":"follow","max-snippet":"max-snippet:-1","max-image-preview":"max-image-preview:large","max-video-preview":"max-video-preview:-1"},"canonical":"https:\/\/claydondrill.com\/de\/terrastar\/","og_locale":"de_DE","og_type":"article","og_title":"TerraStar \u2013 Die Spatenrollegge f\u00fcr flache Bodenbearbeitung - Claydon Drill Seed","og_description":"[vc_row el_class=&#8221;top_desc&#8221;][vc_column width=&#8221;1\/2&#8243;][vc_column_text]Der Claydon TerraStar ist eine leichte Spatenrollegge, die zur Erzeugung einer flachen Krume eingesetzt wird, um das Keimen","og_url":"https:\/\/claydondrill.com\/de\/terrastar\/","og_site_name":"Claydon Drill Seed","article_modified_time":"2025-03-26T10:42:12+00:00","twitter_card":"summary_large_image","twitter_misc":{"Gesch\u00e4tzte Lesezeit":"1\u00a0Minute"},"schema":{"@context":"https:\/\/schema.org","@graph":[{"@type":"WebPage","@id":"https:\/\/claydondrill.com\/de\/terrastar\/","url":"https:\/\/claydondrill.com\/de\/terrastar\/","name":"TerraStar \u2013 Die Spatenrollegge f\u00fcr flache Bodenbearbeitung - Claydon Drill Seed","isPartOf":{"@id":"https:\/\/claydondrill.com\/de\/#website"},"datePublished":"2021-09-30T15:44:19+00:00","dateModified":"2025-03-26T10:42:12+00:00","breadcrumb":{"@id":"https:\/\/claydondrill.com\/de\/terrastar\/#breadcrumb"},"inLanguage":"de","potentialAction":[{"@type":"ReadAction","target":["https:\/\/claydondrill.com\/de\/terrastar\/"]}]},{"@type":"BreadcrumbList","@id":"https:\/\/claydondrill.com\/de\/terrastar\/#breadcrumb","itemListElement":[{"@type":"ListItem","position":1,"name":"Home","item":"https:\/\/claydondrill.com\/de\/"},{"@type":"ListItem","position":2,"name":"TerraStar \u2013 Die Spatenrollegge f\u00fcr flache Bodenbearbeitung"}]},{"@type":"WebSite","@id":"https:\/\/claydondrill.com\/de\/#website","url":"https:\/\/claydondrill.com\/de\/","name":"Claydon Drill Seed","description":"","potentialAction":[{"@type":"SearchAction","target":{"@type":"EntryPoint","urlTemplate":"https:\/\/claydondrill.com\/de\/?s={search_term_string}"},"query-input":{"@type":"PropertyValueSpecification","valueRequired":true,"valueName":"search_term_string"}}],"inLanguage":"de"}]}},"_links":{"self":[{"href":"https:\/\/claydondrill.com\/de\/wp-json\/wp\/v2\/pages\/93482","targetHints":{"allow":["GET"]}}],"collection":[{"href":"https:\/\/claydondrill.com\/de\/wp-json\/wp\/v2\/pages"}],"about":[{"href":"https:\/\/claydondrill.com\/de\/wp-json\/wp\/v2\/types\/page"}],"author":[{"embeddable":true,"href":"https:\/\/claydondrill.com\/de\/wp-json\/wp\/v2\/users\/1"}],"replies":[{"embeddable":true,"href":"https:\/\/claydondrill.com\/de\/wp-json\/wp\/v2\/comments?post=93482"}],"version-history":[{"count":0,"href":"https:\/\/claydondrill.com\/de\/wp-json\/wp\/v2\/pages\/93482\/revisions"}],"wp:attachment":[{"href":"https:\/\/claydondrill.com\/de\/wp-json\/wp\/v2\/media?parent=93482"}],"curies":[{"name":"wp","href":"https:\/\/api.w.org\/{rel}","templated":true}]}}