{"id":93431,"date":"2020-08-21T12:03:44","date_gmt":"2020-08-21T12:03:44","guid":{"rendered":"https:\/\/claydondrill.com\/terrablade\/"},"modified":"2025-03-26T10:42:26","modified_gmt":"2025-03-26T10:42:26","slug":"terrablade","status":"publish","type":"page","link":"https:\/\/claydondrill.com\/de\/terrablade\/","title":{"rendered":"TerraBlade"},"content":{"rendered":"<div class=\"wpb-content-wrapper\"><p>[vc_row el_class=&#8221;top_desc&#8221;][vc_column width=&#8221;1\/2&#8243;][vc_column_text]Die TerraBlade-Zwischenreihen-Hacke ist eine kosteng\u00fcnstige mechanische Variante der Unkrautbek\u00e4mpfung in Bandsaatkulturen. Indem die Zwischenr\u00e4ume in den fr\u00fchen Stadien unkrautfrei bleiben, erh\u00e4lt die Kultur einen bedeutenden Vorsprung im Wettbewerb um N\u00e4hrstoffe, Licht, Luft und Wasser. Dadurch kann sich die junge Pflanze sicher etablieren und gesund heranwachsen.<\/p>\n<p>Die manuell gesteuerte TerraBlade bietet das Potenzial, die Ertr\u00e4ge zu steigern, den Unkrautdruck drastisch zu senken und das Risiko von Resistenzen stark zu verringern.\u00a0 Obwohl f\u00fcr das Claydon Opti-Till\u00ae-System entwickelt, kann die Zwischenreihen-Hackmaschine auf allen Bandsaatkulturen eingesetzt werden.[\/vc_column_text][\/vc_column][vc_column width=&#8221;1\/2&#8243; el_class=&#8221;frtlizer&#8221;][vc_single_image image=&#8221;82085&#8243; img_size=&#8221;full&#8221;][\/vc_column][\/vc_row][vc_row full_width=&#8221;stretch_row&#8221; css=&#8221;.vc_custom_1595581583637{margin-top: 0px !important;margin-right: 0px !important;margin-bottom: 0px !important;margin-left: 0px !important;padding-top: 75px !important;padding-bottom: 0px !important;}&#8221; el_class=&#8221;services2 home_cat&#8221;][vc_column css=&#8221;.vc_custom_1460369393337{padding-top: 0px !important;padding-bottom: 0px !important;}&#8221;][vc_row_inner el_class=&#8221;product_sec cat_list&#8221;][vc_column_inner width=&#8221;1\/3&#8243;][vc_single_image image=&#8221;84571&#8243; img_size=&#8221;full&#8221; alignment=&#8221;center&#8221; onclick=&#8221;custom_link&#8221; link=&#8221;https:\/\/claydondrill.com\/de\/product\/3m-terrablade\/&#8221;][vc_custom_heading text=&#8221;3m TerraBlade&#8221; font_container=&#8221;tag:h2|text_align:left|color:%23ca1f26&#8243; use_theme_fonts=&#8221;yes&#8221; el_class=&#8221;style5&#8243; css=&#8221;.vc_custom_1633009171465{margin-top: -20px !important;margin-bottom: 10px !important;}&#8221; link=&#8221;url:https%3A%2F%2Fclaydondrill.com%2Fde%2Fproduct%2F3m-terrablade%2F|||&#8221;][thememove_button text=&#8221;MEHR LESEN&#8221; url=&#8221;https:\/\/claydondrill.com\/de\/product\/3m-terrablade\/&#8221; icon=&#8221;fa-arrow-right&#8221;][\/vc_column_inner][vc_column_inner width=&#8221;1\/3&#8243;][vc_single_image image=&#8221;83769&#8243; img_size=&#8221;full&#8221; alignment=&#8221;center&#8221; onclick=&#8221;custom_link&#8221; link=&#8221;https:\/\/claydondrill.com\/de\/product\/4m-terrablade\/&#8221;][vc_custom_heading text=&#8221;4m TerraBlade&#8221; font_container=&#8221;tag:h2|text_align:left|color:%23ca1f26&#8243; use_theme_fonts=&#8221;yes&#8221; el_class=&#8221;style5&#8243; css=&#8221;.vc_custom_1633009395444{margin-top: -20px !important;margin-bottom: 10px !important;}&#8221; link=&#8221;url:https%3A%2F%2Fclaydondrill.com%2Fde%2Fproduct%2F4m-terrablade%2F|||&#8221;][thememove_button text=&#8221;MEHR LESEN&#8221; url=&#8221;https:\/\/claydondrill.com\/de\/product\/4m-terrablade\/&#8221; icon=&#8221;fa-arrow-right&#8221;][\/vc_column_inner][vc_column_inner width=&#8221;1\/3&#8243;][vc_single_image image=&#8221;83766&#8243; img_size=&#8221;full&#8221; alignment=&#8221;center&#8221; onclick=&#8221;custom_link&#8221; link=&#8221;https:\/\/claydondrill.com\/de\/product\/4-8m-terrablade\/&#8221;][vc_custom_heading text=&#8221;4,8m TerraBlade&#8221; font_container=&#8221;tag:h2|text_align:left|color:%23ca1f26&#8243; use_theme_fonts=&#8221;yes&#8221; el_class=&#8221;style5&#8243; css=&#8221;.vc_custom_1633009443724{margin-top: -20px !important;margin-bottom: 10px !important;}&#8221; link=&#8221;url:https%3A%2F%2Fclaydondrill.com%2Fde%2Fproduct%2F4-8m-terrablade%2F|||&#8221;][thememove_button text=&#8221;MEHR LESEN&#8221; url=&#8221;https:\/\/claydondrill.com\/de\/product\/4-8m-terrablade\/&#8221; icon=&#8221;fa-arrow-right&#8221;][\/vc_column_inner][\/vc_row_inner][vc_row_inner el_class=&#8221;product_sec cat_list&#8221;][vc_column_inner width=&#8221;1\/3&#8243;][vc_single_image image=&#8221;83774&#8243; img_size=&#8221;full&#8221; alignment=&#8221;center&#8221; onclick=&#8221;custom_link&#8221; link=&#8221;https:\/\/claydondrill.com\/de\/product\/6m-terrablade\/&#8221;][vc_custom_heading text=&#8221;6m TerraBlade&#8221; font_container=&#8221;tag:h2|text_align:left|color:%23ca1f26&#8243; use_theme_fonts=&#8221;yes&#8221; el_class=&#8221;style5&#8243; css=&#8221;.vc_custom_1633009486382{margin-top: -20px !important;margin-bottom: 10px !important;}&#8221; link=&#8221;url:https%3A%2F%2Fclaydondrill.com%2Fde%2Fproduct%2F6m-terrablade%2F|||&#8221;][thememove_button text=&#8221;MEHR LESEN&#8221; url=&#8221;https:\/\/claydondrill.com\/de\/product\/6m-terrablade\/&#8221; icon=&#8221;fa-arrow-right&#8221;][\/vc_column_inner][vc_column_inner width=&#8221;1\/3&#8243;][vc_single_image image=&#8221;82584&#8243; img_size=&#8221;full&#8221; alignment=&#8221;center&#8221; onclick=&#8221;custom_link&#8221; link=&#8221;https:\/\/claydondrill.com\/de\/product\/8m-terrablade\/&#8221;][vc_custom_heading text=&#8221;8m TerraBlade&#8221; font_container=&#8221;tag:h2|text_align:left|color:%23ca1f26&#8243; use_theme_fonts=&#8221;yes&#8221; el_class=&#8221;style5&#8243; css=&#8221;.vc_custom_1633009523492{margin-top: -20px !important;margin-bottom: 10px !important;}&#8221; link=&#8221;url:https%3A%2F%2Fclaydondrill.com%2Fde%2Fproduct%2F8m-terrablade%2F|||&#8221;][thememove_button text=&#8221;MEHR LESEN&#8221; url=&#8221;https:\/\/claydondrill.com\/de\/product\/8m-terrablade\/&#8221; icon=&#8221;fa-arrow-right&#8221;][\/vc_column_inner][vc_column_inner width=&#8221;1\/3&#8243;][\/vc_column_inner][\/vc_row_inner][\/vc_column][\/vc_row]<\/p>\n<\/div>","protected":false},"excerpt":{"rendered":"<p>[vc_row el_class=&#8221;top_desc&#8221;][vc_column width=&#8221;1\/2&#8243;][vc_column_text]Die TerraBlade-Zwischenreihen-Hacke ist eine kosteng\u00fcnstige mechanische Variante der Unkrautbek\u00e4mpfung in Bandsaatkulturen. Indem die Zwischenr\u00e4ume in den fr\u00fchen Stadien<\/p>\n","protected":false},"author":1,"featured_media":0,"parent":0,"menu_order":0,"comment_status":"closed","ping_status":"closed","template":"","meta":{"inline_featured_image":false,"footnotes":""},"class_list":["post-93431","page","type-page","status-publish","hentry"],"yoast_head":"<!-- This site is optimized with the Yoast SEO plugin v27.1.1 - https:\/\/yoast.com\/product\/yoast-seo-wordpress\/ -->\n<title>Terraklinge | Zwischenreihengrubber | Claydon<\/title>\n<meta name=\"description\" content=\"The TerraBlade inter-row hoe is a low-cost, mechanical method of controlling weeds in combinable band-sown crops. Read out more about interrow cultivators.\" \/>\n<meta name=\"robots\" content=\"index, follow, max-snippet:-1, max-image-preview:large, max-video-preview:-1\" \/>\n<link rel=\"canonical\" href=\"https:\/\/claydondrill.com\/de\/terrablade\/\" \/>\n<meta property=\"og:locale\" content=\"de_DE\" \/>\n<meta property=\"og:type\" content=\"article\" \/>\n<meta property=\"og:title\" content=\"Terraklinge | Zwischenreihengrubber | Claydon\" \/>\n<meta property=\"og:description\" content=\"The TerraBlade inter-row hoe is a low-cost, mechanical method of controlling weeds in combinable band-sown crops. Read out more about interrow cultivators.\" \/>\n<meta property=\"og:url\" content=\"https:\/\/claydondrill.com\/de\/terrablade\/\" \/>\n<meta property=\"og:site_name\" content=\"Claydon Drill Seed\" \/>\n<meta property=\"article:modified_time\" content=\"2025-03-26T10:42:26+00:00\" \/>\n<meta name=\"twitter:card\" content=\"summary_large_image\" \/>\n<meta name=\"twitter:label1\" content=\"Gesch\u00e4tzte Lesezeit\" \/>\n\t<meta name=\"twitter:data1\" content=\"1\u00a0Minute\" \/>\n<script type=\"application\/ld+json\" class=\"yoast-schema-graph\">{\"@context\":\"https:\/\/schema.org\",\"@graph\":[{\"@type\":\"WebPage\",\"@id\":\"https:\/\/claydondrill.com\/de\/terrablade\/\",\"url\":\"https:\/\/claydondrill.com\/de\/terrablade\/\",\"name\":\"Terraklinge | Zwischenreihengrubber | Claydon\",\"isPartOf\":{\"@id\":\"https:\/\/claydondrill.com\/de\/#website\"},\"datePublished\":\"2020-08-21T12:03:44+00:00\",\"dateModified\":\"2025-03-26T10:42:26+00:00\",\"description\":\"The TerraBlade inter-row hoe is a low-cost, mechanical method of controlling weeds in combinable band-sown crops. Read out more about interrow cultivators.\",\"breadcrumb\":{\"@id\":\"https:\/\/claydondrill.com\/de\/terrablade\/#breadcrumb\"},\"inLanguage\":\"de\",\"potentialAction\":[{\"@type\":\"ReadAction\",\"target\":[\"https:\/\/claydondrill.com\/de\/terrablade\/\"]}]},{\"@type\":\"BreadcrumbList\",\"@id\":\"https:\/\/claydondrill.com\/de\/terrablade\/#breadcrumb\",\"itemListElement\":[{\"@type\":\"ListItem\",\"position\":1,\"name\":\"Home\",\"item\":\"https:\/\/claydondrill.com\/de\/\"},{\"@type\":\"ListItem\",\"position\":2,\"name\":\"TerraBlade\"}]},{\"@type\":\"WebSite\",\"@id\":\"https:\/\/claydondrill.com\/de\/#website\",\"url\":\"https:\/\/claydondrill.com\/de\/\",\"name\":\"Claydon Drill Seed\",\"description\":\"\",\"potentialAction\":[{\"@type\":\"SearchAction\",\"target\":{\"@type\":\"EntryPoint\",\"urlTemplate\":\"https:\/\/claydondrill.com\/de\/?s={search_term_string}\"},\"query-input\":{\"@type\":\"PropertyValueSpecification\",\"valueRequired\":true,\"valueName\":\"search_term_string\"}}],\"inLanguage\":\"de\"}]}<\/script>\n<!-- \/ Yoast SEO plugin. -->","yoast_head_json":{"title":"Terraklinge | Zwischenreihengrubber | Claydon","description":"The TerraBlade inter-row hoe is a low-cost, mechanical method of controlling weeds in combinable band-sown crops. Read out more about interrow cultivators.","robots":{"index":"index","follow":"follow","max-snippet":"max-snippet:-1","max-image-preview":"max-image-preview:large","max-video-preview":"max-video-preview:-1"},"canonical":"https:\/\/claydondrill.com\/de\/terrablade\/","og_locale":"de_DE","og_type":"article","og_title":"Terraklinge | Zwischenreihengrubber | Claydon","og_description":"The TerraBlade inter-row hoe is a low-cost, mechanical method of controlling weeds in combinable band-sown crops. Read out more about interrow cultivators.","og_url":"https:\/\/claydondrill.com\/de\/terrablade\/","og_site_name":"Claydon Drill Seed","article_modified_time":"2025-03-26T10:42:26+00:00","twitter_card":"summary_large_image","twitter_misc":{"Gesch\u00e4tzte Lesezeit":"1\u00a0Minute"},"schema":{"@context":"https:\/\/schema.org","@graph":[{"@type":"WebPage","@id":"https:\/\/claydondrill.com\/de\/terrablade\/","url":"https:\/\/claydondrill.com\/de\/terrablade\/","name":"Terraklinge | Zwischenreihengrubber | Claydon","isPartOf":{"@id":"https:\/\/claydondrill.com\/de\/#website"},"datePublished":"2020-08-21T12:03:44+00:00","dateModified":"2025-03-26T10:42:26+00:00","description":"The TerraBlade inter-row hoe is a low-cost, mechanical method of controlling weeds in combinable band-sown crops. Read out more about interrow cultivators.","breadcrumb":{"@id":"https:\/\/claydondrill.com\/de\/terrablade\/#breadcrumb"},"inLanguage":"de","potentialAction":[{"@type":"ReadAction","target":["https:\/\/claydondrill.com\/de\/terrablade\/"]}]},{"@type":"BreadcrumbList","@id":"https:\/\/claydondrill.com\/de\/terrablade\/#breadcrumb","itemListElement":[{"@type":"ListItem","position":1,"name":"Home","item":"https:\/\/claydondrill.com\/de\/"},{"@type":"ListItem","position":2,"name":"TerraBlade"}]},{"@type":"WebSite","@id":"https:\/\/claydondrill.com\/de\/#website","url":"https:\/\/claydondrill.com\/de\/","name":"Claydon Drill Seed","description":"","potentialAction":[{"@type":"SearchAction","target":{"@type":"EntryPoint","urlTemplate":"https:\/\/claydondrill.com\/de\/?s={search_term_string}"},"query-input":{"@type":"PropertyValueSpecification","valueRequired":true,"valueName":"search_term_string"}}],"inLanguage":"de"}]}},"_links":{"self":[{"href":"https:\/\/claydondrill.com\/de\/wp-json\/wp\/v2\/pages\/93431","targetHints":{"allow":["GET"]}}],"collection":[{"href":"https:\/\/claydondrill.com\/de\/wp-json\/wp\/v2\/pages"}],"about":[{"href":"https:\/\/claydondrill.com\/de\/wp-json\/wp\/v2\/types\/page"}],"author":[{"embeddable":true,"href":"https:\/\/claydondrill.com\/de\/wp-json\/wp\/v2\/users\/1"}],"replies":[{"embeddable":true,"href":"https:\/\/claydondrill.com\/de\/wp-json\/wp\/v2\/comments?post=93431"}],"version-history":[{"count":0,"href":"https:\/\/claydondrill.com\/de\/wp-json\/wp\/v2\/pages\/93431\/revisions"}],"wp:attachment":[{"href":"https:\/\/claydondrill.com\/de\/wp-json\/wp\/v2\/media?parent=93431"}],"curies":[{"name":"wp","href":"https:\/\/api.w.org\/{rel}","templated":true}]}}