{"id":93354,"date":"2020-08-25T06:54:10","date_gmt":"2020-08-25T06:54:10","guid":{"rendered":"https:\/\/claydondrill.com\/rolls\/"},"modified":"2022-03-24T08:16:39","modified_gmt":"2022-03-24T08:16:39","slug":"cambridge-walze","status":"publish","type":"page","link":"https:\/\/claydondrill.com\/de\/cambridge-walzen\/","title":{"rendered":"Cambridge-Walzen"},"content":{"rendered":"<div class=\"wpb-content-wrapper\"><p>[vc_row el_class=&#8221;top_desc&#8221;][vc_column width=&#8221;1\/2&#8243; el_class=&#8221;top_desc&#8221;][vc_custom_heading text=&#8221;CAMBRIDGE-WALZEN&#8221; use_theme_fonts=&#8221;yes&#8221;][vc_column_text]F\u00fcr den effektiven Pflanzenbau ist die gr\u00fcndliche Bodenr\u00fcckverfestigung um die Aussaatzone ein sehr wichtiger Faktor.<\/p>\n<p>Die Bearbeitung mit einer schweren Cambridge-Walze zum richtigen Zeitpunkt verbessert den Bodenschluss und hilft dabei, Feuchtigkeit zu speichern, die Erosion zu verringern, die Wirksamkeit von Pflanzenschutzmitteln zu verbessern und die Schneckenaktivit\u00e4t zu verringern.<\/p>\n<p>Claydon Cambridge-Walzen sind in den Gr\u00f6\u00dfen 6,3, 8,3 und 12,3 m erh\u00e4ltlich, lassen sich leicht einrichten und sind sehr wendig. Sie erm\u00f6glichen es den Landwirten, nach der Streifensaat effektiv zu walzen, um den Pflanzen die besten Voraussetzungen f\u00fcr ein gutes Wachstum zu bieten.[\/vc_column_text][\/vc_column][vc_column width=&#8221;1\/2&#8243; el_class=&#8221;frtlizer&#8221;][vc_single_image image=&#8221;82608&#8243; img_size=&#8221;full&#8221;][\/vc_column][\/vc_row][vc_row full_width=&#8221;stretch_row&#8221; css=&#8221;.vc_custom_1595581583637{margin-top: 0px !important;margin-right: 0px !important;margin-bottom: 0px !important;margin-left: 0px !important;padding-top: 75px !important;padding-bottom: 0px !important;}&#8221; el_class=&#8221;services2 home_cat&#8221;][vc_column css=&#8221;.vc_custom_1460369393337{padding-top: 0px !important;padding-bottom: 0px !important;}&#8221;][vc_row_inner el_class=&#8221;product_sec cat_list&#8221;][vc_column_inner width=&#8221;1\/2&#8243;][vc_single_image image=&#8221;82612&#8243; img_size=&#8221;full&#8221; alignment=&#8221;center&#8221; onclick=&#8221;custom_link&#8221; link=&#8221;https:\/\/claydondrill.com\/de\/product\/63-m-walzen\/&#8221;][vc_custom_heading text=&#8221;6.3m&#8221; font_container=&#8221;tag:h2|text_align:left|color:%23ca1f26&#8243; use_theme_fonts=&#8221;yes&#8221; el_class=&#8221;style5&#8243; css=&#8221;.vc_custom_1630589016625{margin-top: -20px !important;margin-bottom: 10px !important;}&#8221; link=&#8221;url:https%3A%2F%2Fclaydondrill.com%2Fde%2Fproduct%2F63-m-walzen%2F|||&#8221;][thememove_button text=&#8221;READ MORE&#8221; url=&#8221;https:\/\/claydondrill.com\/de\/product\/63-m-walzen\/&#8221; icon=&#8221;fa-arrow-right&#8221;][\/vc_column_inner][vc_column_inner width=&#8221;1\/2&#8243;][vc_single_image image=&#8221;82613&#8243; img_size=&#8221;full&#8221; alignment=&#8221;center&#8221; onclick=&#8221;custom_link&#8221; link=&#8221;https:\/\/claydondrill.com\/de\/product\/83-m-walzen\/&#8221;][vc_custom_heading text=&#8221;8.3m&#8221; font_container=&#8221;tag:h2|text_align:left|color:%23ca1f26&#8243; use_theme_fonts=&#8221;yes&#8221; el_class=&#8221;style5&#8243; css=&#8221;.vc_custom_1630589044111{margin-top: -20px !important;margin-bottom: 10px !important;}&#8221; link=&#8221;url:https%3A%2F%2Fclaydondrill.com%2Fde%2Fproduct%2F83-m-walzen%2F|||&#8221;][thememove_button text=&#8221;READ MORE&#8221; url=&#8221;https:\/\/claydondrill.com\/de\/product\/83-m-walzen\/&#8221; icon=&#8221;fa-arrow-right&#8221;][\/vc_column_inner][\/vc_row_inner][vc_row_inner el_class=&#8221;product_sec cat_list&#8221;][vc_column_inner width=&#8221;1\/2&#8243;][vc_single_image image=&#8221;82610&#8243; img_size=&#8221;full&#8221; alignment=&#8221;center&#8221; onclick=&#8221;custom_link&#8221; link=&#8221;https:\/\/claydondrill.com\/de\/product\/123-m-walzen\/&#8221;][vc_custom_heading text=&#8221;12.3m&#8221; font_container=&#8221;tag:h2|text_align:left|color:%23ca1f26&#8243; use_theme_fonts=&#8221;yes&#8221; el_class=&#8221;style5&#8243; css=&#8221;.vc_custom_1630589074215{margin-top: -20px !important;margin-bottom: 10px !important;}&#8221; link=&#8221;url:https%3A%2F%2Fclaydondrill.com%2Fde%2Fproduct%2F123-m-walzen%2F|||&#8221;][thememove_button text=&#8221;READ MORE&#8221; url=&#8221;https:\/\/claydondrill.com\/de\/product\/123-m-walzen\/&#8221; icon=&#8221;fa-arrow-right&#8221;][\/vc_column_inner][vc_column_inner width=&#8221;1\/2&#8243;][\/vc_column_inner][\/vc_row_inner][\/vc_column][\/vc_row]<\/p>\n<\/div>","protected":false},"excerpt":{"rendered":"<p>[vc_row el_class=&#8221;top_desc&#8221;][vc_column width=&#8221;1\/2&#8243; el_class=&#8221;top_desc&#8221;][vc_custom_heading text=&#8221;CAMBRIDGE-WALZEN&#8221; use_theme_fonts=&#8221;yes&#8221;][vc_column_text]F\u00fcr den effektiven Pflanzenbau ist die gr\u00fcndliche Bodenr\u00fcckverfestigung um die Aussaatzone ein sehr wichtiger Faktor.<\/p>\n","protected":false},"author":1,"featured_media":0,"parent":0,"menu_order":0,"comment_status":"closed","ping_status":"closed","template":"","meta":{"inline_featured_image":false,"footnotes":""},"class_list":["post-93354","page","type-page","status-publish","hentry"],"yoast_head":"<!-- This site is optimized with the Yoast SEO plugin v27.1.1 - https:\/\/yoast.com\/product\/yoast-seo-wordpress\/ -->\n<title>Cambridge Walzen | Cambridge Rolls zu verkaufen | Claydon<\/title>\n<meta name=\"description\" content=\"Do you want to have a successful crop establishment and complete soil consolidation? Check out Claydon&#039;s Cambridge Rolls. Learn more.\" \/>\n<meta name=\"robots\" content=\"index, follow, max-snippet:-1, max-image-preview:large, max-video-preview:-1\" \/>\n<link rel=\"canonical\" href=\"https:\/\/claydondrill.com\/de\/cambridge-walzen\/\" \/>\n<meta property=\"og:locale\" content=\"de_DE\" \/>\n<meta property=\"og:type\" content=\"article\" \/>\n<meta property=\"og:title\" content=\"Cambridge Walzen | Cambridge Rolls zu verkaufen | Claydon\" \/>\n<meta property=\"og:description\" content=\"Do you want to have a successful crop establishment and complete soil consolidation? Check out Claydon&#039;s Cambridge Rolls. Learn more.\" \/>\n<meta property=\"og:url\" content=\"https:\/\/claydondrill.com\/de\/cambridge-walzen\/\" \/>\n<meta property=\"og:site_name\" content=\"Claydon Drill Seed\" \/>\n<meta property=\"article:modified_time\" content=\"2022-03-24T08:16:39+00:00\" \/>\n<meta name=\"twitter:card\" content=\"summary_large_image\" \/>\n<meta name=\"twitter:label1\" content=\"Gesch\u00e4tzte Lesezeit\" \/>\n\t<meta name=\"twitter:data1\" content=\"1\u00a0Minute\" \/>\n<script type=\"application\/ld+json\" class=\"yoast-schema-graph\">{\"@context\":\"https:\/\/schema.org\",\"@graph\":[{\"@type\":\"WebPage\",\"@id\":\"https:\/\/claydondrill.com\/de\/cambridge-walzen\/\",\"url\":\"https:\/\/claydondrill.com\/de\/cambridge-walzen\/\",\"name\":\"Cambridge Walzen | Cambridge Rolls zu verkaufen | Claydon\",\"isPartOf\":{\"@id\":\"https:\/\/claydondrill.com\/de\/#website\"},\"datePublished\":\"2020-08-25T06:54:10+00:00\",\"dateModified\":\"2022-03-24T08:16:39+00:00\",\"description\":\"Do you want to have a successful crop establishment and complete soil consolidation? Check out Claydon's Cambridge Rolls. Learn more.\",\"breadcrumb\":{\"@id\":\"https:\/\/claydondrill.com\/de\/cambridge-walzen\/#breadcrumb\"},\"inLanguage\":\"de\",\"potentialAction\":[{\"@type\":\"ReadAction\",\"target\":[\"https:\/\/claydondrill.com\/de\/cambridge-walzen\/\"]}]},{\"@type\":\"BreadcrumbList\",\"@id\":\"https:\/\/claydondrill.com\/de\/cambridge-walzen\/#breadcrumb\",\"itemListElement\":[{\"@type\":\"ListItem\",\"position\":1,\"name\":\"Home\",\"item\":\"https:\/\/claydondrill.com\/de\/\"},{\"@type\":\"ListItem\",\"position\":2,\"name\":\"Cambridge-Walzen\"}]},{\"@type\":\"WebSite\",\"@id\":\"https:\/\/claydondrill.com\/de\/#website\",\"url\":\"https:\/\/claydondrill.com\/de\/\",\"name\":\"Claydon Drill Seed\",\"description\":\"\",\"potentialAction\":[{\"@type\":\"SearchAction\",\"target\":{\"@type\":\"EntryPoint\",\"urlTemplate\":\"https:\/\/claydondrill.com\/de\/?s={search_term_string}\"},\"query-input\":{\"@type\":\"PropertyValueSpecification\",\"valueRequired\":true,\"valueName\":\"search_term_string\"}}],\"inLanguage\":\"de\"}]}<\/script>\n<!-- \/ Yoast SEO plugin. -->","yoast_head_json":{"title":"Cambridge Walzen | Cambridge Rolls zu verkaufen | Claydon","description":"Do you want to have a successful crop establishment and complete soil consolidation? Check out Claydon's Cambridge Rolls. Learn more.","robots":{"index":"index","follow":"follow","max-snippet":"max-snippet:-1","max-image-preview":"max-image-preview:large","max-video-preview":"max-video-preview:-1"},"canonical":"https:\/\/claydondrill.com\/de\/cambridge-walzen\/","og_locale":"de_DE","og_type":"article","og_title":"Cambridge Walzen | Cambridge Rolls zu verkaufen | Claydon","og_description":"Do you want to have a successful crop establishment and complete soil consolidation? Check out Claydon's Cambridge Rolls. Learn more.","og_url":"https:\/\/claydondrill.com\/de\/cambridge-walzen\/","og_site_name":"Claydon Drill Seed","article_modified_time":"2022-03-24T08:16:39+00:00","twitter_card":"summary_large_image","twitter_misc":{"Gesch\u00e4tzte Lesezeit":"1\u00a0Minute"},"schema":{"@context":"https:\/\/schema.org","@graph":[{"@type":"WebPage","@id":"https:\/\/claydondrill.com\/de\/cambridge-walzen\/","url":"https:\/\/claydondrill.com\/de\/cambridge-walzen\/","name":"Cambridge Walzen | Cambridge Rolls zu verkaufen | Claydon","isPartOf":{"@id":"https:\/\/claydondrill.com\/de\/#website"},"datePublished":"2020-08-25T06:54:10+00:00","dateModified":"2022-03-24T08:16:39+00:00","description":"Do you want to have a successful crop establishment and complete soil consolidation? Check out Claydon's Cambridge Rolls. Learn more.","breadcrumb":{"@id":"https:\/\/claydondrill.com\/de\/cambridge-walzen\/#breadcrumb"},"inLanguage":"de","potentialAction":[{"@type":"ReadAction","target":["https:\/\/claydondrill.com\/de\/cambridge-walzen\/"]}]},{"@type":"BreadcrumbList","@id":"https:\/\/claydondrill.com\/de\/cambridge-walzen\/#breadcrumb","itemListElement":[{"@type":"ListItem","position":1,"name":"Home","item":"https:\/\/claydondrill.com\/de\/"},{"@type":"ListItem","position":2,"name":"Cambridge-Walzen"}]},{"@type":"WebSite","@id":"https:\/\/claydondrill.com\/de\/#website","url":"https:\/\/claydondrill.com\/de\/","name":"Claydon Drill Seed","description":"","potentialAction":[{"@type":"SearchAction","target":{"@type":"EntryPoint","urlTemplate":"https:\/\/claydondrill.com\/de\/?s={search_term_string}"},"query-input":{"@type":"PropertyValueSpecification","valueRequired":true,"valueName":"search_term_string"}}],"inLanguage":"de"}]}},"_links":{"self":[{"href":"https:\/\/claydondrill.com\/de\/wp-json\/wp\/v2\/pages\/93354","targetHints":{"allow":["GET"]}}],"collection":[{"href":"https:\/\/claydondrill.com\/de\/wp-json\/wp\/v2\/pages"}],"about":[{"href":"https:\/\/claydondrill.com\/de\/wp-json\/wp\/v2\/types\/page"}],"author":[{"embeddable":true,"href":"https:\/\/claydondrill.com\/de\/wp-json\/wp\/v2\/users\/1"}],"replies":[{"embeddable":true,"href":"https:\/\/claydondrill.com\/de\/wp-json\/wp\/v2\/comments?post=93354"}],"version-history":[{"count":0,"href":"https:\/\/claydondrill.com\/de\/wp-json\/wp\/v2\/pages\/93354\/revisions"}],"wp:attachment":[{"href":"https:\/\/claydondrill.com\/de\/wp-json\/wp\/v2\/media?parent=93354"}],"curies":[{"name":"wp","href":"https:\/\/api.w.org\/{rel}","templated":true}]}}