{"id":93336,"date":"2020-08-21T12:04:53","date_gmt":"2020-08-21T12:04:53","guid":{"rendered":"https:\/\/claydondrill.com\/straw-harrow\/"},"modified":"2025-03-26T10:41:41","modified_gmt":"2025-03-26T10:41:41","slug":"strohstriegel","status":"publish","type":"page","link":"https:\/\/claydondrill.com\/de\/strohstriegel\/","title":{"rendered":"Straw Harrow \u2013 Strohstriegel f\u00fcr effektives Stoppelmanagement"},"content":{"rendered":"<div class=\"wpb-content-wrapper\"><p>[vc_row el_class=&#8221;top_desc&#8221;][vc_column width=&#8221;1\/2&#8243; el_class=&#8221;top_desc&#8221;][vc_column_text]Die Claydon-Strohstriegel erzeugen eine Mikrokrume innerhalb der oberen 30 mm Bodenfl\u00e4che und nutzen die im Boden enthaltene Feuchtigkeit f\u00fcr eine schnelle, gleichm\u00e4\u00dfige Keimung von Unkrautsamen.\u00a0Die Strohstriegel rechen Unkraut heraus und vernichten es im Keimblattstadium was den Schnecken die Nahrungsquelle entzieht. Dar\u00fcber hinaus tragen sie zur Verringerung der Schneckenpopulation bei, indem sie ihre Nester aufbrechen und feuchte Spreu und Stroh in der Sonne durchmischen, was zum Austrocknen der Eier f\u00fchrt.<\/p>\n<p>Die robusten Claydon Strohstriegel wurden f\u00fcr schnelles Arbeiten und maximale Wirkung entwickelt. Bei Geschwindigkeiten von bis zu 25 km\/h brechen sie die Strohstruktur auf und sorgen f\u00fcr eine schnellere Zersetzung. Die Striegel eignen sich ebenfalls zum Einebnen des Bodens und zum Erstellen einer feinen Krume vor oder nach einer Bodenbearbeitung.[\/vc_column_text][\/vc_column][vc_column width=&#8221;1\/2&#8243; el_class=&#8221;frtlizer&#8221;][vc_single_image image=&#8221;82027&#8243; img_size=&#8221;full&#8221;][\/vc_column][\/vc_row][vc_row full_width=&#8221;stretch_row&#8221; css=&#8221;.vc_custom_1595581583637{margin-top: 0px !important;margin-right: 0px !important;margin-bottom: 0px !important;margin-left: 0px !important;padding-top: 75px !important;padding-bottom: 0px !important;}&#8221; el_class=&#8221;services2 home_cat&#8221;][vc_column css=&#8221;.vc_custom_1460369393337{padding-top: 0px !important;padding-bottom: 0px !important;}&#8221;][vc_row_inner el_class=&#8221;product_sec cat_list&#8221;][vc_column_inner width=&#8221;1\/2&#8243;][vc_single_image image=&#8221;82031&#8243; img_size=&#8221;full&#8221; alignment=&#8221;center&#8221; onclick=&#8221;custom_link&#8221; link=&#8221;https:\/\/claydondrill.com\/de\/3m-strohstriegel\/&#8221;][vc_custom_heading text=&#8221;3m-Anbau&#8221; font_container=&#8221;tag:h2|text_align:left|color:%23ca1f26&#8243; use_theme_fonts=&#8221;yes&#8221; el_class=&#8221;style5&#8243; css=&#8221;.vc_custom_1630421165304{margin-top: -20px !important;margin-bottom: 10px !important;}&#8221; link=&#8221;url:https%3A%2F%2Fclaydondrill.com%2Fde%2F3m-strohstriegel%2F|||&#8221;][thememove_button text=&#8221;READ MORE&#8221; url=&#8221;https:\/\/claydondrill.com\/de\/3m-strohstriegel\/&#8221; icon=&#8221;fa-arrow-right&#8221;][\/vc_column_inner][vc_column_inner width=&#8221;1\/2&#8243;][vc_single_image image=&#8221;82034&#8243; img_size=&#8221;full&#8221; alignment=&#8221;center&#8221; onclick=&#8221;custom_link&#8221; link=&#8221;https:\/\/claydondrill.com\/de\/75m-strohstriegel\/&#8221;][vc_custom_heading text=&#8221;7,5m-Anbau&#8221; font_container=&#8221;tag:h2|text_align:left|color:%23ca1f26&#8243; use_theme_fonts=&#8221;yes&#8221; el_class=&#8221;style5&#8243; css=&#8221;.vc_custom_1630584969863{margin-top: -20px !important;margin-bottom: 10px !important;}&#8221; link=&#8221;url:https%3A%2F%2Fclaydondrill.com%2Fde%2F75m-strohstriegel%2F|||&#8221;][thememove_button text=&#8221;READ MORE&#8221; url=&#8221;https:\/\/claydondrill.com\/de\/75m-strohstriegel\/&#8221; icon=&#8221;fa-arrow-right&#8221;][\/vc_column_inner][\/vc_row_inner][vc_row_inner el_class=&#8221;product_sec cat_list&#8221;][vc_column_inner width=&#8221;1\/2&#8243;][vc_single_image image=&#8221;100413&#8243; img_size=&#8221;full&#8221; alignment=&#8221;center&#8221; onclick=&#8221;custom_link&#8221; link=&#8221;https:\/\/claydondrill.com\/de\/9m-strohstriegel\/&#8221;][vc_custom_heading text=&#8221;9m-Anbau&#8221; font_container=&#8221;tag:h2|text_align:left|color:%23ca1f26&#8243; use_theme_fonts=&#8221;yes&#8221; el_class=&#8221;style5&#8243; css=&#8221;.vc_custom_1660913674457{margin-top: -20px !important;margin-bottom: 10px !important;}&#8221; link=&#8221;url:https%3A%2F%2Fclaydondrill.com%2Fde%2F9m-strohstriegel%2F|||&#8221;][thememove_button text=&#8221;READ MORE&#8221; url=&#8221;https:\/\/claydondrill.com\/de\/9m-strohstriegel\/&#8221; icon=&#8221;fa-arrow-right&#8221;][\/vc_column_inner][\/vc_row_inner][vc_row_inner el_class=&#8221;product_sec cat_list&#8221;][vc_column_inner width=&#8221;1\/2&#8243;][vc_single_image image=&#8221;82037&#8243; img_size=&#8221;full&#8221; alignment=&#8221;center&#8221; onclick=&#8221;custom_link&#8221; link=&#8221;https:\/\/claydondrill.com\/de\/125m-strohstriegel\/&#8221;][vc_custom_heading text=&#8221;12,5m-Gezogene&#8221; font_container=&#8221;tag:h2|text_align:left|color:%23ca1f26&#8243; use_theme_fonts=&#8221;yes&#8221; el_class=&#8221;style5&#8243; css=&#8221;.vc_custom_1630421281455{margin-top: -20px !important;margin-bottom: 10px !important;}&#8221; link=&#8221;url:https%3A%2F%2Fclaydondrill.com%2Fde%2F125m-strohstriegel%2F|||&#8221;][thememove_button text=&#8221;READ MORE&#8221; url=&#8221;https:\/\/claydondrill.com\/de\/125m-strohstriegel\/&#8221; icon=&#8221;fa-arrow-right&#8221;][\/vc_column_inner][vc_column_inner width=&#8221;1\/2&#8243;][vc_single_image image=&#8221;82040&#8243; img_size=&#8221;full&#8221; alignment=&#8221;center&#8221; onclick=&#8221;custom_link&#8221; link=&#8221;https:\/\/claydondrill.com\/de\/15m-strohstriegel\/&#8221;][vc_custom_heading text=&#8221;15m-Gezogene&#8221; font_container=&#8221;tag:h2|text_align:left|color:%23ca1f26&#8243; use_theme_fonts=&#8221;yes&#8221; el_class=&#8221;style5&#8243; css=&#8221;.vc_custom_1630421293419{margin-top: -20px !important;margin-bottom: 10px !important;}&#8221; link=&#8221;url:https%3A%2F%2Fclaydondrill.com%2Fde%2F15m-strohstriegel%2F|||&#8221;][thememove_button text=&#8221;READ MORE&#8221; url=&#8221;https:\/\/claydondrill.com\/de\/15m-strohstriegel\/&#8221; icon=&#8221;fa-arrow-right&#8221;][\/vc_column_inner][\/vc_row_inner][\/vc_column][\/vc_row]<\/p>\n<\/div>","protected":false},"excerpt":{"rendered":"<p>[vc_row el_class=&#8221;top_desc&#8221;][vc_column width=&#8221;1\/2&#8243; el_class=&#8221;top_desc&#8221;][vc_column_text]Die Claydon-Strohstriegel erzeugen eine Mikrokrume innerhalb der oberen 30 mm Bodenfl\u00e4che und nutzen die im Boden enthaltene<\/p>\n","protected":false},"author":1,"featured_media":0,"parent":0,"menu_order":0,"comment_status":"closed","ping_status":"closed","template":"","meta":{"inline_featured_image":false,"footnotes":""},"class_list":["post-93336","page","type-page","status-publish","hentry"],"yoast_head":"<!-- This site is optimized with the Yoast SEO plugin v27.1.1 - https:\/\/yoast.com\/product\/yoast-seo-wordpress\/ -->\n<title>Straw Harrow \u2013 Strohstriegel f\u00fcr effektives Stoppelmanagement - Claydon Drill Seed<\/title>\n<meta name=\"robots\" content=\"index, follow, max-snippet:-1, max-image-preview:large, max-video-preview:-1\" \/>\n<link rel=\"canonical\" href=\"https:\/\/claydondrill.com\/de\/strohstriegel\/\" \/>\n<meta property=\"og:locale\" content=\"de_DE\" \/>\n<meta property=\"og:type\" content=\"article\" \/>\n<meta property=\"og:title\" content=\"Straw Harrow \u2013 Strohstriegel f\u00fcr effektives Stoppelmanagement - Claydon Drill Seed\" \/>\n<meta property=\"og:description\" content=\"[vc_row el_class=&#8221;top_desc&#8221;][vc_column width=&#8221;1\/2&#8243; el_class=&#8221;top_desc&#8221;][vc_column_text]Die Claydon-Strohstriegel erzeugen eine Mikrokrume innerhalb der oberen 30 mm Bodenfl\u00e4che und nutzen die im Boden enthaltene\" \/>\n<meta property=\"og:url\" content=\"https:\/\/claydondrill.com\/de\/strohstriegel\/\" \/>\n<meta property=\"og:site_name\" content=\"Claydon Drill Seed\" \/>\n<meta property=\"article:modified_time\" content=\"2025-03-26T10:41:41+00:00\" \/>\n<meta name=\"twitter:card\" content=\"summary_large_image\" \/>\n<meta name=\"twitter:label1\" content=\"Gesch\u00e4tzte Lesezeit\" \/>\n\t<meta name=\"twitter:data1\" content=\"2\u00a0Minuten\" \/>\n<script type=\"application\/ld+json\" class=\"yoast-schema-graph\">{\"@context\":\"https:\/\/schema.org\",\"@graph\":[{\"@type\":\"WebPage\",\"@id\":\"https:\/\/claydondrill.com\/de\/strohstriegel\/\",\"url\":\"https:\/\/claydondrill.com\/de\/strohstriegel\/\",\"name\":\"Straw Harrow \u2013 Strohstriegel f\u00fcr effektives Stoppelmanagement - Claydon Drill Seed\",\"isPartOf\":{\"@id\":\"https:\/\/claydondrill.com\/de\/#website\"},\"datePublished\":\"2020-08-21T12:04:53+00:00\",\"dateModified\":\"2025-03-26T10:41:41+00:00\",\"breadcrumb\":{\"@id\":\"https:\/\/claydondrill.com\/de\/strohstriegel\/#breadcrumb\"},\"inLanguage\":\"de\",\"potentialAction\":[{\"@type\":\"ReadAction\",\"target\":[\"https:\/\/claydondrill.com\/de\/strohstriegel\/\"]}]},{\"@type\":\"BreadcrumbList\",\"@id\":\"https:\/\/claydondrill.com\/de\/strohstriegel\/#breadcrumb\",\"itemListElement\":[{\"@type\":\"ListItem\",\"position\":1,\"name\":\"Home\",\"item\":\"https:\/\/claydondrill.com\/de\/\"},{\"@type\":\"ListItem\",\"position\":2,\"name\":\"Straw Harrow \u2013 Strohstriegel f\u00fcr effektives Stoppelmanagement\"}]},{\"@type\":\"WebSite\",\"@id\":\"https:\/\/claydondrill.com\/de\/#website\",\"url\":\"https:\/\/claydondrill.com\/de\/\",\"name\":\"Claydon Drill Seed\",\"description\":\"\",\"potentialAction\":[{\"@type\":\"SearchAction\",\"target\":{\"@type\":\"EntryPoint\",\"urlTemplate\":\"https:\/\/claydondrill.com\/de\/?s={search_term_string}\"},\"query-input\":{\"@type\":\"PropertyValueSpecification\",\"valueRequired\":true,\"valueName\":\"search_term_string\"}}],\"inLanguage\":\"de\"}]}<\/script>\n<!-- \/ Yoast SEO plugin. -->","yoast_head_json":{"title":"Straw Harrow \u2013 Strohstriegel f\u00fcr effektives Stoppelmanagement - Claydon Drill Seed","robots":{"index":"index","follow":"follow","max-snippet":"max-snippet:-1","max-image-preview":"max-image-preview:large","max-video-preview":"max-video-preview:-1"},"canonical":"https:\/\/claydondrill.com\/de\/strohstriegel\/","og_locale":"de_DE","og_type":"article","og_title":"Straw Harrow \u2013 Strohstriegel f\u00fcr effektives Stoppelmanagement - Claydon Drill Seed","og_description":"[vc_row el_class=&#8221;top_desc&#8221;][vc_column width=&#8221;1\/2&#8243; el_class=&#8221;top_desc&#8221;][vc_column_text]Die Claydon-Strohstriegel erzeugen eine Mikrokrume innerhalb der oberen 30 mm Bodenfl\u00e4che und nutzen die im Boden enthaltene","og_url":"https:\/\/claydondrill.com\/de\/strohstriegel\/","og_site_name":"Claydon Drill Seed","article_modified_time":"2025-03-26T10:41:41+00:00","twitter_card":"summary_large_image","twitter_misc":{"Gesch\u00e4tzte Lesezeit":"2\u00a0Minuten"},"schema":{"@context":"https:\/\/schema.org","@graph":[{"@type":"WebPage","@id":"https:\/\/claydondrill.com\/de\/strohstriegel\/","url":"https:\/\/claydondrill.com\/de\/strohstriegel\/","name":"Straw Harrow \u2013 Strohstriegel f\u00fcr effektives Stoppelmanagement - Claydon Drill Seed","isPartOf":{"@id":"https:\/\/claydondrill.com\/de\/#website"},"datePublished":"2020-08-21T12:04:53+00:00","dateModified":"2025-03-26T10:41:41+00:00","breadcrumb":{"@id":"https:\/\/claydondrill.com\/de\/strohstriegel\/#breadcrumb"},"inLanguage":"de","potentialAction":[{"@type":"ReadAction","target":["https:\/\/claydondrill.com\/de\/strohstriegel\/"]}]},{"@type":"BreadcrumbList","@id":"https:\/\/claydondrill.com\/de\/strohstriegel\/#breadcrumb","itemListElement":[{"@type":"ListItem","position":1,"name":"Home","item":"https:\/\/claydondrill.com\/de\/"},{"@type":"ListItem","position":2,"name":"Straw Harrow \u2013 Strohstriegel f\u00fcr effektives Stoppelmanagement"}]},{"@type":"WebSite","@id":"https:\/\/claydondrill.com\/de\/#website","url":"https:\/\/claydondrill.com\/de\/","name":"Claydon Drill Seed","description":"","potentialAction":[{"@type":"SearchAction","target":{"@type":"EntryPoint","urlTemplate":"https:\/\/claydondrill.com\/de\/?s={search_term_string}"},"query-input":{"@type":"PropertyValueSpecification","valueRequired":true,"valueName":"search_term_string"}}],"inLanguage":"de"}]}},"_links":{"self":[{"href":"https:\/\/claydondrill.com\/de\/wp-json\/wp\/v2\/pages\/93336","targetHints":{"allow":["GET"]}}],"collection":[{"href":"https:\/\/claydondrill.com\/de\/wp-json\/wp\/v2\/pages"}],"about":[{"href":"https:\/\/claydondrill.com\/de\/wp-json\/wp\/v2\/types\/page"}],"author":[{"embeddable":true,"href":"https:\/\/claydondrill.com\/de\/wp-json\/wp\/v2\/users\/1"}],"replies":[{"embeddable":true,"href":"https:\/\/claydondrill.com\/de\/wp-json\/wp\/v2\/comments?post=93336"}],"version-history":[{"count":0,"href":"https:\/\/claydondrill.com\/de\/wp-json\/wp\/v2\/pages\/93336\/revisions"}],"wp:attachment":[{"href":"https:\/\/claydondrill.com\/de\/wp-json\/wp\/v2\/media?parent=93336"}],"curies":[{"name":"wp","href":"https:\/\/api.w.org\/{rel}","templated":true}]}}