{"id":89519,"date":"2020-06-29T09:29:22","date_gmt":"2020-06-29T09:29:22","guid":{"rendered":"https:\/\/claydondrill.com\/soil\/"},"modified":"2023-10-09T09:10:34","modified_gmt":"2023-10-09T09:10:34","slug":"soil","status":"publish","type":"page","link":"https:\/\/claydondrill.com\/de\/boden\/","title":{"rendered":"BODEN <img src=\"https:\/\/claydondrill.com\/wp-content\/uploads\/2021\/02\/SOIL.png\"\/>"},"content":{"rendered":"<div class=\"wpb-content-wrapper\"><p>[vc_row][vc_column width=&#8221;1\/2&#8243;][vc_single_image image=&#8221;75238&#8243; img_size=&#8221;full&#8221;][\/vc_column][vc_column width=&#8221;1\/2&#8243;][vc_custom_heading text=&#8221;GESCHICHTE DER BODENPFLEGE&#8221; use_theme_fonts=&#8221;yes&#8221;][vc_column_text]Das Claydon-Direktsaat-Drillsystem wurde 2002 erfunden, um die Anbaukosten im Claydon-Familienbetrieb zu senken.\u00a0 Der zus\u00e4tzliche Vorteil f\u00fcr die Umwelt wurde schnell deutlich. Die Bodengesundheit und -struktur verbesserten sich, was sich wiederum positiv auf die Gesundheit der Pflanzen und den Ertrag auswirkte.\u00a0 Der Kraftstoffverbrauch sank, da die bessere Bodenbeschaffenheit die Aussaat erleichterte.\u00a0\u00a0Seit fast 20 Jahren betont Claydon die Bedeutung des Bodens und wirbt f\u00fcr dessen Gesunderhaltung.<\/p>\n<p>Die Bodengesundheit hat in den letzten Jahren weltweit an Bedeutung gewonnen und viele Regierungen erlassen Gesetze zur F\u00f6rderung von Umweltinitiativen.\u00a0 Seit ihrer Markteinf\u00fchrung im Jahr 2003 erm\u00f6glicht die Claydon Technologie den Landwirten, ihre Umweltziele zu erreichen und ihren Boden zu schonen.\u00a0 Sie k\u00f6nnen damit nachhaltig wirtschaften \u2013 ohne Ertragseinbu\u00dfen und nicht auf Kosten der Umwelt.[\/vc_column_text][\/vc_column][\/vc_row][vc_row][vc_column width=&#8221;1\/2&#8243;][vc_column_text]<iframe style=\"width: 100%; height: 305px;\" src=\"https:\/\/player.vimeo.com\/video\/346806204?title=0&amp;byline=0&amp;portrait=0\" frameborder=\"0\" allowfullscreen=\"allowfullscreen\"><\/iframe>[\/vc_column_text][\/vc_column][vc_column width=&#8221;1\/2&#8243;][vc_custom_heading text=&#8221;WIE GESUND IST IHR BODEN?&#8221; use_theme_fonts=&#8221;yes&#8221;][vc_column_text]Ungesunde B\u00f6den fallen beim W\u00e4ssern sehr schnell in sich zusammen (engl. \u201eslake\u201c), da ihnen die nat\u00fcrlichen Bindemittel fehlen, die den Boden zusammenhalten. Dadurch werden die nat\u00fcrlichen Poren und Wurmg\u00e4nge im Boden verstopft, was Staun\u00e4sse beg\u00fcnstigt. Dies kann zu Erosion und Verlust an Mutterboden f\u00fchren.\u00a0 Bei Trockenheit tritt verst\u00e4rkt Winderosion auf, die \u00e4hnliche Sch\u00e4den verursacht.<\/p>\n<p>Der britische Pflanzenbauspezialist Hutchinsons f\u00fchrte im Betrieb von Claydon einen \u201eSlake-Test\u201c durch, um die Bodengesundheit zu beurteilen.\u00a0 So wird es gemacht.[\/vc_column_text][\/vc_column][\/vc_row][vc_row][vc_column width=&#8221;1\/4&#8243;][vc_single_image image=&#8221;102332&#8243; img_size=&#8221;full&#8221;][\/vc_column][vc_column width=&#8221;1\/2&#8243;][vc_column_text]DER BODEN: SEINE GESUNDHEIT IST UNSERE ZUKUNFT ist unser umfassender Leitfaden f\u00fcr alles, was mit dem Boden zu tun hat: warum er wichtig ist, was ihn sch\u00e4digt, wie man seine Struktur pr\u00fcft und seine Gesundheit verbessert.\u00a0 Sie erfahren darin auch, wie Sie das Claydon Opti-Till\u00ae-System bestm\u00f6glich einsetzen, um die Bodengesundheit zu optimieren.<\/p>\n<p>Die Brosch\u00fcre enth\u00e4lt Beitr\u00e4ge von f\u00fchrenden Branchenexperten.\u00a0\u00a0 Dr. Elizabeth Stockdale, Head of Farming Systems Research am NIAB, er\u00f6rtert die Vorteile einer guten Bodenstruktur, wodurch sie gesch\u00e4digt wird und wie man sie verbessern kann.<\/p>\n<p>Jerome Vasseur von Jouffray Drillaud spricht \u00fcber die Vorteile von Zwischenfr\u00fcchten und wie sie optimal eingesetzt werden.\u00a0 In dem Kapitel von Gordon Brookes von Michelin geht es um die Wahl der richtigen Reifen zur Reduzierung der Bodenverdichtung.<\/p>\n<p>Wichtig ist auch, die richtige Grundlage f\u00fcr die Bodengesundheit zu schaffen. Erfahren Sie von Dick Godwin, Gastprofessor an der Harper Adams University, in unserer Brosch\u00fcre \u201e<a href=\"https:\/\/claydondrill.com\/wp-content\/uploads\/2023\/10\/Subsoiling-2pp-DE.pdf\"><em><strong>Auswahl des richtigen Tieflockerers<\/strong><\/em><\/a>\u201c mehr dar\u00fcber, wie, wann und wann nicht, den Untergrund zu lockern, w\u00e4hrend Rob Burtonshaw in unserer zweiten Brosch\u00fcre die <a href=\"https:\/\/claydondrill.com\/wp-content\/uploads\/2023\/10\/Drainage-2pp-DE.pdf\"><em><strong>Vorteile einer guten Entw\u00e4sserung<\/strong><\/em><\/a> bespricht.[\/vc_column_text][vc_btn title=&#8221;BROSCH\u00dcRE HERUNTERLADEN&#8221; link=&#8221;url:https%3A%2F%2Fclaydondrill.com%2Fdownloads%2F|||&#8221;][\/vc_column][vc_column width=&#8221;1\/4&#8243;][vc_single_image image=&#8221;82898&#8243; add_caption=&#8221;yes&#8221; alignment=&#8221;center&#8221;][\/vc_column][\/vc_row][vc_row][vc_column width=&#8221;1\/2&#8243;][vc_single_image image=&#8221;82903&#8243; img_size=&#8221;full&#8221;][\/vc_column][vc_column width=&#8221;1\/2&#8243;][vc_custom_heading text=&#8221;VERGLEICH DER ANBAUMETHODEN&#8221; use_theme_fonts=&#8221;yes&#8221;][vc_column_text]<\/p>\n<h4>Pfl\u00fcgen<\/h4>\n<p>Pfl\u00fcgen ist teuer \u2013 sowohl finanziell als auch \u00f6kologisch.\u00a0 Dadurch werden zus\u00e4tzliche Bearbeitungsg\u00e4nge erforderlich und der Kraftstoffverbrauch steigt.\u00a0 Der Boden wird gewendet, wodurch Feuchtigkeit und CO an die Atmosph\u00e4re abgegeben werden.\u00a0 Das Pfl\u00fcgen verringert die organische Substanz, mineralisiert Stickstoff und sch\u00e4digt das Bodenleben.\u00a0 Die nat\u00fcrliche Bodenstruktur wird zerst\u00f6rt und kann das Gewicht der schweren Maschinen nicht mehr tragen.\u00a0 Dies f\u00fchrt zu Verdichtungen und Sch\u00e4den durch Fahrspuren.\u00a0Das Pfl\u00fcgen erh\u00f6ht die Gefahr von Wind- und Wassererosion.[\/vc_column_text][vc_column_text]<\/p>\n<h4>Minimalbearbeitung<\/h4>\n<p>Anstatt den Boden umzukehren, erfolgt bei der Minimalbearbeitung eine flachere Bodenbearbeitung in mehreren Durchg\u00e4ngen. Diese sch\u00e4digen ebenfalls die nat\u00fcrliche Struktur und Biologie des Bodens und k\u00f6nnen zu Verdichtung und Staun\u00e4sse f\u00fchren.\u00a0 Bei der Minimalbearbeitung werden die Unkrautsamen \u00fcber das gesamte Bodenprofil verteilt, wodurch sie \u00fcber einen langen Zeitraum und \u00fcber viele Jahreszeiten hinweg keimen k\u00f6nnen.\u00a0 Der hohe Unkrautdruck bleibt dadurch erhalten.\u00a0 Minimalbearbeitung kann auch den Boden austrocknen.[\/vc_column_text][\/vc_column][\/vc_row][vc_row][vc_column width=&#8221;1\/2&#8243;][vc_single_image image=&#8221;82915&#8243; img_size=&#8221;full&#8221;][\/vc_column][vc_column width=&#8221;1\/2&#8243;][vc_custom_heading text=&#8221;CLAYDON Opti-Till\u00ae&#8221; use_theme_fonts=&#8221;yes&#8221;][vc_column_text]Die Frontzinken-Technologie der Claydon-Drillmaschine ist das Herzst\u00fcck des Opti-Till\u00ae-Systems. Der Frontzinken lockert den Boden \u2013 aber nur dort, wo es n\u00f6tig ist: in der Wurzel- und Saatzone. Die B\u00e4nder zwischen den Saatreihen bleiben unbearbeitet. Der Frontzinken lockert und bel\u00fcftet den Boden und schafft eine feine Bodenkrume, die eine perfekte Umgebung f\u00fcr die Saat ist, um zu keimen und starke, tiefe Wurzeln zu entwickeln, die die Feuchtigkeit aus dem unbearbeiteten feuchten Zwischenraum beziehen.<\/p>\n<p>Der Frontzinken bricht auch flache Verdichtungen auf, stellt die Wasser- und Luftbalance im Boden wieder her und sorgt f\u00fcr eine gute Drainage, damit das Wasser aus der Wurzelzone abflie\u00dfen kann. Dadurch werden Pf\u00fctzenbildungen im sp\u00e4teren Herbst und Winter vermieden.[\/vc_column_text][\/vc_column][\/vc_row][vc_row][vc_column width=&#8221;1\/2&#8243;][vc_single_image image=&#8221;82875&#8243; img_size=&#8221;full&#8221;][\/vc_column][vc_column width=&#8221;1\/2&#8243;][vc_column_text]Die Feuchtigkeit wird im unbearbeiteten Boden zur\u00fcckgehalten und steht der Pflanze zur Verf\u00fcgung. Regenwurmpopulationen gedeihen, ihre G\u00e4nge bleiben intakt und alte Wurzelwege bleiben erhalten. Die nat\u00fcrliche Struktur des Bodens bleibt intakt: Die Kapillaren bleiben undurchbrochen, erm\u00f6glichen das Einsickern von Wasser und die ungehinderte Durchwurzelung, wodurch der Stress im gesamten Lebenszyklus der Pflanze minimiert wird. Bodenorganismen k\u00f6nnen optimal gedeihen. Claydon-B\u00f6den haben eine erh\u00f6hte Tragf\u00e4higkeit f\u00fcr Maschinen auf dem Feld ohne das Risiko einer Verdichtung. Dies alles tr\u00e4gt dazu bei, einen gesunden Boden f\u00fcr gesunde Pflanzen zu schaffen.[\/vc_column_text][\/vc_column][\/vc_row][vc_row][vc_column width=&#8221;1\/2&#8243;][vc_single_image image=&#8221;82858&#8243; img_size=&#8221;full&#8221;][\/vc_column][vc_column width=&#8221;1\/2&#8243;][vc_column_text]Die Claydon-Drillmaschine ist mit zwei Zinken und Werkzeugleisten ausgestattet, die das Feld einebnen und ausgleichen.\u00a0 Bei konventionellem Anbau gibt es auf dem Vorgewende in der Regel Ertragsverluste. Mit der Claydon-Drillmaschine wird dies ausgeschlossen. Die Wirkung des Frontzinkens und die unbearbeiteten Zwischenr\u00e4ume sorgen daf\u00fcr, dass die Ernteertr\u00e4ge am Feldrand die gleichen sind wie in der Feldmitte.[\/vc_column_text][\/vc_column][\/vc_row][vc_row][vc_column width=&#8221;1\/2&#8243;][vc_single_image image=&#8221;82884&#8243; img_size=&#8221;full&#8221;][\/vc_column][vc_column width=&#8221;1\/2&#8243;][vc_column_text]Die Vielseitigkeit der Claydon-Drillmaschine erm\u00f6glicht den Einsatz im konventionellen Anbau sowie bei der Minimalbearbeitung nach Bodenverfestigung. Sie wurde jedoch als Direkts\u00e4maschine konstruiert und in diesem Szenario wird auch der maximale Nutzen erzielt.\u00a0 Die R\u00fcckst\u00e4nde der Vorfrucht, die auf der Oberfl\u00e4che verbleiben, schlie\u00dfen die Feuchtigkeit ein und helfen, die Pflanzen und den Boden vor Wetterextremen zu sch\u00fctzen. Durch die Mulchschicht werden Bodenverwehungen und Wasserabfluss verhindert. Sie wird nach und nach von W\u00fcrmern im Boden abgebaut, wodurch der Gehalt an organischer Substanz und die Fruchtbarkeit des Bodens erh\u00f6ht werden. W\u00fcrmer unterst\u00fctzen auch die Wasserf\u00fchrung, da die Wurmg\u00e4nge wie Kan\u00e4le wirken, die das Wasser versickern lassen.[\/vc_column_text][\/vc_column][\/vc_row][vc_row][vc_column width=&#8221;1\/2&#8243;][vc_single_image image=&#8221;82871&#8243; img_size=&#8221;full&#8221;][\/vc_column][vc_column width=&#8221;1\/2&#8243;][vc_column_text]Mit der Claydon-Drillmaschine angebaute Kulturen kommen besser mit Wetterextremen zurecht, egal ob bei hohen Niederschl\u00e4gen oder bei Trockenheit. Dies ist auf die Verbesserung der Bodenstruktur zur\u00fcckzuf\u00fchren, die Feuchtigkeit und organisches Material zur\u00fcckh\u00e4lt und im Wurzelbereich eine Drainage schafft.\u00a0 Auch im Claydon-Pflanzenbau kann es in Zeiten extremer Wetterverh\u00e4ltnisse einen Ertragsr\u00fcckgang geben, aber nicht in demselben Ausma\u00df wie im konventionellen Anbau, wo dramatische Ertragseinbu\u00dfen zu verzeichnen sind.<\/p>\n<p>Das Claydon Opti-Till\u00ae-System macht unn\u00f6tige, kostspielige Bodenbearbeitungen \u00fcberfl\u00fcssig.\u00a0 Es reduziert auch die Kosten und den Zeitaufwand beim Pflanzenbau<em><strong>.<\/strong><\/em>[\/vc_column_text][\/vc_column][\/vc_row][vc_row][vc_column][\/vc_column][\/vc_row]<\/p>\n<\/div>","protected":false},"excerpt":{"rendered":"<p>[vc_row][vc_column width=&#8221;1\/2&#8243;][vc_single_image image=&#8221;75238&#8243; img_size=&#8221;full&#8221;][\/vc_column][vc_column width=&#8221;1\/2&#8243;][vc_custom_heading text=&#8221;GESCHICHTE DER BODENPFLEGE&#8221; use_theme_fonts=&#8221;yes&#8221;][vc_column_text]Das Claydon-Direktsaat-Drillsystem wurde 2002 erfunden, um die Anbaukosten im Claydon-Familienbetrieb zu senken.\u00a0<\/p>\n","protected":false},"author":1,"featured_media":0,"parent":0,"menu_order":21,"comment_status":"closed","ping_status":"closed","template":"","meta":{"inline_featured_image":false,"footnotes":""},"class_list":["post-89519","page","type-page","status-publish","hentry"],"yoast_head":"<!-- This site is optimized with the Yoast SEO plugin v27.1.1 - https:\/\/yoast.com\/product\/yoast-seo-wordpress\/ -->\n<title>Soil &amp; The Opti-Till Sytem | Benefits For Your Soil | Claydon Drill<\/title>\n<meta name=\"description\" content=\"The Opti-Till System has several advantages for your soil, including increased crop yield and reduced fuel usage. More information is available here.\" \/>\n<meta name=\"robots\" content=\"index, follow, max-snippet:-1, max-image-preview:large, max-video-preview:-1\" \/>\n<link rel=\"canonical\" href=\"https:\/\/claydondrill.com\/de\/boden\/\" \/>\n<meta property=\"og:locale\" content=\"de_DE\" \/>\n<meta property=\"og:type\" content=\"article\" \/>\n<meta property=\"og:title\" content=\"Soil &amp; The Opti-Till Sytem | Benefits For Your Soil | Claydon Drill\" \/>\n<meta property=\"og:description\" content=\"The Opti-Till System has several advantages for your soil, including increased crop yield and reduced fuel usage. More information is available here.\" \/>\n<meta property=\"og:url\" content=\"https:\/\/claydondrill.com\/de\/boden\/\" \/>\n<meta property=\"og:site_name\" content=\"Claydon Drill Seed\" \/>\n<meta property=\"article:modified_time\" content=\"2023-10-09T09:10:34+00:00\" \/>\n<meta name=\"twitter:card\" content=\"summary_large_image\" \/>\n<meta name=\"twitter:label1\" content=\"Gesch\u00e4tzte Lesezeit\" \/>\n\t<meta name=\"twitter:data1\" content=\"5\u00a0Minuten\" \/>\n<script type=\"application\/ld+json\" class=\"yoast-schema-graph\">{\"@context\":\"https:\/\/schema.org\",\"@graph\":[{\"@type\":\"WebPage\",\"@id\":\"https:\/\/claydondrill.com\/de\/boden\/\",\"url\":\"https:\/\/claydondrill.com\/de\/boden\/\",\"name\":\"Soil & The Opti-Till Sytem | Benefits For Your Soil | Claydon Drill\",\"isPartOf\":{\"@id\":\"https:\/\/claydondrill.com\/de\/#website\"},\"datePublished\":\"2020-06-29T09:29:22+00:00\",\"dateModified\":\"2023-10-09T09:10:34+00:00\",\"description\":\"The Opti-Till System has several advantages for your soil, including increased crop yield and reduced fuel usage. More information is available here.\",\"breadcrumb\":{\"@id\":\"https:\/\/claydondrill.com\/de\/boden\/#breadcrumb\"},\"inLanguage\":\"de\",\"potentialAction\":[{\"@type\":\"ReadAction\",\"target\":[\"https:\/\/claydondrill.com\/de\/boden\/\"]}]},{\"@type\":\"BreadcrumbList\",\"@id\":\"https:\/\/claydondrill.com\/de\/boden\/#breadcrumb\",\"itemListElement\":[{\"@type\":\"ListItem\",\"position\":1,\"name\":\"Home\",\"item\":\"https:\/\/claydondrill.com\/de\/\"},{\"@type\":\"ListItem\",\"position\":2,\"name\":\"BODEN\"}]},{\"@type\":\"WebSite\",\"@id\":\"https:\/\/claydondrill.com\/de\/#website\",\"url\":\"https:\/\/claydondrill.com\/de\/\",\"name\":\"Claydon Drill Seed\",\"description\":\"\",\"potentialAction\":[{\"@type\":\"SearchAction\",\"target\":{\"@type\":\"EntryPoint\",\"urlTemplate\":\"https:\/\/claydondrill.com\/de\/?s={search_term_string}\"},\"query-input\":{\"@type\":\"PropertyValueSpecification\",\"valueRequired\":true,\"valueName\":\"search_term_string\"}}],\"inLanguage\":\"de\"}]}<\/script>\n<!-- \/ Yoast SEO plugin. -->","yoast_head_json":{"title":"Soil & The Opti-Till Sytem | Benefits For Your Soil | Claydon Drill","description":"The Opti-Till System has several advantages for your soil, including increased crop yield and reduced fuel usage. More information is available here.","robots":{"index":"index","follow":"follow","max-snippet":"max-snippet:-1","max-image-preview":"max-image-preview:large","max-video-preview":"max-video-preview:-1"},"canonical":"https:\/\/claydondrill.com\/de\/boden\/","og_locale":"de_DE","og_type":"article","og_title":"Soil & The Opti-Till Sytem | Benefits For Your Soil | Claydon Drill","og_description":"The Opti-Till System has several advantages for your soil, including increased crop yield and reduced fuel usage. More information is available here.","og_url":"https:\/\/claydondrill.com\/de\/boden\/","og_site_name":"Claydon Drill Seed","article_modified_time":"2023-10-09T09:10:34+00:00","twitter_card":"summary_large_image","twitter_misc":{"Gesch\u00e4tzte Lesezeit":"5\u00a0Minuten"},"schema":{"@context":"https:\/\/schema.org","@graph":[{"@type":"WebPage","@id":"https:\/\/claydondrill.com\/de\/boden\/","url":"https:\/\/claydondrill.com\/de\/boden\/","name":"Soil & The Opti-Till Sytem | Benefits For Your Soil | Claydon Drill","isPartOf":{"@id":"https:\/\/claydondrill.com\/de\/#website"},"datePublished":"2020-06-29T09:29:22+00:00","dateModified":"2023-10-09T09:10:34+00:00","description":"The Opti-Till System has several advantages for your soil, including increased crop yield and reduced fuel usage. More information is available here.","breadcrumb":{"@id":"https:\/\/claydondrill.com\/de\/boden\/#breadcrumb"},"inLanguage":"de","potentialAction":[{"@type":"ReadAction","target":["https:\/\/claydondrill.com\/de\/boden\/"]}]},{"@type":"BreadcrumbList","@id":"https:\/\/claydondrill.com\/de\/boden\/#breadcrumb","itemListElement":[{"@type":"ListItem","position":1,"name":"Home","item":"https:\/\/claydondrill.com\/de\/"},{"@type":"ListItem","position":2,"name":"BODEN"}]},{"@type":"WebSite","@id":"https:\/\/claydondrill.com\/de\/#website","url":"https:\/\/claydondrill.com\/de\/","name":"Claydon Drill Seed","description":"","potentialAction":[{"@type":"SearchAction","target":{"@type":"EntryPoint","urlTemplate":"https:\/\/claydondrill.com\/de\/?s={search_term_string}"},"query-input":{"@type":"PropertyValueSpecification","valueRequired":true,"valueName":"search_term_string"}}],"inLanguage":"de"}]}},"_links":{"self":[{"href":"https:\/\/claydondrill.com\/de\/wp-json\/wp\/v2\/pages\/89519","targetHints":{"allow":["GET"]}}],"collection":[{"href":"https:\/\/claydondrill.com\/de\/wp-json\/wp\/v2\/pages"}],"about":[{"href":"https:\/\/claydondrill.com\/de\/wp-json\/wp\/v2\/types\/page"}],"author":[{"embeddable":true,"href":"https:\/\/claydondrill.com\/de\/wp-json\/wp\/v2\/users\/1"}],"replies":[{"embeddable":true,"href":"https:\/\/claydondrill.com\/de\/wp-json\/wp\/v2\/comments?post=89519"}],"version-history":[{"count":0,"href":"https:\/\/claydondrill.com\/de\/wp-json\/wp\/v2\/pages\/89519\/revisions"}],"wp:attachment":[{"href":"https:\/\/claydondrill.com\/de\/wp-json\/wp\/v2\/media?parent=89519"}],"curies":[{"name":"wp","href":"https:\/\/api.w.org\/{rel}","templated":true}]}}