{"id":89514,"date":"2020-08-25T09:30:41","date_gmt":"2020-08-25T09:30:41","guid":{"rendered":"https:\/\/claydondrill.com\/zero-till-lower-disturbance\/"},"modified":"2022-12-19T17:23:47","modified_gmt":"2022-12-19T17:23:47","slug":"zero-till-lower-disturbance","status":"publish","type":"page","link":"https:\/\/claydondrill.com\/de\/zero-till-lower-disturbance\/","title":{"rendered":"No-Till und Minimaleingriff"},"content":{"rendered":"<div class=\"wpb-content-wrapper\"><p>[vc_row][vc_column width=&#8221;1\/2&#8243;][vc_column_text]F\u00fcr diejenigen, die den Boden so schonend wie m\u00f6glich bearbeiten wollen, ist das Claydon-\u201eLD\u201c-Kit (Low Disturbance = st\u00f6rungsarm) f\u00fcr alle Hybrid-Drillmaschinen erh\u00e4ltlich. Mit dem LD-Kit k\u00f6nnen Sie direkt in Stoppeln, Zwischenfr\u00fcchte, Weideland und gro\u00dfe Mengen an Ernter\u00fcckst\u00e4nden drillen.\u00a0 Das Kit ist als Ausstattungsmerkmal f\u00fcr neue Maschinen oder als Nachr\u00fcstsatz erh\u00e4ltlich.\u00a0 Anstatt eine neue Drillmaschine zu kaufen, k\u00f6nnen Sie das Claydon-LD-Kit erwerben.[\/vc_column_text][\/vc_column][vc_column width=&#8221;1\/2&#8243;][vc_video link=&#8221;https:\/\/vimeo.com\/437860823&#8243;][\/vc_column][\/vc_row][vc_row][vc_column width=&#8221;1\/2&#8243;][vc_single_image image=&#8221;82765&#8243; img_size=&#8221;full&#8221;][\/vc_column][vc_column width=&#8221;1\/2&#8243;][vc_custom_heading text=&#8221;Doppelzinken&#8221; use_theme_fonts=&#8221;yes&#8221;][vc_column_text]Die erste Komponente des LD-Kits ist der Doppelzinken, bestehend aus zwei 15 mm breiten Spitzen in einzigartigem Doppelblattdesign, das die Seitenstabilit\u00e4t f\u00fcr pr\u00e4zise Saattiefe erh\u00f6ht. Die geringe Menge an erzeugter Feinerde gew\u00e4hrleistet einen guten Kontakt zwischen Boden und Saatgut. Der D\u00fcnger kann entweder auf der R\u00fcckseite der Saatzinken, Unterfu\u00df an dem vorderen D\u00fcngerzinken oder auf der Oberfl\u00e4che zwischen den beiden Zinken abgelegt werden. Die Doppelzinken s\u00e4en in Reihenabst\u00e4nden von<span class=\"HwtZe\" lang=\"de\"><span class=\"jCAhz ChMk0b\"><span class=\"ryNqvb\"> etwa 7,5 cm zu beiden Seiten der Mitte der vorderen Zinke.<\/span><\/span><\/span>[\/vc_column_text][\/vc_column][\/vc_row][vc_row][vc_column width=&#8221;1\/2&#8243;][vc_custom_heading text=&#8221;Doppelte Schneidscheiben&#8221; use_theme_fonts=&#8221;yes&#8221;][vc_column_text]Schneidscheiben schonen den Boden, indem sie die Pflanzenr\u00fcckst\u00e4nde und die Bodenoberfl\u00e4che durchschneiden, bevor die Zinken den Saatkanal erzeugen. Die Verwendung eines Zinkens, der den Scheiben folgt, reduziert die Gefahr des \u201eHairpinning\u201c-Effekts.[\/vc_column_text][vc_single_image image=&#8221;82771&#8243; img_size=&#8221;full&#8221;][\/vc_column][vc_column width=&#8221;1\/2&#8243;][vc_single_image image=&#8221;82775&#8243; img_size=&#8221;full&#8221; add_caption=&#8221;yes&#8221;][vc_column_text]Die Scheiben haben einen Durchmesser von 381 mm und k\u00f6nnen auf eine Tiefe von 25 mm bis 70 mm eingestellt werden, wobei die beste Einstellung der Tiefe der Saatzinken entspricht. Abnehmbare Abstreifere sind serienm\u00e4\u00dfig eingebaut, damit die Scheiben l\u00e4nger sauber laufen.\u00a0W\u00e4hlen Sie zwischen glatten Scheiben f\u00fcr minimale Bodenbearbeitung oder geriffelten Spiradisks, die etwas mehr Feinerde erzeugen.[\/vc_column_text][\/vc_column][\/vc_row][vc_row][vc_column][vc_custom_heading text=&#8221;Schnellwechsel&#8221; use_theme_fonts=&#8221;yes&#8221;][vc_column_text]Der Wechsel vom standardm\u00e4\u00dfigen Claydon-Direktsaat-Kit zur LD-Option ist schnell und einfach.\u00a0\u00a0 L\u00f6sen Sie die drei Schrauben, mit denen die A-Schar befestigt ist, und schrauben Sie den neuen LD-Doppelzinken an.\u00a0 Ziehen Sie den Stift heraus, der den Standard-Frontzinken sichert, und stecken Sie die LD-Doppelscheiben auf.<\/p>\n<p>In bestimmten Situationen sind schonende Bodenbearbeitung und Direktsaat nicht geeignet oder nicht m\u00f6glich, z. B. unter sehr nassen oder sehr trockenen Bedingungen.\u00a0 Wechseln Sie einfach zur\u00fcck zum Claydon-Frontzinken-Standardkit und Sie sind wieder saatbereit.\u00a0 Je nach gew\u00fcnschter Bodenbearbeitung und Aufbau kann das Doppelzinken-Kit auch mit dem Claydon-Frontzinken, dem D\u00fcnger-Frontzinken und der Einzel-Frontscheibe betrieben werden.<\/p>\n<p>Unsere Berater freuen sich auf Ihren Anruf und helfen Ihnen, den Aufbau zu finden, der Ihren Anforderungen am besten entspricht.\u00a0 Die Vielseitigkeit der Hybrid-Drillmaschine macht sie zu einem wahren Allesk\u00f6nner![\/vc_column_text][\/vc_column][\/vc_row][vc_row][vc_column width=&#8221;1\/2&#8243;][vc_video link=&#8221;https:\/\/vimeo.com\/439159012&#8243;][\/vc_column][vc_column width=&#8221;1\/2&#8243;][vc_video link=&#8221;https:\/\/vimeo.com\/471299724&#8243;][\/vc_column][\/vc_row][vc_row full_width=&#8221;stretch_row&#8221;][vc_column][vc_gallery type=&#8221;image_grid&#8221; images=&#8221;82777,82776,82773,82769,82774,82770&#8243; img_size=&#8221;375&#215;275&#8243;][\/vc_column][\/vc_row][vc_row][vc_column width=&#8221;1\/4&#8243;][vc_custom_heading text=&#8221;Zwischenfr\u00fcchte und hohe Erntereste&#8221; use_theme_fonts=&#8221;yes&#8221;][vc_column_text]Der LD-Aufbau ist besonders f\u00fcr die Aussaat in Zwischenfr\u00fcchte und \u00a0gro\u00dfe Ernterestmengen geeignet.\u00a0 Es k\u00f6nnen auch Einzelscheiben verwendet werden, wie die Aufnahmen aus der Grafschaft Durham in Gro\u00dfbritannien zeigen. Dort hat unser Kunde deutliche Verbesserungen in der Bodenstruktur und weniger Bodenerosion festgestellt, seit er das Claydon System verwendet und Zwischenfr\u00fcchte anbaut.[\/vc_column_text][\/vc_column][vc_column width=&#8221;3\/4&#8243;][vc_video link=&#8221;https:\/\/vimeo.com\/379260662&#8243;][\/vc_column][\/vc_row][vc_row][vc_column][vc_column_text]Die Einzelscheibe wird hier in Mittelengland bei der Aussaat von Weizen in die Grasnarbe eingesetzt. Hier ist dasselbe Feld vor der Aussaat und nach dem Auflaufen der Saat abgebildet.[\/vc_column_text][vc_gallery type=&#8221;image_grid&#8221; images=&#8221;82813,82809,82808&#8243; img_size=&#8221;375&#215;275&#8243;][\/vc_column][\/vc_row][vc_row][vc_column width=&#8221;1\/3&#8243;][vc_column_text]Der Standard-Frontzinken kann auch f\u00fcr die Aussaat der Zwischenfrucht verwendet werden, wie auf diesen Feldern in der N\u00e4he von D\u00fcsseldorf, Deutschland.\u00a0 Die Aussaat fand im Herbst statt, die nachfolgende Aufnahme der Pflanzen kurz vor Weihnachten.[\/vc_column_text][\/vc_column][vc_column width=&#8221;1\/3&#8243;][vc_single_image image=&#8221;82810&#8243; img_size=&#8221;full&#8221;][\/vc_column][vc_column width=&#8221;1\/3&#8243;][vc_single_image image=&#8221;82811&#8243; img_size=&#8221;full&#8221;][\/vc_column][\/vc_row]<\/p>\n<\/div>","protected":false},"excerpt":{"rendered":"<p>[vc_row][vc_column width=&#8221;1\/2&#8243;][vc_column_text]F\u00fcr diejenigen, die den Boden so schonend wie m\u00f6glich bearbeiten wollen, ist das Claydon-\u201eLD\u201c-Kit (Low Disturbance = st\u00f6rungsarm) f\u00fcr<\/p>\n","protected":false},"author":1,"featured_media":0,"parent":0,"menu_order":0,"comment_status":"closed","ping_status":"closed","template":"","meta":{"inline_featured_image":false,"footnotes":""},"class_list":["post-89514","page","type-page","status-publish","hentry"],"yoast_head":"<!-- This site is optimized with the Yoast SEO plugin v27.1.1 - https:\/\/yoast.com\/product\/yoast-seo-wordpress\/ -->\n<title>Lower Disturbance Hybrid Drill Kits | Zero Till<\/title>\n<meta name=\"description\" content=\"To minimise soil disturbance Claydon have developed an \u201cLD\u201d lower disturbance kit for our range of hybrid drills. More information is available here.\" \/>\n<meta name=\"robots\" content=\"index, follow, max-snippet:-1, max-image-preview:large, max-video-preview:-1\" \/>\n<link rel=\"canonical\" href=\"https:\/\/claydondrill.com\/de\/zero-till-lower-disturbance\/\" \/>\n<meta property=\"og:locale\" content=\"de_DE\" \/>\n<meta property=\"og:type\" content=\"article\" \/>\n<meta property=\"og:title\" content=\"Lower Disturbance Hybrid Drill Kits | Zero Till\" \/>\n<meta property=\"og:description\" content=\"To minimise soil disturbance Claydon have developed an \u201cLD\u201d lower disturbance kit for our range of hybrid drills. More information is available here.\" \/>\n<meta property=\"og:url\" content=\"https:\/\/claydondrill.com\/de\/zero-till-lower-disturbance\/\" \/>\n<meta property=\"og:site_name\" content=\"Claydon Drill Seed\" \/>\n<meta property=\"article:modified_time\" content=\"2022-12-19T17:23:47+00:00\" \/>\n<meta name=\"twitter:card\" content=\"summary_large_image\" \/>\n<meta name=\"twitter:label1\" content=\"Gesch\u00e4tzte Lesezeit\" \/>\n\t<meta name=\"twitter:data1\" content=\"3\u00a0Minuten\" \/>\n<script type=\"application\/ld+json\" class=\"yoast-schema-graph\">{\"@context\":\"https:\/\/schema.org\",\"@graph\":[{\"@type\":\"WebPage\",\"@id\":\"https:\/\/claydondrill.com\/de\/zero-till-lower-disturbance\/\",\"url\":\"https:\/\/claydondrill.com\/de\/zero-till-lower-disturbance\/\",\"name\":\"Lower Disturbance Hybrid Drill Kits | Zero Till\",\"isPartOf\":{\"@id\":\"https:\/\/claydondrill.com\/de\/#website\"},\"datePublished\":\"2020-08-25T09:30:41+00:00\",\"dateModified\":\"2022-12-19T17:23:47+00:00\",\"description\":\"To minimise soil disturbance Claydon have developed an \u201cLD\u201d lower disturbance kit for our range of hybrid drills. More information is available here.\",\"breadcrumb\":{\"@id\":\"https:\/\/claydondrill.com\/de\/zero-till-lower-disturbance\/#breadcrumb\"},\"inLanguage\":\"de\",\"potentialAction\":[{\"@type\":\"ReadAction\",\"target\":[\"https:\/\/claydondrill.com\/de\/zero-till-lower-disturbance\/\"]}]},{\"@type\":\"BreadcrumbList\",\"@id\":\"https:\/\/claydondrill.com\/de\/zero-till-lower-disturbance\/#breadcrumb\",\"itemListElement\":[{\"@type\":\"ListItem\",\"position\":1,\"name\":\"Home\",\"item\":\"https:\/\/claydondrill.com\/de\/\"},{\"@type\":\"ListItem\",\"position\":2,\"name\":\"No-Till und Minimaleingriff\"}]},{\"@type\":\"WebSite\",\"@id\":\"https:\/\/claydondrill.com\/de\/#website\",\"url\":\"https:\/\/claydondrill.com\/de\/\",\"name\":\"Claydon Drill Seed\",\"description\":\"\",\"potentialAction\":[{\"@type\":\"SearchAction\",\"target\":{\"@type\":\"EntryPoint\",\"urlTemplate\":\"https:\/\/claydondrill.com\/de\/?s={search_term_string}\"},\"query-input\":{\"@type\":\"PropertyValueSpecification\",\"valueRequired\":true,\"valueName\":\"search_term_string\"}}],\"inLanguage\":\"de\"}]}<\/script>\n<!-- \/ Yoast SEO plugin. -->","yoast_head_json":{"title":"Lower Disturbance Hybrid Drill Kits | Zero Till","description":"To minimise soil disturbance Claydon have developed an \u201cLD\u201d lower disturbance kit for our range of hybrid drills. More information is available here.","robots":{"index":"index","follow":"follow","max-snippet":"max-snippet:-1","max-image-preview":"max-image-preview:large","max-video-preview":"max-video-preview:-1"},"canonical":"https:\/\/claydondrill.com\/de\/zero-till-lower-disturbance\/","og_locale":"de_DE","og_type":"article","og_title":"Lower Disturbance Hybrid Drill Kits | Zero Till","og_description":"To minimise soil disturbance Claydon have developed an \u201cLD\u201d lower disturbance kit for our range of hybrid drills. More information is available here.","og_url":"https:\/\/claydondrill.com\/de\/zero-till-lower-disturbance\/","og_site_name":"Claydon Drill Seed","article_modified_time":"2022-12-19T17:23:47+00:00","twitter_card":"summary_large_image","twitter_misc":{"Gesch\u00e4tzte Lesezeit":"3\u00a0Minuten"},"schema":{"@context":"https:\/\/schema.org","@graph":[{"@type":"WebPage","@id":"https:\/\/claydondrill.com\/de\/zero-till-lower-disturbance\/","url":"https:\/\/claydondrill.com\/de\/zero-till-lower-disturbance\/","name":"Lower Disturbance Hybrid Drill Kits | Zero Till","isPartOf":{"@id":"https:\/\/claydondrill.com\/de\/#website"},"datePublished":"2020-08-25T09:30:41+00:00","dateModified":"2022-12-19T17:23:47+00:00","description":"To minimise soil disturbance Claydon have developed an \u201cLD\u201d lower disturbance kit for our range of hybrid drills. More information is available here.","breadcrumb":{"@id":"https:\/\/claydondrill.com\/de\/zero-till-lower-disturbance\/#breadcrumb"},"inLanguage":"de","potentialAction":[{"@type":"ReadAction","target":["https:\/\/claydondrill.com\/de\/zero-till-lower-disturbance\/"]}]},{"@type":"BreadcrumbList","@id":"https:\/\/claydondrill.com\/de\/zero-till-lower-disturbance\/#breadcrumb","itemListElement":[{"@type":"ListItem","position":1,"name":"Home","item":"https:\/\/claydondrill.com\/de\/"},{"@type":"ListItem","position":2,"name":"No-Till und Minimaleingriff"}]},{"@type":"WebSite","@id":"https:\/\/claydondrill.com\/de\/#website","url":"https:\/\/claydondrill.com\/de\/","name":"Claydon Drill Seed","description":"","potentialAction":[{"@type":"SearchAction","target":{"@type":"EntryPoint","urlTemplate":"https:\/\/claydondrill.com\/de\/?s={search_term_string}"},"query-input":{"@type":"PropertyValueSpecification","valueRequired":true,"valueName":"search_term_string"}}],"inLanguage":"de"}]}},"_links":{"self":[{"href":"https:\/\/claydondrill.com\/de\/wp-json\/wp\/v2\/pages\/89514","targetHints":{"allow":["GET"]}}],"collection":[{"href":"https:\/\/claydondrill.com\/de\/wp-json\/wp\/v2\/pages"}],"about":[{"href":"https:\/\/claydondrill.com\/de\/wp-json\/wp\/v2\/types\/page"}],"author":[{"embeddable":true,"href":"https:\/\/claydondrill.com\/de\/wp-json\/wp\/v2\/users\/1"}],"replies":[{"embeddable":true,"href":"https:\/\/claydondrill.com\/de\/wp-json\/wp\/v2\/comments?post=89514"}],"version-history":[{"count":0,"href":"https:\/\/claydondrill.com\/de\/wp-json\/wp\/v2\/pages\/89514\/revisions"}],"wp:attachment":[{"href":"https:\/\/claydondrill.com\/de\/wp-json\/wp\/v2\/media?parent=89514"}],"curies":[{"name":"wp","href":"https:\/\/api.w.org\/{rel}","templated":true}]}}