{"id":89449,"date":"2020-07-24T09:03:54","date_gmt":"2020-07-24T09:03:54","guid":{"rendered":"https:\/\/claydondrill.com\/hybrid-t-trailed-drills\/"},"modified":"2026-02-17T14:36:06","modified_gmt":"2026-02-17T13:36:06","slug":"hybrid-t-gezogene-drillmaschinen","status":"publish","type":"page","link":"https:\/\/claydondrill.com\/de\/hybrid-t-gezogene-drillmaschinen\/","title":{"rendered":"Hybrid T \u2013 Gezogene S\u00e4maschinen"},"content":{"rendered":"<div class=\"wpb-content-wrapper\"><p>[vc_row][vc_column width=&#8221;1\/2&#8243;][vc_custom_heading text=&#8221;Hybrid T \u2013 Gezogene Drillmaschinen&#8221; use_theme_fonts=&#8221;yes&#8221;][\/vc_column][vc_column width=&#8221;1\/2&#8243;][\/vc_column][\/vc_row][vc_row el_class=&#8221;top_desc&#8221;][vc_column width=&#8221;1\/2&#8243;][vc_column_text]Vielseitig, flexibel, einfach. S\u00e4en Sie direkt in Stoppeln, gegrubberte oder gepfl\u00fcgte Fl\u00e4chen. Die bahnbrechende Frontzinken-Technologie lockert verdichtete B\u00f6den auf, bel\u00fcftet den Boden und schafft eine Drainagefurche und Bodengare f\u00fcr eine perfekte Wachstumsumgebung in der Saat- und Wurzelzone.<\/p>\n<p>Erh\u00e4ltlich mit einer Vielzahl von Optionen f\u00fcr die vordere und hintere Werkzeugleiste sowie Optionen f\u00fcr die S\u00e4schar und LD-Kit Varianten \u2013 f\u00fcr jedes Saatszenario.[\/vc_column_text][\/vc_column][vc_column width=&#8221;1\/2&#8243; el_class=&#8221;frtlizer&#8221;][vc_single_image image=&#8221;106737&#8243; img_size=&#8221;full&#8221; css=&#8221;&#8221;][\/vc_column][\/vc_row][vc_row full_width=&#8221;stretch_row&#8221; css=&#8221;.vc_custom_1595581583637{margin-top: 0px !important;margin-right: 0px !important;margin-bottom: 0px !important;margin-left: 0px !important;padding-top: 75px !important;padding-bottom: 0px !important;}&#8221; el_class=&#8221;services2 home_cat&#8221;][vc_column css=&#8221;.vc_custom_1460369393337{padding-top: 0px !important;padding-bottom: 0px !important;}&#8221;][vc_row_inner el_class=&#8221;product_sec cat_list&#8221;][vc_column_inner width=&#8221;1\/3&#8243;][vc_single_image image=&#8221;82450&#8243; img_size=&#8221;full&#8221; alignment=&#8221;center&#8221;][vc_custom_heading text=&#8221;T4&#8243; font_container=&#8221;tag:h2|text_align:left|color:%23ca1f26&#8243; use_theme_fonts=&#8221;yes&#8221; css=&#8221;.vc_custom_1629198504578{margin-top: -20px !important;margin-bottom: 10px !important;}&#8221; el_class=&#8221;style5&#8243; link=&#8221;url:https%3A%2F%2Fclaydondrill.com%2Fde%2Fproduct%2Fhybrid-t4%2F|||&#8221;][thememove_button text=&#8221;READ MORE&#8221; url=&#8221;https:\/\/claydondrill.com\/de\/product\/hybrid-t4\/&#8221; icon=&#8221;fa-arrow-right&#8221;][\/vc_column_inner][vc_column_inner width=&#8221;1\/3&#8243;][vc_single_image image=&#8221;82202&#8243; img_size=&#8221;full&#8221; alignment=&#8221;center&#8221;][vc_custom_heading text=&#8221;T4.8&#8243; font_container=&#8221;tag:h2|text_align:left|color:%23ca1f26&#8243; use_theme_fonts=&#8221;yes&#8221; css=&#8221;.vc_custom_1629198531437{margin-top: -20px !important;margin-bottom: 10px !important;}&#8221; el_class=&#8221;style5&#8243; link=&#8221;url:https%3A%2F%2Fclaydondrill.com%2Fde%2Fproduct%2Fhybrid-t4-8%2F|||&#8221;][thememove_button text=&#8221;READ MORE&#8221; url=&#8221;https:\/\/claydondrill.com\/de\/product\/hybrid-t4-8\/&#8221; icon=&#8221;fa-arrow-right&#8221;][\/vc_column_inner][vc_column_inner width=&#8221;1\/3&#8243;][vc_single_image image=&#8221;82204&#8243; img_size=&#8221;full&#8221; alignment=&#8221;center&#8221;][vc_custom_heading text=&#8221;T6c&#8221; font_container=&#8221;tag:h2|text_align:left|color:%23ca1f26&#8243; use_theme_fonts=&#8221;yes&#8221; css=&#8221;.vc_custom_1629198550426{margin-top: -20px !important;margin-bottom: 10px !important;}&#8221; el_class=&#8221;style5&#8243; link=&#8221;url:https%3A%2F%2Fclaydondrill.com%2Fde%2Fproduct%2Fhybrid-t6c%2F|||&#8221;][thememove_button text=&#8221;READ MORE&#8221; url=&#8221;https:\/\/claydondrill.com\/de\/product\/hybrid-t6c\/&#8221; icon=&#8221;fa-arrow-right&#8221;][\/vc_column_inner][\/vc_row_inner][vc_row_inner el_class=&#8221;product_sec cat_list&#8221;][vc_column_inner width=&#8221;1\/3&#8243;][vc_single_image image=&#8221;106808&#8243; img_size=&#8221;full&#8221; alignment=&#8221;center&#8221; css=&#8221;&#8221;][vc_custom_heading text=&#8221;T6&#8243; font_container=&#8221;tag:h2|text_align:left|color:%23ca1f26&#8243; use_theme_fonts=&#8221;yes&#8221; css=&#8221;.vc_custom_1629198568010{margin-top: -20px !important;margin-bottom: 10px !important;}&#8221; el_class=&#8221;style5&#8243; link=&#8221;url:https%3A%2F%2Fclaydondrill.com%2Fde%2Fproduct%2Fhybrid-t6%2F|||&#8221;][thememove_button text=&#8221;READ MORE&#8221; url=&#8221;https:\/\/claydondrill.com\/de\/product\/hybrid-t6\/&#8221; icon=&#8221;fa-arrow-right&#8221;][\/vc_column_inner][vc_column_inner width=&#8221;1\/3&#8243;][vc_single_image image=&#8221;82492&#8243; img_size=&#8221;full&#8221; alignment=&#8221;center&#8221;][vc_custom_heading text=&#8221;T8&#8243; font_container=&#8221;tag:h2|text_align:left|color:%23ca1f26&#8243; use_theme_fonts=&#8221;yes&#8221; css=&#8221;.vc_custom_1629198587298{margin-top: -20px !important;margin-bottom: 10px !important;}&#8221; el_class=&#8221;style5&#8243; link=&#8221;url:https%3A%2F%2Fclaydondrill.com%2Fde%2Fproduct%2Fhybrid-t8%2F|||&#8221;][thememove_button text=&#8221;READ MORE&#8221; url=&#8221;https:\/\/claydondrill.com\/de\/product\/hybrid-t8\/&#8221; icon=&#8221;fa-arrow-right&#8221;][\/vc_column_inner][vc_column_inner width=&#8221;1\/3&#8243;][\/vc_column_inner][\/vc_row_inner][\/vc_column][\/vc_row]<\/p>\n<\/div>","protected":false},"excerpt":{"rendered":"<p>[vc_row][vc_column width=&#8221;1\/2&#8243;][vc_custom_heading text=&#8221;Hybrid T \u2013 Gezogene Drillmaschinen&#8221; use_theme_fonts=&#8221;yes&#8221;][\/vc_column][vc_column width=&#8221;1\/2&#8243;][\/vc_column][\/vc_row][vc_row el_class=&#8221;top_desc&#8221;][vc_column width=&#8221;1\/2&#8243;][vc_column_text]Vielseitig, flexibel, einfach. S\u00e4en Sie direkt in Stoppeln, gegrubberte oder<\/p>\n","protected":false},"author":1,"featured_media":0,"parent":0,"menu_order":0,"comment_status":"closed","ping_status":"closed","template":"","meta":{"inline_featured_image":false,"footnotes":""},"class_list":["post-89449","page","type-page","status-publish","hentry"],"yoast_head":"<!-- This site is optimized with the Yoast SEO plugin v27.1.1 - https:\/\/yoast.com\/product\/yoast-seo-wordpress\/ -->\n<title>Trailed Seed Drills | Tractor Trailed Tine Seed Drill | Claydon<\/title>\n<meta name=\"description\" content=\"Ben\u00f6tigen Sie eine gezogene Zinken-S\u00e4maschine? Unsere \u00e4u\u00dferst man\u00f6vrierf\u00e4higen gezogenen Bohrmaschinen sind unglaublich vielseitig. Mehr erfahren\" \/>\n<meta name=\"robots\" content=\"index, follow, max-snippet:-1, max-image-preview:large, max-video-preview:-1\" \/>\n<link rel=\"canonical\" href=\"https:\/\/claydondrill.com\/de\/hybrid-t-gezogene-drillmaschinen\/\" \/>\n<meta property=\"og:locale\" content=\"de_DE\" \/>\n<meta property=\"og:type\" content=\"article\" \/>\n<meta property=\"og:title\" content=\"Trailed Seed Drills | Tractor Trailed Tine Seed Drill | Claydon\" \/>\n<meta property=\"og:description\" content=\"Ben\u00f6tigen Sie eine gezogene Zinken-S\u00e4maschine? Unsere \u00e4u\u00dferst man\u00f6vrierf\u00e4higen gezogenen Bohrmaschinen sind unglaublich vielseitig. Mehr erfahren\" \/>\n<meta property=\"og:url\" content=\"https:\/\/claydondrill.com\/de\/hybrid-t-gezogene-drillmaschinen\/\" \/>\n<meta property=\"og:site_name\" content=\"Claydon Drill Seed\" \/>\n<meta property=\"article:modified_time\" content=\"2026-02-17T13:36:06+00:00\" \/>\n<meta name=\"twitter:card\" content=\"summary_large_image\" \/>\n<meta name=\"twitter:label1\" content=\"Gesch\u00e4tzte Lesezeit\" \/>\n\t<meta name=\"twitter:data1\" content=\"1\u00a0Minute\" \/>\n<script type=\"application\/ld+json\" class=\"yoast-schema-graph\">{\"@context\":\"https:\/\/schema.org\",\"@graph\":[{\"@type\":\"WebPage\",\"@id\":\"https:\/\/claydondrill.com\/de\/hybrid-t-gezogene-drillmaschinen\/\",\"url\":\"https:\/\/claydondrill.com\/de\/hybrid-t-gezogene-drillmaschinen\/\",\"name\":\"Trailed Seed Drills | Tractor Trailed Tine Seed Drill | Claydon\",\"isPartOf\":{\"@id\":\"https:\/\/claydondrill.com\/de\/#website\"},\"datePublished\":\"2020-07-24T09:03:54+00:00\",\"dateModified\":\"2026-02-17T13:36:06+00:00\",\"description\":\"Ben\u00f6tigen Sie eine gezogene Zinken-S\u00e4maschine? Unsere \u00e4u\u00dferst man\u00f6vrierf\u00e4higen gezogenen Bohrmaschinen sind unglaublich vielseitig. Mehr erfahren\",\"breadcrumb\":{\"@id\":\"https:\/\/claydondrill.com\/de\/hybrid-t-gezogene-drillmaschinen\/#breadcrumb\"},\"inLanguage\":\"de\",\"potentialAction\":[{\"@type\":\"ReadAction\",\"target\":[\"https:\/\/claydondrill.com\/de\/hybrid-t-gezogene-drillmaschinen\/\"]}]},{\"@type\":\"BreadcrumbList\",\"@id\":\"https:\/\/claydondrill.com\/de\/hybrid-t-gezogene-drillmaschinen\/#breadcrumb\",\"itemListElement\":[{\"@type\":\"ListItem\",\"position\":1,\"name\":\"Home\",\"item\":\"https:\/\/claydondrill.com\/de\/\"},{\"@type\":\"ListItem\",\"position\":2,\"name\":\"Hybrid T \u2013 Gezogene S\u00e4maschinen\"}]},{\"@type\":\"WebSite\",\"@id\":\"https:\/\/claydondrill.com\/de\/#website\",\"url\":\"https:\/\/claydondrill.com\/de\/\",\"name\":\"Claydon Drill Seed\",\"description\":\"\",\"potentialAction\":[{\"@type\":\"SearchAction\",\"target\":{\"@type\":\"EntryPoint\",\"urlTemplate\":\"https:\/\/claydondrill.com\/de\/?s={search_term_string}\"},\"query-input\":{\"@type\":\"PropertyValueSpecification\",\"valueRequired\":true,\"valueName\":\"search_term_string\"}}],\"inLanguage\":\"de\"}]}<\/script>\n<!-- \/ Yoast SEO plugin. -->","yoast_head_json":{"title":"Trailed Seed Drills | Tractor Trailed Tine Seed Drill | Claydon","description":"Ben\u00f6tigen Sie eine gezogene Zinken-S\u00e4maschine? Unsere \u00e4u\u00dferst man\u00f6vrierf\u00e4higen gezogenen Bohrmaschinen sind unglaublich vielseitig. Mehr erfahren","robots":{"index":"index","follow":"follow","max-snippet":"max-snippet:-1","max-image-preview":"max-image-preview:large","max-video-preview":"max-video-preview:-1"},"canonical":"https:\/\/claydondrill.com\/de\/hybrid-t-gezogene-drillmaschinen\/","og_locale":"de_DE","og_type":"article","og_title":"Trailed Seed Drills | Tractor Trailed Tine Seed Drill | Claydon","og_description":"Ben\u00f6tigen Sie eine gezogene Zinken-S\u00e4maschine? Unsere \u00e4u\u00dferst man\u00f6vrierf\u00e4higen gezogenen Bohrmaschinen sind unglaublich vielseitig. Mehr erfahren","og_url":"https:\/\/claydondrill.com\/de\/hybrid-t-gezogene-drillmaschinen\/","og_site_name":"Claydon Drill Seed","article_modified_time":"2026-02-17T13:36:06+00:00","twitter_card":"summary_large_image","twitter_misc":{"Gesch\u00e4tzte Lesezeit":"1\u00a0Minute"},"schema":{"@context":"https:\/\/schema.org","@graph":[{"@type":"WebPage","@id":"https:\/\/claydondrill.com\/de\/hybrid-t-gezogene-drillmaschinen\/","url":"https:\/\/claydondrill.com\/de\/hybrid-t-gezogene-drillmaschinen\/","name":"Trailed Seed Drills | Tractor Trailed Tine Seed Drill | Claydon","isPartOf":{"@id":"https:\/\/claydondrill.com\/de\/#website"},"datePublished":"2020-07-24T09:03:54+00:00","dateModified":"2026-02-17T13:36:06+00:00","description":"Ben\u00f6tigen Sie eine gezogene Zinken-S\u00e4maschine? Unsere \u00e4u\u00dferst man\u00f6vrierf\u00e4higen gezogenen Bohrmaschinen sind unglaublich vielseitig. Mehr erfahren","breadcrumb":{"@id":"https:\/\/claydondrill.com\/de\/hybrid-t-gezogene-drillmaschinen\/#breadcrumb"},"inLanguage":"de","potentialAction":[{"@type":"ReadAction","target":["https:\/\/claydondrill.com\/de\/hybrid-t-gezogene-drillmaschinen\/"]}]},{"@type":"BreadcrumbList","@id":"https:\/\/claydondrill.com\/de\/hybrid-t-gezogene-drillmaschinen\/#breadcrumb","itemListElement":[{"@type":"ListItem","position":1,"name":"Home","item":"https:\/\/claydondrill.com\/de\/"},{"@type":"ListItem","position":2,"name":"Hybrid T \u2013 Gezogene S\u00e4maschinen"}]},{"@type":"WebSite","@id":"https:\/\/claydondrill.com\/de\/#website","url":"https:\/\/claydondrill.com\/de\/","name":"Claydon Drill Seed","description":"","potentialAction":[{"@type":"SearchAction","target":{"@type":"EntryPoint","urlTemplate":"https:\/\/claydondrill.com\/de\/?s={search_term_string}"},"query-input":{"@type":"PropertyValueSpecification","valueRequired":true,"valueName":"search_term_string"}}],"inLanguage":"de"}]}},"_links":{"self":[{"href":"https:\/\/claydondrill.com\/de\/wp-json\/wp\/v2\/pages\/89449","targetHints":{"allow":["GET"]}}],"collection":[{"href":"https:\/\/claydondrill.com\/de\/wp-json\/wp\/v2\/pages"}],"about":[{"href":"https:\/\/claydondrill.com\/de\/wp-json\/wp\/v2\/types\/page"}],"author":[{"embeddable":true,"href":"https:\/\/claydondrill.com\/de\/wp-json\/wp\/v2\/users\/1"}],"replies":[{"embeddable":true,"href":"https:\/\/claydondrill.com\/de\/wp-json\/wp\/v2\/comments?post=89449"}],"version-history":[{"count":2,"href":"https:\/\/claydondrill.com\/de\/wp-json\/wp\/v2\/pages\/89449\/revisions"}],"predecessor-version":[{"id":107016,"href":"https:\/\/claydondrill.com\/de\/wp-json\/wp\/v2\/pages\/89449\/revisions\/107016"}],"wp:attachment":[{"href":"https:\/\/claydondrill.com\/de\/wp-json\/wp\/v2\/media?parent=89449"}],"curies":[{"name":"wp","href":"https:\/\/api.w.org\/{rel}","templated":true}]}}