{"id":104782,"date":"2025-04-17T12:30:43","date_gmt":"2025-04-17T12:30:43","guid":{"rendered":"https:\/\/claydondrill.com\/?page_id=104782"},"modified":"2025-04-17T12:30:43","modified_gmt":"2025-04-17T12:30:43","slug":"fronttank","status":"publish","type":"page","link":"https:\/\/claydondrill.com\/de\/fronttank\/","title":{"rendered":"FRONTTANK"},"content":{"rendered":"<div class=\"wpb-content-wrapper\"><p>[vc_row el_class=&#8221;top_desc&#8221;][vc_column width=&#8221;1\/2&#8243;][vc_column_text css=&#8221;&#8221;]Mit einem Gesamtvolumen von 2750 Litern, aufgeteilt im Verh\u00e4ltnis 45\/55 %, ist der Evolution Fronttank druckbeaufschlagt, um eine zuverl\u00e4ssige Materialzufuhr mit hohem Volumen zu den hinteren Verteilk\u00f6pfen sicherzustellen.<\/p>\n<p>Zwei Dosierger\u00e4te erm\u00f6glichen entweder eine gemischte oder getrennte Ausbringung von Saatgut und D\u00fcnger an die heckmontierte S\u00e4einheit. Ein einfacher Umschalter an der Luftleitung lenkt den Materialfluss entweder in die einzelnen Verteilerrohre oder kombiniert die Gesamtausgabe in ein einziges Rohr.<\/p>\n<p>Ein ISOCAN-Terminal steuert alle Funktionen des Fronttanks und erm\u00f6glicht eine bedarfsgerechte Aussaat in Abh\u00e4ngigkeit vom Task-Controller und dem Lizenzschl\u00fcssel.<\/p>\n<p>ISOBUS-kompatibel wird der Evolution Fronttank mit kleinen, mittleren oder gro\u00dfen austauschbaren Dosierwalzen geliefert, um eine Vielzahl von Saatgut- und D\u00fcngertypen zu verarbeiten.<\/p>\n<p>Mit einem Gewicht von 730 kg misst er 2476 mm in der Breite, 1803 mm in der H\u00f6he und 1619 mm in der L\u00e4nge. Er verf\u00fcgt \u00fcber zwei Sensoren im Tank, die eine Warnung bei niedrigem F\u00fcllstand und bei Leerstand geben, sowie \u00fcber Arbeitsleuchten, zwei R\u00fcckfahrkameras, einen Werkzeugkasten und eine klappbare vordere Trittstufe.<\/p>\n<p>Optionen umfassen 550 kg Ballast sowie Packer-R\u00e4der mit passiver Lenkung und Radabstreifer.[\/vc_column_text][\/vc_column][vc_column width=&#8221;1\/2&#8243; el_class=&#8221;frtlizer&#8221;][vc_btn title=&#8221;Brosch\u00fcre herunterladen&#8221; align=&#8221;center&#8221; css=&#8221;&#8221; link=&#8221;url:https%3A%2F%2Fclaydondrill.com%2Fwp-content%2Fuploads%2F2025%2F04%2FClaydon-Evolution-Front-Hopper-Toolbar-leaflet-German.pdf&#8221;][vc_single_image image=&#8221;103228&#8243; img_size=&#8221;full&#8221;][\/vc_column][\/vc_row][vc_row full_width=&#8221;stretch_row&#8221; css=&#8221;.vc_custom_1595581583637{margin-top: 0px !important;margin-right: 0px !important;margin-bottom: 0px !important;margin-left: 0px !important;padding-top: 75px !important;padding-bottom: 0px !important;}&#8221; el_class=&#8221;services2 home_cat&#8221;][vc_column css=&#8221;.vc_custom_1460369393337{padding-top: 0px !important;padding-bottom: 0px !important;}&#8221;][vc_row_inner el_class=&#8221;product_sec cat_list&#8221;][vc_column_inner][vc_single_image image=&#8221;103233&#8243; img_size=&#8221;full&#8221; alignment=&#8221;center&#8221;][vc_custom_heading text=&#8221;Evolution Fronttank&#8221; font_container=&#8221;tag:h2|text_align:left|color:%23ca1f26&#8243; use_theme_fonts=&#8221;yes&#8221; css=&#8221;.vc_custom_1744892990197{margin-top: -20px !important;margin-bottom: 10px !important;}&#8221; el_class=&#8221;style5&#8243; link=&#8221;url:https%3A%2F%2Fclaydondrill.com%2Fproduct%2Fevolution-front-hopper%2F|||&#8221;][thememove_button text=&#8221;WEITER LESEN&#8221; url=&#8221;https:\/\/claydondrill.com\/product\/evolution-front-hopper\/&#8221; icon=&#8221;fa-arrow-right&#8221;][\/vc_column_inner][\/vc_row_inner][\/vc_column][\/vc_row]<\/p>\n<\/div>","protected":false},"excerpt":{"rendered":"<p>[vc_row el_class=&#8221;top_desc&#8221;][vc_column width=&#8221;1\/2&#8243;][vc_column_text css=&#8221;&#8221;]Mit einem Gesamtvolumen von 2750 Litern, aufgeteilt im Verh\u00e4ltnis 45\/55 %, ist der Evolution Fronttank druckbeaufschlagt, um<\/p>\n","protected":false},"author":1,"featured_media":0,"parent":0,"menu_order":0,"comment_status":"closed","ping_status":"closed","template":"","meta":{"inline_featured_image":false,"footnotes":""},"class_list":["post-104782","page","type-page","status-publish","hentry"],"yoast_head":"<!-- This site is optimized with the Yoast SEO plugin v27.1.1 - https:\/\/yoast.com\/product\/yoast-seo-wordpress\/ -->\n<title>FRONTTANK - Claydon Drill Seed<\/title>\n<meta name=\"robots\" content=\"index, follow, max-snippet:-1, max-image-preview:large, max-video-preview:-1\" \/>\n<link rel=\"canonical\" href=\"https:\/\/claydondrill.com\/de\/fronttank\/\" \/>\n<meta property=\"og:locale\" content=\"de_DE\" \/>\n<meta property=\"og:type\" content=\"article\" \/>\n<meta property=\"og:title\" content=\"FRONTTANK - Claydon Drill Seed\" \/>\n<meta property=\"og:description\" content=\"[vc_row el_class=&#8221;top_desc&#8221;][vc_column width=&#8221;1\/2&#8243;][vc_column_text css=&#8221;&#8221;]Mit einem Gesamtvolumen von 2750 Litern, aufgeteilt im Verh\u00e4ltnis 45\/55 %, ist der Evolution Fronttank druckbeaufschlagt, um\" \/>\n<meta property=\"og:url\" content=\"https:\/\/claydondrill.com\/de\/fronttank\/\" \/>\n<meta property=\"og:site_name\" content=\"Claydon Drill Seed\" \/>\n<meta name=\"twitter:card\" content=\"summary_large_image\" \/>\n<meta name=\"twitter:label1\" content=\"Gesch\u00e4tzte Lesezeit\" \/>\n\t<meta name=\"twitter:data1\" content=\"2\u00a0Minuten\" \/>\n<script type=\"application\/ld+json\" class=\"yoast-schema-graph\">{\"@context\":\"https:\/\/schema.org\",\"@graph\":[{\"@type\":\"WebPage\",\"@id\":\"https:\/\/claydondrill.com\/de\/fronttank\/\",\"url\":\"https:\/\/claydondrill.com\/de\/fronttank\/\",\"name\":\"FRONTTANK - Claydon Drill Seed\",\"isPartOf\":{\"@id\":\"https:\/\/claydondrill.com\/de\/#website\"},\"datePublished\":\"2025-04-17T12:30:43+00:00\",\"breadcrumb\":{\"@id\":\"https:\/\/claydondrill.com\/de\/fronttank\/#breadcrumb\"},\"inLanguage\":\"de\",\"potentialAction\":[{\"@type\":\"ReadAction\",\"target\":[\"https:\/\/claydondrill.com\/de\/fronttank\/\"]}]},{\"@type\":\"BreadcrumbList\",\"@id\":\"https:\/\/claydondrill.com\/de\/fronttank\/#breadcrumb\",\"itemListElement\":[{\"@type\":\"ListItem\",\"position\":1,\"name\":\"Home\",\"item\":\"https:\/\/claydondrill.com\/de\/\"},{\"@type\":\"ListItem\",\"position\":2,\"name\":\"FRONTTANK\"}]},{\"@type\":\"WebSite\",\"@id\":\"https:\/\/claydondrill.com\/de\/#website\",\"url\":\"https:\/\/claydondrill.com\/de\/\",\"name\":\"Claydon Drill Seed\",\"description\":\"\",\"potentialAction\":[{\"@type\":\"SearchAction\",\"target\":{\"@type\":\"EntryPoint\",\"urlTemplate\":\"https:\/\/claydondrill.com\/de\/?s={search_term_string}\"},\"query-input\":{\"@type\":\"PropertyValueSpecification\",\"valueRequired\":true,\"valueName\":\"search_term_string\"}}],\"inLanguage\":\"de\"}]}<\/script>\n<!-- \/ Yoast SEO plugin. -->","yoast_head_json":{"title":"FRONTTANK - Claydon Drill Seed","robots":{"index":"index","follow":"follow","max-snippet":"max-snippet:-1","max-image-preview":"max-image-preview:large","max-video-preview":"max-video-preview:-1"},"canonical":"https:\/\/claydondrill.com\/de\/fronttank\/","og_locale":"de_DE","og_type":"article","og_title":"FRONTTANK - Claydon Drill Seed","og_description":"[vc_row el_class=&#8221;top_desc&#8221;][vc_column width=&#8221;1\/2&#8243;][vc_column_text css=&#8221;&#8221;]Mit einem Gesamtvolumen von 2750 Litern, aufgeteilt im Verh\u00e4ltnis 45\/55 %, ist der Evolution Fronttank druckbeaufschlagt, um","og_url":"https:\/\/claydondrill.com\/de\/fronttank\/","og_site_name":"Claydon Drill Seed","twitter_card":"summary_large_image","twitter_misc":{"Gesch\u00e4tzte Lesezeit":"2\u00a0Minuten"},"schema":{"@context":"https:\/\/schema.org","@graph":[{"@type":"WebPage","@id":"https:\/\/claydondrill.com\/de\/fronttank\/","url":"https:\/\/claydondrill.com\/de\/fronttank\/","name":"FRONTTANK - Claydon Drill Seed","isPartOf":{"@id":"https:\/\/claydondrill.com\/de\/#website"},"datePublished":"2025-04-17T12:30:43+00:00","breadcrumb":{"@id":"https:\/\/claydondrill.com\/de\/fronttank\/#breadcrumb"},"inLanguage":"de","potentialAction":[{"@type":"ReadAction","target":["https:\/\/claydondrill.com\/de\/fronttank\/"]}]},{"@type":"BreadcrumbList","@id":"https:\/\/claydondrill.com\/de\/fronttank\/#breadcrumb","itemListElement":[{"@type":"ListItem","position":1,"name":"Home","item":"https:\/\/claydondrill.com\/de\/"},{"@type":"ListItem","position":2,"name":"FRONTTANK"}]},{"@type":"WebSite","@id":"https:\/\/claydondrill.com\/de\/#website","url":"https:\/\/claydondrill.com\/de\/","name":"Claydon Drill Seed","description":"","potentialAction":[{"@type":"SearchAction","target":{"@type":"EntryPoint","urlTemplate":"https:\/\/claydondrill.com\/de\/?s={search_term_string}"},"query-input":{"@type":"PropertyValueSpecification","valueRequired":true,"valueName":"search_term_string"}}],"inLanguage":"de"}]}},"_links":{"self":[{"href":"https:\/\/claydondrill.com\/de\/wp-json\/wp\/v2\/pages\/104782","targetHints":{"allow":["GET"]}}],"collection":[{"href":"https:\/\/claydondrill.com\/de\/wp-json\/wp\/v2\/pages"}],"about":[{"href":"https:\/\/claydondrill.com\/de\/wp-json\/wp\/v2\/types\/page"}],"author":[{"embeddable":true,"href":"https:\/\/claydondrill.com\/de\/wp-json\/wp\/v2\/users\/1"}],"replies":[{"embeddable":true,"href":"https:\/\/claydondrill.com\/de\/wp-json\/wp\/v2\/comments?post=104782"}],"version-history":[{"count":0,"href":"https:\/\/claydondrill.com\/de\/wp-json\/wp\/v2\/pages\/104782\/revisions"}],"wp:attachment":[{"href":"https:\/\/claydondrill.com\/de\/wp-json\/wp\/v2\/media?parent=104782"}],"curies":[{"name":"wp","href":"https:\/\/api.w.org\/{rel}","templated":true}]}}