{"id":104765,"date":"2025-04-17T10:53:36","date_gmt":"2025-04-17T10:53:36","guid":{"rendered":"https:\/\/claydondrill.com\/?page_id=104765"},"modified":"2025-04-25T16:09:54","modified_gmt":"2025-04-25T15:09:54","slug":"evolution-m-drill-toolbar","status":"publish","type":"page","link":"https:\/\/claydondrill.com\/de\/evolution-m-drill-toolbar\/","title":{"rendered":"EVOLUTION M &#8211; DRILL TOOLBAR"},"content":{"rendered":"<div class=\"wpb-content-wrapper\"><p>[vc_row el_class=&#8221;top_desc eval_sec&#8221;][vc_column width=&#8221;1\/2&#8243; el_class=&#8221;top_desc&#8221;][vc_custom_heading text=&#8221;Evolution M-Drill Toolbar&#8221; use_theme_fonts=&#8221;yes&#8221; css=&#8221;.vc_custom_1744882665732{margin-bottom: 20px !important;}&#8221;][vc_column_text]Die Evolution Drill Toolbar kann in Kombination mit dem Evolution Fronttank verwendet werden und ist in Arbeitsbreiten von 3 m, 4 m, 4,5 m, 4,8 m, 5 m oder 6 m erh\u00e4ltlich.<\/p>\n<p>Die Standardausstattung umfasst einen Verteilerkopf mit 38-mm-S\u00e4chl\u00e4uchen. Ein zweiter Verteilerkopf kann optional hinzugef\u00fcgt werden, sodass D\u00fcnger entweder an die vordere F\u00fchrungszinken oder an die hintere S\u00e4schare geliefert werden kann.[\/vc_column_text][\/vc_column][vc_column width=&#8221;1\/2&#8243; el_class=&#8221;frtlizer&#8221;][vc_single_image image=&#8221;104272&#8243; img_size=&#8221;full&#8221;][vc_btn title=&#8221;Toolbar-Brosch\u00fcre herunterladen&#8221; align=&#8221;center&#8221; link=&#8221;url:https%3A%2F%2Fclaydondrill.com%2Fwp-content%2Fuploads%2F2025%2F04%2FClaydon-Evolution-Front-Hopper-Toolbar-leaflet-German.pdf||target:%20_blank|&#8221; el_class=&#8221;lf_btn&#8221;][\/vc_column][\/vc_row][vc_row full_width=&#8221;stretch_row&#8221; css=&#8221;.vc_custom_1674640247071{margin-top: 0px !important;margin-right: 0px !important;margin-bottom: 0px !important;margin-left: 0px !important;padding-top: 75px !important;padding-bottom: 0px !important;}&#8221; el_class=&#8221;services2 home_cat&#8221;][vc_column css=&#8221;.vc_custom_1460369393337{padding-top: 0px !important;padding-bottom: 0px !important;}&#8221;][vc_row_inner el_class=&#8221;product_sec cat_list&#8221;][vc_column_inner width=&#8221;1\/3&#8243;][vc_single_image image=&#8221;103270&#8243; img_size=&#8221;full&#8221; alignment=&#8221;center&#8221;][vc_custom_heading text=&#8221;M6 Evolution Drill Toolbar&#8221; font_container=&#8221;tag:h3|text_align:left|color:%23ca1f26&#8243; use_theme_fonts=&#8221;yes&#8221; css=&#8221;.vc_custom_1745593767473{margin-top: -20px !important;margin-bottom: 10px !important;}&#8221; el_class=&#8221;style5&#8243; link=&#8221;url:https%3A%2F%2Fclaydondrill.com%2Fde%2Fproduct%2Fm6-evolution-drill-toolbar%2F&#8221;][\/vc_column_inner][vc_column_inner width=&#8221;1\/3&#8243;][vc_single_image image=&#8221;103265&#8243; img_size=&#8221;full&#8221; alignment=&#8221;center&#8221;][vc_custom_heading text=&#8221;M5 Evolution Drill Toolbar&#8221; font_container=&#8221;tag:h3|text_align:left|color:%23ca1f26&#8243; use_theme_fonts=&#8221;yes&#8221; css=&#8221;.vc_custom_1745593623599{margin-top: -20px !important;margin-bottom: 10px !important;}&#8221; el_class=&#8221;style5&#8243; link=&#8221;url:https%3A%2F%2Fclaydondrill.com%2Fde%2Fproduct%2Fm5-evolution-drill-toolbar%2F&#8221;][\/vc_column_inner][vc_column_inner width=&#8221;1\/3&#8243;][vc_single_image image=&#8221;103250&#8243; img_size=&#8221;full&#8221; alignment=&#8221;center&#8221;][vc_custom_heading text=&#8221;M4,8 Evolution Drill Toolbar&#8221; font_container=&#8221;tag:h3|text_align:left|color:%23ca1f26&#8243; use_theme_fonts=&#8221;yes&#8221; css=&#8221;.vc_custom_1745593777736{margin-top: -20px !important;margin-bottom: 10px !important;}&#8221; el_class=&#8221;style5&#8243; link=&#8221;url:https%3A%2F%2Fclaydondrill.com%2Fde%2Fproduct%2Fm4-8-evolution-drill-toolbar%2F&#8221;][\/vc_column_inner][\/vc_row_inner][vc_row_inner el_class=&#8221;product_sec cat_list&#8221;][vc_column_inner width=&#8221;1\/3&#8243;][vc_single_image image=&#8221;103280&#8243; img_size=&#8221;full&#8221; alignment=&#8221;center&#8221;][vc_custom_heading text=&#8221;M4,5 Evolution Drill Toolbar&#8221; font_container=&#8221;tag:h3|text_align:left|color:%23ca1f26&#8243; use_theme_fonts=&#8221;yes&#8221; css=&#8221;.vc_custom_1745593788143{margin-top: -20px !important;margin-bottom: 10px !important;}&#8221; el_class=&#8221;style5&#8243; link=&#8221;url:https%3A%2F%2Fclaydondrill.com%2Fde%2Fproduct%2Fm4-5-evolution-drill-toolbar%2F&#8221;][\/vc_column_inner][vc_column_inner width=&#8221;1\/3&#8243;][vc_single_image image=&#8221;103255&#8243; img_size=&#8221;full&#8221; alignment=&#8221;center&#8221;][vc_custom_heading text=&#8221;M4 Evolution Drill Toolbar&#8221; font_container=&#8221;tag:h3|text_align:left|color:%23ca1f26&#8243; use_theme_fonts=&#8221;yes&#8221; css=&#8221;.vc_custom_1745593611309{margin-top: -20px !important;margin-bottom: 10px !important;}&#8221; el_class=&#8221;style5&#8243; link=&#8221;url:https%3A%2F%2Fclaydondrill.com%2Fde%2Fproduct%2Fm4-evolution-drill-toolbar%2F&#8221;][\/vc_column_inner][vc_column_inner width=&#8221;1\/3&#8243;][vc_single_image image=&#8221;103260&#8243; img_size=&#8221;full&#8221; alignment=&#8221;center&#8221;][vc_custom_heading text=&#8221;M4R Evolution Drill Toolbar&#8221; font_container=&#8221;tag:h3|text_align:left|color:%23ca1f26&#8243; use_theme_fonts=&#8221;yes&#8221; css=&#8221;.vc_custom_1745593605918{margin-top: -20px !important;margin-bottom: 10px !important;}&#8221; el_class=&#8221;style5&#8243; link=&#8221;url:https%3A%2F%2Fclaydondrill.com%2Fde%2Fproduct%2Fm4r-evolution-drill-toolbar%2F&#8221;][\/vc_column_inner][\/vc_row_inner][vc_row_inner el_class=&#8221;product_sec cat_list&#8221;][vc_column_inner width=&#8221;1\/3&#8243;][vc_single_image image=&#8221;103275&#8243; img_size=&#8221;full&#8221; alignment=&#8221;center&#8221;][vc_custom_heading text=&#8221;M3 Evolution Drill Toolbar&#8221; font_container=&#8221;tag:h3|text_align:left|color:%23ca1f26&#8243; use_theme_fonts=&#8221;yes&#8221; css=&#8221;.vc_custom_1745593601822{margin-top: -20px !important;margin-bottom: 10px !important;}&#8221; el_class=&#8221;style5&#8243; link=&#8221;url:https%3A%2F%2Fclaydondrill.com%2Fde%2Fproduct%2Fm3-evolution-drill-toolbar%2F&#8221;][\/vc_column_inner][vc_column_inner width=&#8221;1\/3&#8243;][\/vc_column_inner][vc_column_inner width=&#8221;1\/3&#8243;][\/vc_column_inner][\/vc_row_inner][\/vc_column][\/vc_row]<\/p>\n<\/div>","protected":false},"excerpt":{"rendered":"<p>[vc_row el_class=&#8221;top_desc eval_sec&#8221;][vc_column width=&#8221;1\/2&#8243; el_class=&#8221;top_desc&#8221;][vc_custom_heading text=&#8221;Evolution M-Drill Toolbar&#8221; use_theme_fonts=&#8221;yes&#8221; css=&#8221;.vc_custom_1744882665732{margin-bottom: 20px !important;}&#8221;][vc_column_text]Die Evolution Drill Toolbar kann in Kombination mit dem<\/p>\n","protected":false},"author":1,"featured_media":0,"parent":0,"menu_order":0,"comment_status":"closed","ping_status":"closed","template":"","meta":{"inline_featured_image":false,"footnotes":""},"class_list":["post-104765","page","type-page","status-publish","hentry"],"yoast_head":"<!-- This site is optimized with the Yoast SEO plugin v27.1.1 - https:\/\/yoast.com\/product\/yoast-seo-wordpress\/ -->\n<title>EVOLUTION M - DRILL TOOLBAR - Claydon Drill Seed<\/title>\n<meta name=\"robots\" content=\"index, follow, max-snippet:-1, max-image-preview:large, max-video-preview:-1\" \/>\n<link rel=\"canonical\" href=\"https:\/\/claydondrill.com\/de\/evolution-m-drill-toolbar\/\" \/>\n<meta property=\"og:locale\" content=\"de_DE\" \/>\n<meta property=\"og:type\" content=\"article\" \/>\n<meta property=\"og:title\" content=\"EVOLUTION M - DRILL TOOLBAR - Claydon Drill Seed\" \/>\n<meta property=\"og:description\" content=\"[vc_row el_class=&#8221;top_desc eval_sec&#8221;][vc_column width=&#8221;1\/2&#8243; el_class=&#8221;top_desc&#8221;][vc_custom_heading text=&#8221;Evolution M-Drill Toolbar&#8221; use_theme_fonts=&#8221;yes&#8221; css=&#8221;.vc_custom_1744882665732{margin-bottom: 20px !important;}&#8221;][vc_column_text]Die Evolution Drill Toolbar kann in Kombination mit dem\" \/>\n<meta property=\"og:url\" content=\"https:\/\/claydondrill.com\/de\/evolution-m-drill-toolbar\/\" \/>\n<meta property=\"og:site_name\" content=\"Claydon Drill Seed\" \/>\n<meta property=\"article:modified_time\" content=\"2025-04-25T15:09:54+00:00\" \/>\n<meta name=\"twitter:card\" content=\"summary_large_image\" \/>\n<meta name=\"twitter:label1\" content=\"Gesch\u00e4tzte Lesezeit\" \/>\n\t<meta name=\"twitter:data1\" content=\"3\u00a0Minuten\" \/>\n<script type=\"application\/ld+json\" class=\"yoast-schema-graph\">{\"@context\":\"https:\/\/schema.org\",\"@graph\":[{\"@type\":\"WebPage\",\"@id\":\"https:\/\/claydondrill.com\/de\/evolution-m-drill-toolbar\/\",\"url\":\"https:\/\/claydondrill.com\/de\/evolution-m-drill-toolbar\/\",\"name\":\"EVOLUTION M - DRILL TOOLBAR - Claydon Drill Seed\",\"isPartOf\":{\"@id\":\"https:\/\/claydondrill.com\/de\/#website\"},\"datePublished\":\"2025-04-17T10:53:36+00:00\",\"dateModified\":\"2025-04-25T15:09:54+00:00\",\"breadcrumb\":{\"@id\":\"https:\/\/claydondrill.com\/de\/evolution-m-drill-toolbar\/#breadcrumb\"},\"inLanguage\":\"de\",\"potentialAction\":[{\"@type\":\"ReadAction\",\"target\":[\"https:\/\/claydondrill.com\/de\/evolution-m-drill-toolbar\/\"]}]},{\"@type\":\"BreadcrumbList\",\"@id\":\"https:\/\/claydondrill.com\/de\/evolution-m-drill-toolbar\/#breadcrumb\",\"itemListElement\":[{\"@type\":\"ListItem\",\"position\":1,\"name\":\"Home\",\"item\":\"https:\/\/claydondrill.com\/de\/\"},{\"@type\":\"ListItem\",\"position\":2,\"name\":\"EVOLUTION M &#8211; DRILL TOOLBAR\"}]},{\"@type\":\"WebSite\",\"@id\":\"https:\/\/claydondrill.com\/de\/#website\",\"url\":\"https:\/\/claydondrill.com\/de\/\",\"name\":\"Claydon Drill Seed\",\"description\":\"\",\"potentialAction\":[{\"@type\":\"SearchAction\",\"target\":{\"@type\":\"EntryPoint\",\"urlTemplate\":\"https:\/\/claydondrill.com\/de\/?s={search_term_string}\"},\"query-input\":{\"@type\":\"PropertyValueSpecification\",\"valueRequired\":true,\"valueName\":\"search_term_string\"}}],\"inLanguage\":\"de\"}]}<\/script>\n<!-- \/ Yoast SEO plugin. -->","yoast_head_json":{"title":"EVOLUTION M - DRILL TOOLBAR - Claydon Drill Seed","robots":{"index":"index","follow":"follow","max-snippet":"max-snippet:-1","max-image-preview":"max-image-preview:large","max-video-preview":"max-video-preview:-1"},"canonical":"https:\/\/claydondrill.com\/de\/evolution-m-drill-toolbar\/","og_locale":"de_DE","og_type":"article","og_title":"EVOLUTION M - DRILL TOOLBAR - Claydon Drill Seed","og_description":"[vc_row el_class=&#8221;top_desc eval_sec&#8221;][vc_column width=&#8221;1\/2&#8243; el_class=&#8221;top_desc&#8221;][vc_custom_heading text=&#8221;Evolution M-Drill Toolbar&#8221; use_theme_fonts=&#8221;yes&#8221; css=&#8221;.vc_custom_1744882665732{margin-bottom: 20px !important;}&#8221;][vc_column_text]Die Evolution Drill Toolbar kann in Kombination mit dem","og_url":"https:\/\/claydondrill.com\/de\/evolution-m-drill-toolbar\/","og_site_name":"Claydon Drill Seed","article_modified_time":"2025-04-25T15:09:54+00:00","twitter_card":"summary_large_image","twitter_misc":{"Gesch\u00e4tzte Lesezeit":"3\u00a0Minuten"},"schema":{"@context":"https:\/\/schema.org","@graph":[{"@type":"WebPage","@id":"https:\/\/claydondrill.com\/de\/evolution-m-drill-toolbar\/","url":"https:\/\/claydondrill.com\/de\/evolution-m-drill-toolbar\/","name":"EVOLUTION M - DRILL TOOLBAR - Claydon Drill Seed","isPartOf":{"@id":"https:\/\/claydondrill.com\/de\/#website"},"datePublished":"2025-04-17T10:53:36+00:00","dateModified":"2025-04-25T15:09:54+00:00","breadcrumb":{"@id":"https:\/\/claydondrill.com\/de\/evolution-m-drill-toolbar\/#breadcrumb"},"inLanguage":"de","potentialAction":[{"@type":"ReadAction","target":["https:\/\/claydondrill.com\/de\/evolution-m-drill-toolbar\/"]}]},{"@type":"BreadcrumbList","@id":"https:\/\/claydondrill.com\/de\/evolution-m-drill-toolbar\/#breadcrumb","itemListElement":[{"@type":"ListItem","position":1,"name":"Home","item":"https:\/\/claydondrill.com\/de\/"},{"@type":"ListItem","position":2,"name":"EVOLUTION M &#8211; DRILL TOOLBAR"}]},{"@type":"WebSite","@id":"https:\/\/claydondrill.com\/de\/#website","url":"https:\/\/claydondrill.com\/de\/","name":"Claydon Drill Seed","description":"","potentialAction":[{"@type":"SearchAction","target":{"@type":"EntryPoint","urlTemplate":"https:\/\/claydondrill.com\/de\/?s={search_term_string}"},"query-input":{"@type":"PropertyValueSpecification","valueRequired":true,"valueName":"search_term_string"}}],"inLanguage":"de"}]}},"_links":{"self":[{"href":"https:\/\/claydondrill.com\/de\/wp-json\/wp\/v2\/pages\/104765","targetHints":{"allow":["GET"]}}],"collection":[{"href":"https:\/\/claydondrill.com\/de\/wp-json\/wp\/v2\/pages"}],"about":[{"href":"https:\/\/claydondrill.com\/de\/wp-json\/wp\/v2\/types\/page"}],"author":[{"embeddable":true,"href":"https:\/\/claydondrill.com\/de\/wp-json\/wp\/v2\/users\/1"}],"replies":[{"embeddable":true,"href":"https:\/\/claydondrill.com\/de\/wp-json\/wp\/v2\/comments?post=104765"}],"version-history":[{"count":0,"href":"https:\/\/claydondrill.com\/de\/wp-json\/wp\/v2\/pages\/104765\/revisions"}],"wp:attachment":[{"href":"https:\/\/claydondrill.com\/de\/wp-json\/wp\/v2\/media?parent=104765"}],"curies":[{"name":"wp","href":"https:\/\/api.w.org\/{rel}","templated":true}]}}