{"id":104695,"date":"2025-02-06T10:25:40","date_gmt":"2025-02-06T10:25:40","guid":{"rendered":"https:\/\/claydondrill.com\/?page_id=104695"},"modified":"2025-02-24T09:44:51","modified_gmt":"2025-02-24T09:44:51","slug":"think-change","status":"publish","type":"page","link":"https:\/\/claydondrill.com\/de\/denken-sie-anders\/","title":{"rendered":"DENKEN SIE ANDERS"},"content":{"rendered":"<div class=\"wpb-content-wrapper\"><p>[vc_row][vc_column][vc_column_text css=&#8221;.vc_custom_1740388054023{padding-top: 20px !important;padding-right: 20px !important;padding-bottom: 20px !important;padding-left: 20px !important;background-color: #ededed !important;}&#8221;]Angesichts des zunehmenden Drucks, dem Landwirte und Erzeuger weltweit ausgesetzt sind, ist jetzt der richtige Zeitpunkt, Ihr Denken dar\u00fcber zu \u00e4ndern, wie Sie Ihre Pflanzen etablieren?[\/vc_column_text][\/vc_column][\/vc_row][vc_row][vc_column width=&#8221;1\/2&#8243;][vc_column_text css=&#8221;.vc_custom_1738937461224{padding-top: 20px !important;padding-right: 20px !important;padding-bottom: 20px !important;padding-left: 20px !important;background-color: #8aa8cc !important;border-radius: 3px !important;}&#8221;]<img decoding=\"async\" class=\"alignnone wp-image-104821 size-full\" src=\"https:\/\/claydondrill.com\/wp-content\/uploads\/2025\/02\/CLD741-DE-THINK-Thumbnails-2.jpg\" alt=\"\" width=\"2008\" height=\"1100\" srcset=\"https:\/\/claydondrill.com\/wp-content\/uploads\/2025\/02\/CLD741-DE-THINK-Thumbnails-2.jpg 2008w, https:\/\/claydondrill.com\/wp-content\/uploads\/2025\/02\/CLD741-DE-THINK-Thumbnails-2-300x164.jpg 300w, https:\/\/claydondrill.com\/wp-content\/uploads\/2025\/02\/CLD741-DE-THINK-Thumbnails-2-1024x561.jpg 1024w, https:\/\/claydondrill.com\/wp-content\/uploads\/2025\/02\/CLD741-DE-THINK-Thumbnails-2-768x421.jpg 768w, https:\/\/claydondrill.com\/wp-content\/uploads\/2025\/02\/CLD741-DE-THINK-Thumbnails-2-1536x841.jpg 1536w, https:\/\/claydondrill.com\/wp-content\/uploads\/2025\/02\/CLD741-DE-THINK-Thumbnails-2-600x329.jpg 600w\" sizes=\"(max-width: 2008px) 100vw, 2008px\" \/><\/p>\n<p>\u201eMit dem Pflug schaffte ich gerade einmal 12 ha am Tag und musste anschlie\u00dfend noch kultivieren und s\u00e4en \u2013 ein enormer Aufwand mit einem Verbrauch von rund 44 l\/ ha. Das Claydon-System hingegen bew\u00e4ltigt in nur einer \u00dcberfahrt ganze 24 ha am Tag und ben\u00f6tigt dabei gerade einmal 14,8 l\/ ha.&#8221;[\/vc_column_text][\/vc_column][vc_column width=&#8221;1\/2&#8243;][vc_column_text css=&#8221;.vc_custom_1738937569422{padding-top: 20px !important;padding-right: 20px !important;padding-bottom: 20px !important;padding-left: 20px !important;background-color: #ffc94d !important;}&#8221;]<img decoding=\"async\" class=\"alignnone wp-image-104816 size-full\" src=\"https:\/\/claydondrill.com\/wp-content\/uploads\/2025\/02\/CLD741-DE-THINK-Thumbnails2-2.jpg\" alt=\"\" width=\"2008\" height=\"1100\" srcset=\"https:\/\/claydondrill.com\/wp-content\/uploads\/2025\/02\/CLD741-DE-THINK-Thumbnails2-2.jpg 2008w, https:\/\/claydondrill.com\/wp-content\/uploads\/2025\/02\/CLD741-DE-THINK-Thumbnails2-2-300x164.jpg 300w, https:\/\/claydondrill.com\/wp-content\/uploads\/2025\/02\/CLD741-DE-THINK-Thumbnails2-2-1024x561.jpg 1024w, https:\/\/claydondrill.com\/wp-content\/uploads\/2025\/02\/CLD741-DE-THINK-Thumbnails2-2-768x421.jpg 768w, https:\/\/claydondrill.com\/wp-content\/uploads\/2025\/02\/CLD741-DE-THINK-Thumbnails2-2-1536x841.jpg 1536w, https:\/\/claydondrill.com\/wp-content\/uploads\/2025\/02\/CLD741-DE-THINK-Thumbnails2-2-600x329.jpg 600w\" sizes=\"(max-width: 2008px) 100vw, 2008px\" \/><\/p>\n<p>\u201eSeit dem Wechsel von der herk\u00f6mmlichen Direktsaat zur Direktaussaat mit dem Claydon Opti-Till\u00ae System hat sich die Leistung unserer Kulturen erheblich verbessert, insbesondere auf den Vorgewenden.\u201c[\/vc_column_text][\/vc_column][\/vc_row][vc_row][vc_column width=&#8221;1\/2&#8243;][vc_column_text css=&#8221;.vc_custom_1738937593017{padding-top: 20px !important;padding-right: 20px !important;padding-bottom: 20px !important;padding-left: 20px !important;background-color: #c79a7d !important;}&#8221;]<img decoding=\"async\" class=\"alignnone wp-image-104811 size-full\" src=\"https:\/\/claydondrill.com\/wp-content\/uploads\/2025\/02\/CLD741-DE-THINK-Thumbnails3-2.jpg\" alt=\"\" width=\"2008\" height=\"1100\" srcset=\"https:\/\/claydondrill.com\/wp-content\/uploads\/2025\/02\/CLD741-DE-THINK-Thumbnails3-2.jpg 2008w, https:\/\/claydondrill.com\/wp-content\/uploads\/2025\/02\/CLD741-DE-THINK-Thumbnails3-2-300x164.jpg 300w, https:\/\/claydondrill.com\/wp-content\/uploads\/2025\/02\/CLD741-DE-THINK-Thumbnails3-2-1024x561.jpg 1024w, https:\/\/claydondrill.com\/wp-content\/uploads\/2025\/02\/CLD741-DE-THINK-Thumbnails3-2-768x421.jpg 768w, https:\/\/claydondrill.com\/wp-content\/uploads\/2025\/02\/CLD741-DE-THINK-Thumbnails3-2-1536x841.jpg 1536w, https:\/\/claydondrill.com\/wp-content\/uploads\/2025\/02\/CLD741-DE-THINK-Thumbnails3-2-600x329.jpg 600w\" sizes=\"(max-width: 2008px) 100vw, 2008px\" \/><\/p>\n<p>\u201eDieser Ansatz hat die Bodenerosion drastisch verringert und die Bodenbeschaffenheit, Produktivit\u00e4t sowie die \u00d6kologie ver\u00e4ndert.&#8221;[\/vc_column_text][\/vc_column][vc_column width=&#8221;1\/2&#8243;][vc_column_text css=&#8221;.vc_custom_1738937618181{padding-top: 20px !important;padding-right: 20px !important;padding-bottom: 20px !important;padding-left: 20px !important;background-color: #b5a5c0 !important;}&#8221;]<img decoding=\"async\" class=\"alignnone wp-image-104801 size-full\" src=\"https:\/\/claydondrill.com\/wp-content\/uploads\/2025\/02\/CLD741-DE-THINK-Thumbnails5-2.jpg\" alt=\"\" width=\"2008\" height=\"1100\" srcset=\"https:\/\/claydondrill.com\/wp-content\/uploads\/2025\/02\/CLD741-DE-THINK-Thumbnails5-2.jpg 2008w, https:\/\/claydondrill.com\/wp-content\/uploads\/2025\/02\/CLD741-DE-THINK-Thumbnails5-2-300x164.jpg 300w, https:\/\/claydondrill.com\/wp-content\/uploads\/2025\/02\/CLD741-DE-THINK-Thumbnails5-2-1024x561.jpg 1024w, https:\/\/claydondrill.com\/wp-content\/uploads\/2025\/02\/CLD741-DE-THINK-Thumbnails5-2-768x421.jpg 768w, https:\/\/claydondrill.com\/wp-content\/uploads\/2025\/02\/CLD741-DE-THINK-Thumbnails5-2-1536x841.jpg 1536w, https:\/\/claydondrill.com\/wp-content\/uploads\/2025\/02\/CLD741-DE-THINK-Thumbnails5-2-600x329.jpg 600w\" sizes=\"(max-width: 2008px) 100vw, 2008px\" \/><\/p>\n<p>\u201eStatt eine zweite Person f\u00fcr das Pfl\u00fcgen, Kultivieren und S\u00e4en zu ben\u00f6tigen, arbeiten wir jetzt mit einer Ein-Mann-Ein-Traktor-Ein-Durchgang-Methode.[\/vc_column_text][\/vc_column][\/vc_row][vc_row][vc_column width=&#8221;1\/2&#8243;][vc_column_text css=&#8221;.vc_custom_1738937651427{padding-top: 20px !important;padding-right: 20px !important;padding-bottom: 20px !important;padding-left: 20px !important;background-color: #95b19b !important;}&#8221;]<img decoding=\"async\" class=\"alignnone wp-image-104796 size-full\" src=\"https:\/\/claydondrill.com\/wp-content\/uploads\/2025\/02\/CLD741-DE-THINK-Thumbnails6-2.jpg\" alt=\"\" width=\"2008\" height=\"1100\" srcset=\"https:\/\/claydondrill.com\/wp-content\/uploads\/2025\/02\/CLD741-DE-THINK-Thumbnails6-2.jpg 2008w, https:\/\/claydondrill.com\/wp-content\/uploads\/2025\/02\/CLD741-DE-THINK-Thumbnails6-2-300x164.jpg 300w, https:\/\/claydondrill.com\/wp-content\/uploads\/2025\/02\/CLD741-DE-THINK-Thumbnails6-2-1024x561.jpg 1024w, https:\/\/claydondrill.com\/wp-content\/uploads\/2025\/02\/CLD741-DE-THINK-Thumbnails6-2-768x421.jpg 768w, https:\/\/claydondrill.com\/wp-content\/uploads\/2025\/02\/CLD741-DE-THINK-Thumbnails6-2-1536x841.jpg 1536w, https:\/\/claydondrill.com\/wp-content\/uploads\/2025\/02\/CLD741-DE-THINK-Thumbnails6-2-600x329.jpg 600w\" sizes=\"(max-width: 2008px) 100vw, 2008px\" \/><\/p>\n<p>\u201eDas System leistet hervorragende Arbeit bei der Feuchtigkeitsspeicherung, und da ein Gro\u00dfteil des Bodens unber\u00fchrt bleibt, werden die Stoppeln und Wurzelstrukturen erhalten. Dies hilft, Bodenverwehungen zu verhindern, insbesondere bei leichtem Boden, der durch \u00dcberbearbeitung anf\u00e4llig wird.\u201c[\/vc_column_text][\/vc_column][vc_column width=&#8221;1\/2&#8243;][vc_column_text css=&#8221;.vc_custom_1738937676323{padding-top: 20px !important;padding-right: 20px !important;padding-bottom: 20px !important;padding-left: 20px !important;background-color: #b3b3b3 !important;}&#8221;]<img decoding=\"async\" class=\"alignnone wp-image-104791 size-full\" src=\"https:\/\/claydondrill.com\/wp-content\/uploads\/2025\/02\/CLD741-DE-THINK-Thumbnails7-2.jpg\" alt=\"\" width=\"2008\" height=\"1100\" srcset=\"https:\/\/claydondrill.com\/wp-content\/uploads\/2025\/02\/CLD741-DE-THINK-Thumbnails7-2.jpg 2008w, https:\/\/claydondrill.com\/wp-content\/uploads\/2025\/02\/CLD741-DE-THINK-Thumbnails7-2-300x164.jpg 300w, https:\/\/claydondrill.com\/wp-content\/uploads\/2025\/02\/CLD741-DE-THINK-Thumbnails7-2-1024x561.jpg 1024w, https:\/\/claydondrill.com\/wp-content\/uploads\/2025\/02\/CLD741-DE-THINK-Thumbnails7-2-768x421.jpg 768w, https:\/\/claydondrill.com\/wp-content\/uploads\/2025\/02\/CLD741-DE-THINK-Thumbnails7-2-1536x841.jpg 1536w, https:\/\/claydondrill.com\/wp-content\/uploads\/2025\/02\/CLD741-DE-THINK-Thumbnails7-2-600x329.jpg 600w\" sizes=\"(max-width: 2008px) 100vw, 2008px\" \/><\/p>\n<p>\u201eEines der wichtigsten Merkmale der Claydon-S\u00e4maschine ist ihre Einfachheit und die niedrigen Betriebskosten. Ich kann alle Verschlei\u00dfteile in weniger als zwei Stunden austauschen.\u201c[\/vc_column_text][\/vc_column][\/vc_row][vc_row][vc_column width=&#8221;1\/2&#8243;][vc_column_text css=&#8221;.vc_custom_1738937704095{padding-top: 20px !important;padding-right: 20px !important;padding-bottom: 20px !important;padding-left: 20px !important;background-color: #dfe58b !important;}&#8221;]<img decoding=\"async\" class=\"alignnone wp-image-104806 size-full\" src=\"https:\/\/claydondrill.com\/wp-content\/uploads\/2025\/02\/CLD741-DE-THINK-Thumbnails4-2.jpg\" alt=\"\" width=\"2008\" height=\"1100\" srcset=\"https:\/\/claydondrill.com\/wp-content\/uploads\/2025\/02\/CLD741-DE-THINK-Thumbnails4-2.jpg 2008w, https:\/\/claydondrill.com\/wp-content\/uploads\/2025\/02\/CLD741-DE-THINK-Thumbnails4-2-300x164.jpg 300w, https:\/\/claydondrill.com\/wp-content\/uploads\/2025\/02\/CLD741-DE-THINK-Thumbnails4-2-1024x561.jpg 1024w, https:\/\/claydondrill.com\/wp-content\/uploads\/2025\/02\/CLD741-DE-THINK-Thumbnails4-2-768x421.jpg 768w, https:\/\/claydondrill.com\/wp-content\/uploads\/2025\/02\/CLD741-DE-THINK-Thumbnails4-2-1536x841.jpg 1536w, https:\/\/claydondrill.com\/wp-content\/uploads\/2025\/02\/CLD741-DE-THINK-Thumbnails4-2-600x329.jpg 600w\" sizes=\"(max-width: 2008px) 100vw, 2008px\" \/><\/p>\n<p>\u201eDie Direktasaat wird denen nicht gefallen, die den Boden beim S\u00e4en braun und frei von Stoppeln sehen wollen.\u00a0 Aber diejenigen, die ein System nach seinen Vorteilen beurteilen, werden die Vorz\u00fcge erkennen. Ohne dieses System h\u00e4tten wir niemals mehr Land bewirtschaften und gleichzeitig ein Leben au\u00dferhalb der Landwirtschaft f\u00fchren k\u00f6nnen.\u201c[\/vc_column_text][\/vc_column][\/vc_row][vc_row][vc_column][vc_column_text]<img decoding=\"async\" class=\"aligncenter wp-image-105122 size-full\" src=\"https:\/\/claydondrill.com\/wp-content\/uploads\/2025\/02\/THINK-DE.jpg\" alt=\"\" width=\"872\" height=\"484\" srcset=\"https:\/\/claydondrill.com\/wp-content\/uploads\/2025\/02\/THINK-DE.jpg 872w, https:\/\/claydondrill.com\/wp-content\/uploads\/2025\/02\/THINK-DE-300x167.jpg 300w, https:\/\/claydondrill.com\/wp-content\/uploads\/2025\/02\/THINK-DE-768x426.jpg 768w, https:\/\/claydondrill.com\/wp-content\/uploads\/2025\/02\/THINK-DE-600x333.jpg 600w\" sizes=\"(max-width: 872px) 100vw, 872px\" \/><\/p>\n<p>Falls Sie Ihr Etablierungssystem neu \u00fcberdenken, k\u00f6nnte unsere THINK-Brosch\u00fcre f\u00fcr Sie n\u00fctzlich sein. Sie liegt in einem praktischen Taschenformat vor und ist vollgepackt mit interessanten Informationen.<\/p>\n<p>Um Ihre kostenlose digitale Kopie unseres THINK-Brosch\u00fcres zu erhalten, melden Sie sich zu unseren E-Mail-Updates an, indem Sie eine E-Mail an\u00a0 <a href=\"mailto:marketing@claydondrill.com?subject=Claydon%20THINK-Leaflet-DE\"><span style=\"color: #000000;\"><strong>marketing@claydondrill.com<\/strong><\/span><\/a> senden.[\/vc_column_text][\/vc_column][\/vc_row]<\/p>\n<\/div>","protected":false},"excerpt":{"rendered":"<p>[vc_row][vc_column][vc_column_text css=&#8221;.vc_custom_1740388054023{padding-top: 20px !important;padding-right: 20px !important;padding-bottom: 20px !important;padding-left: 20px !important;background-color: #ededed !important;}&#8221;]Angesichts des zunehmenden Drucks, dem Landwirte und Erzeuger weltweit<\/p>\n","protected":false},"author":1,"featured_media":0,"parent":0,"menu_order":0,"comment_status":"closed","ping_status":"closed","template":"","meta":{"inline_featured_image":false,"footnotes":""},"class_list":["post-104695","page","type-page","status-publish","hentry"],"yoast_head":"<!-- This site is optimized with the Yoast SEO plugin v27.1.1 - https:\/\/yoast.com\/product\/yoast-seo-wordpress\/ -->\n<title>DENKEN SIE ANDERS - Claydon Drill Seed<\/title>\n<meta name=\"robots\" content=\"index, follow, max-snippet:-1, max-image-preview:large, max-video-preview:-1\" \/>\n<link rel=\"canonical\" href=\"https:\/\/claydondrill.com\/de\/denken-sie-anders\/\" \/>\n<meta property=\"og:locale\" content=\"de_DE\" \/>\n<meta property=\"og:type\" content=\"article\" \/>\n<meta property=\"og:title\" content=\"DENKEN SIE ANDERS - Claydon Drill Seed\" \/>\n<meta property=\"og:description\" content=\"[vc_row][vc_column][vc_column_text css=&#8221;.vc_custom_1740388054023{padding-top: 20px !important;padding-right: 20px !important;padding-bottom: 20px !important;padding-left: 20px !important;background-color: #ededed !important;}&#8221;]Angesichts des zunehmenden Drucks, dem Landwirte und Erzeuger weltweit\" \/>\n<meta property=\"og:url\" content=\"https:\/\/claydondrill.com\/de\/denken-sie-anders\/\" \/>\n<meta property=\"og:site_name\" content=\"Claydon Drill Seed\" \/>\n<meta property=\"article:modified_time\" content=\"2025-02-24T09:44:51+00:00\" \/>\n<meta property=\"og:image\" content=\"https:\/\/claydondrill.com\/wp-content\/uploads\/2025\/02\/CLD741-DE-THINK-Thumbnails-2.jpg\" \/>\n\t<meta property=\"og:image:width\" content=\"2008\" \/>\n\t<meta property=\"og:image:height\" content=\"1100\" \/>\n\t<meta property=\"og:image:type\" content=\"image\/jpeg\" \/>\n<meta name=\"twitter:card\" content=\"summary_large_image\" \/>\n<meta name=\"twitter:label1\" content=\"Gesch\u00e4tzte Lesezeit\" \/>\n\t<meta name=\"twitter:data1\" content=\"4\u00a0Minuten\" \/>\n<script type=\"application\/ld+json\" class=\"yoast-schema-graph\">{\"@context\":\"https:\/\/schema.org\",\"@graph\":[{\"@type\":\"WebPage\",\"@id\":\"https:\/\/claydondrill.com\/de\/denken-sie-anders\/\",\"url\":\"https:\/\/claydondrill.com\/de\/denken-sie-anders\/\",\"name\":\"DENKEN SIE ANDERS - Claydon Drill Seed\",\"isPartOf\":{\"@id\":\"https:\/\/claydondrill.com\/de\/#website\"},\"primaryImageOfPage\":{\"@id\":\"https:\/\/claydondrill.com\/de\/denken-sie-anders\/#primaryimage\"},\"image\":{\"@id\":\"https:\/\/claydondrill.com\/de\/denken-sie-anders\/#primaryimage\"},\"thumbnailUrl\":\"https:\/\/claydondrill.com\/wp-content\/uploads\/2025\/02\/CLD741-DE-THINK-Thumbnails-2.jpg\",\"datePublished\":\"2025-02-06T10:25:40+00:00\",\"dateModified\":\"2025-02-24T09:44:51+00:00\",\"breadcrumb\":{\"@id\":\"https:\/\/claydondrill.com\/de\/denken-sie-anders\/#breadcrumb\"},\"inLanguage\":\"de\",\"potentialAction\":[{\"@type\":\"ReadAction\",\"target\":[\"https:\/\/claydondrill.com\/de\/denken-sie-anders\/\"]}]},{\"@type\":\"ImageObject\",\"inLanguage\":\"de\",\"@id\":\"https:\/\/claydondrill.com\/de\/denken-sie-anders\/#primaryimage\",\"url\":\"https:\/\/claydondrill.com\/wp-content\/uploads\/2025\/02\/CLD741-DE-THINK-Thumbnails-2.jpg\",\"contentUrl\":\"https:\/\/claydondrill.com\/wp-content\/uploads\/2025\/02\/CLD741-DE-THINK-Thumbnails-2.jpg\"},{\"@type\":\"BreadcrumbList\",\"@id\":\"https:\/\/claydondrill.com\/de\/denken-sie-anders\/#breadcrumb\",\"itemListElement\":[{\"@type\":\"ListItem\",\"position\":1,\"name\":\"Home\",\"item\":\"https:\/\/claydondrill.com\/de\/\"},{\"@type\":\"ListItem\",\"position\":2,\"name\":\"DENKEN SIE ANDERS\"}]},{\"@type\":\"WebSite\",\"@id\":\"https:\/\/claydondrill.com\/de\/#website\",\"url\":\"https:\/\/claydondrill.com\/de\/\",\"name\":\"Claydon Drill Seed\",\"description\":\"\",\"potentialAction\":[{\"@type\":\"SearchAction\",\"target\":{\"@type\":\"EntryPoint\",\"urlTemplate\":\"https:\/\/claydondrill.com\/de\/?s={search_term_string}\"},\"query-input\":{\"@type\":\"PropertyValueSpecification\",\"valueRequired\":true,\"valueName\":\"search_term_string\"}}],\"inLanguage\":\"de\"}]}<\/script>\n<!-- \/ Yoast SEO plugin. -->","yoast_head_json":{"title":"DENKEN SIE ANDERS - Claydon Drill Seed","robots":{"index":"index","follow":"follow","max-snippet":"max-snippet:-1","max-image-preview":"max-image-preview:large","max-video-preview":"max-video-preview:-1"},"canonical":"https:\/\/claydondrill.com\/de\/denken-sie-anders\/","og_locale":"de_DE","og_type":"article","og_title":"DENKEN SIE ANDERS - Claydon Drill Seed","og_description":"[vc_row][vc_column][vc_column_text css=&#8221;.vc_custom_1740388054023{padding-top: 20px !important;padding-right: 20px !important;padding-bottom: 20px !important;padding-left: 20px !important;background-color: #ededed !important;}&#8221;]Angesichts des zunehmenden Drucks, dem Landwirte und Erzeuger weltweit","og_url":"https:\/\/claydondrill.com\/de\/denken-sie-anders\/","og_site_name":"Claydon Drill Seed","article_modified_time":"2025-02-24T09:44:51+00:00","og_image":[{"width":2008,"height":1100,"url":"https:\/\/claydondrill.com\/wp-content\/uploads\/2025\/02\/CLD741-DE-THINK-Thumbnails-2.jpg","type":"image\/jpeg"}],"twitter_card":"summary_large_image","twitter_misc":{"Gesch\u00e4tzte Lesezeit":"4\u00a0Minuten"},"schema":{"@context":"https:\/\/schema.org","@graph":[{"@type":"WebPage","@id":"https:\/\/claydondrill.com\/de\/denken-sie-anders\/","url":"https:\/\/claydondrill.com\/de\/denken-sie-anders\/","name":"DENKEN SIE ANDERS - Claydon Drill Seed","isPartOf":{"@id":"https:\/\/claydondrill.com\/de\/#website"},"primaryImageOfPage":{"@id":"https:\/\/claydondrill.com\/de\/denken-sie-anders\/#primaryimage"},"image":{"@id":"https:\/\/claydondrill.com\/de\/denken-sie-anders\/#primaryimage"},"thumbnailUrl":"https:\/\/claydondrill.com\/wp-content\/uploads\/2025\/02\/CLD741-DE-THINK-Thumbnails-2.jpg","datePublished":"2025-02-06T10:25:40+00:00","dateModified":"2025-02-24T09:44:51+00:00","breadcrumb":{"@id":"https:\/\/claydondrill.com\/de\/denken-sie-anders\/#breadcrumb"},"inLanguage":"de","potentialAction":[{"@type":"ReadAction","target":["https:\/\/claydondrill.com\/de\/denken-sie-anders\/"]}]},{"@type":"ImageObject","inLanguage":"de","@id":"https:\/\/claydondrill.com\/de\/denken-sie-anders\/#primaryimage","url":"https:\/\/claydondrill.com\/wp-content\/uploads\/2025\/02\/CLD741-DE-THINK-Thumbnails-2.jpg","contentUrl":"https:\/\/claydondrill.com\/wp-content\/uploads\/2025\/02\/CLD741-DE-THINK-Thumbnails-2.jpg"},{"@type":"BreadcrumbList","@id":"https:\/\/claydondrill.com\/de\/denken-sie-anders\/#breadcrumb","itemListElement":[{"@type":"ListItem","position":1,"name":"Home","item":"https:\/\/claydondrill.com\/de\/"},{"@type":"ListItem","position":2,"name":"DENKEN SIE ANDERS"}]},{"@type":"WebSite","@id":"https:\/\/claydondrill.com\/de\/#website","url":"https:\/\/claydondrill.com\/de\/","name":"Claydon Drill Seed","description":"","potentialAction":[{"@type":"SearchAction","target":{"@type":"EntryPoint","urlTemplate":"https:\/\/claydondrill.com\/de\/?s={search_term_string}"},"query-input":{"@type":"PropertyValueSpecification","valueRequired":true,"valueName":"search_term_string"}}],"inLanguage":"de"}]}},"_links":{"self":[{"href":"https:\/\/claydondrill.com\/de\/wp-json\/wp\/v2\/pages\/104695","targetHints":{"allow":["GET"]}}],"collection":[{"href":"https:\/\/claydondrill.com\/de\/wp-json\/wp\/v2\/pages"}],"about":[{"href":"https:\/\/claydondrill.com\/de\/wp-json\/wp\/v2\/types\/page"}],"author":[{"embeddable":true,"href":"https:\/\/claydondrill.com\/de\/wp-json\/wp\/v2\/users\/1"}],"replies":[{"embeddable":true,"href":"https:\/\/claydondrill.com\/de\/wp-json\/wp\/v2\/comments?post=104695"}],"version-history":[{"count":0,"href":"https:\/\/claydondrill.com\/de\/wp-json\/wp\/v2\/pages\/104695\/revisions"}],"wp:attachment":[{"href":"https:\/\/claydondrill.com\/de\/wp-json\/wp\/v2\/media?parent=104695"}],"curies":[{"name":"wp","href":"https:\/\/api.w.org\/{rel}","templated":true}]}}