{"id":102361,"date":"2023-10-26T14:40:54","date_gmt":"2023-10-26T14:40:54","guid":{"rendered":"https:\/\/claydondrill.com\/evolution-m-anbaudrillmaschinen\/"},"modified":"2025-03-26T09:43:47","modified_gmt":"2025-03-26T09:43:47","slug":"evolution-m-anbaudrillmaschinen","status":"publish","type":"page","link":"https:\/\/claydondrill.com\/de\/evolution-m-anbaudrillmaschinen\/","title":{"rendered":"Evolution M \u2013 Dreipunkt-S\u00e4maschinen"},"content":{"rendered":"<div class=\"wpb-content-wrapper\"><p>[vc_row el_class=&#8221;top_desc eval_sec&#8221;][vc_column width=&#8221;1\/2&#8243; el_class=&#8221;top_desc&#8221;][vc_custom_heading text=&#8221;Evolution M-3-Punkt Direktsaat Drillmaschine&#8221; use_theme_fonts=&#8221;yes&#8221; css=&#8221;.vc_custom_1698745785220{margin-bottom: 20px !important;}&#8221;][vc_column_text]Die neue Claydon Evolution Drill-Serie hebt die direkte Streifensaat auf die n\u00e4chste Stufe. Sie baut auf \u00fcber 20 Jahren Erfahrung unseres Unternehmens mit dieser Technologie auf, und bietet die bew\u00e4hrte Tiefenlockerungs-Technik, kombiniert mit neuen Funktionen.<\/p>\n<p>Mit neun neuen Modellen, in den Arbeitsbreiten von 3m, 4m, 4,5m, 4,8m, 5m und 6m \u00a0wurde das Saatguttank-Volumen auf 1.910 Liter f\u00fcr reine Saatgut-Einheiten und 2.500 Liter f\u00fcr die Modelle 3m 3MF und 4m 4MRF (jeweils zur H\u00e4lfte f\u00fcr Saatgut und D\u00fcnger) erh\u00f6ht. Die gr\u00f6\u00dferen Tanks reduzieren die Ausfallzeiten und steigern die Leistung. Zus\u00e4tzliche Optionen f\u00fcr zweite und dritte Beh\u00e4lter erh\u00f6hen die Vielseitigkeit. Die typischen t\u00e4glichen Leistungen reichen von 20 Hektar f\u00fcr die 3m Evolution Drille, die mindestens einen 150 PS-Traktor erfordert, bis zu 40 Hektar f\u00fcr die 6m-Version, die mindestens 300 PS ben\u00f6tigt.<\/p>\n<p>Die Saattiefe kann in der neuen Evolution Drill-Reihe hydraulisch gesteuert werden. Der Zugang zur Dosiereinheit wurde verbessert, um die Kalibrierung zu erleichtern. Die an der Front montierte Scheiben k\u00f6nnen hydraulisch vom Traktorsitz aus bedient und f\u00fcr die Aussaat in Situationen mit hohem R\u00fcckstand spezifiziert werden. Der bew\u00e4hrte vordere Tiefen-Lockerungszinken gefolgt von einem 180mm A-Schar ist Standard, mit einer breiten Palette von Saatschar- und Verteiler-Optionen. Das Doppelzinken-Kit zur schonenden Saatgutablage kann optional mit Schneidscheiben verwendet werden.<\/p>\n<p>Die Evolution-Drillen wurden f\u00fcr den Einsatz als Direktsaatdrillen im Streifensaat-Verfahren entwickelt, k\u00f6nnen aber auch nach konventioneller Bodenbearbeitung, wie Pfl\u00fcgen und Konsolidierung eingesetzt werden.[\/vc_column_text][\/vc_column][vc_column width=&#8221;1\/2&#8243; el_class=&#8221;frtlizer&#8221;][vc_video link=&#8221;https:\/\/vimeo.com\/654095400&#8243;][vc_btn title=&#8221;Laden Sie die Maschinenbrosch\u00fcre herunter&#8221; align=&#8221;center&#8221; link=&#8221;url:https%3A%2F%2Fclaydondrill.com%2Fwp-content%2Fuploads%2F2024%2F01%2FOpti-Till-Machinery-Guide-2023-German-sec.pdf||target:%20_blank|&#8221; el_class=&#8221;lf_btn&#8221;][\/vc_column][\/vc_row][vc_row full_width=&#8221;stretch_row&#8221; css=&#8221;.vc_custom_1674640247071{margin-top: 0px !important;margin-right: 0px !important;margin-bottom: 0px !important;margin-left: 0px !important;padding-top: 75px !important;padding-bottom: 0px !important;}&#8221; el_class=&#8221;services2 home_cat&#8221;][vc_column css=&#8221;.vc_custom_1460369393337{padding-top: 0px !important;padding-bottom: 0px !important;}&#8221;][vc_row_inner el_class=&#8221;product_sec cat_list&#8221;][vc_column_inner width=&#8221;1\/3&#8243;][vc_single_image image=&#8221;101317&#8243; img_size=&#8221;full&#8221; alignment=&#8221;center&#8221;][vc_custom_heading text=&#8221;M6&#8243; font_container=&#8221;tag:h3|text_align:left|color:%23ca1f26&#8243; use_theme_fonts=&#8221;yes&#8221; el_class=&#8221;style5&#8243; css=&#8221;.vc_custom_1698757952568{margin-top: -20px !important;margin-bottom: 10px !important;}&#8221; link=&#8221;url:https%3A%2F%2Fclaydondrill.com%2Fde%2Fproduct%2Fm6-evolution%2F|||&#8221;][\/vc_column_inner][vc_column_inner width=&#8221;1\/3&#8243;][vc_single_image image=&#8221;101322&#8243; img_size=&#8221;full&#8221; alignment=&#8221;center&#8221;][vc_custom_heading text=&#8221;M5&#8243; font_container=&#8221;tag:h3|text_align:left|color:%23ca1f26&#8243; use_theme_fonts=&#8221;yes&#8221; el_class=&#8221;style5&#8243; css=&#8221;.vc_custom_1698757965404{margin-top: -20px !important;margin-bottom: 10px !important;}&#8221; link=&#8221;url:https%3A%2F%2Fclaydondrill.com%2Fde%2Fproduct%2Fm5-evolution%2F|||&#8221;][\/vc_column_inner][vc_column_inner width=&#8221;1\/3&#8243;][vc_single_image image=&#8221;101327&#8243; img_size=&#8221;full&#8221; alignment=&#8221;center&#8221;][vc_custom_heading text=&#8221;M4.8&#8243; font_container=&#8221;tag:h3|text_align:left|color:%23ca1f26&#8243; use_theme_fonts=&#8221;yes&#8221; el_class=&#8221;style5&#8243; css=&#8221;.vc_custom_1698757974580{margin-top: -20px !important;margin-bottom: 10px !important;}&#8221; link=&#8221;url:https%3A%2F%2Fclaydondrill.com%2Fde%2Fproduct%2Fm4-8-evolution%2F|||&#8221;][\/vc_column_inner][\/vc_row_inner][vc_row_inner el_class=&#8221;product_sec cat_list&#8221;][vc_column_inner width=&#8221;1\/3&#8243;][vc_single_image image=&#8221;101332&#8243; img_size=&#8221;full&#8221; alignment=&#8221;center&#8221;][vc_custom_heading text=&#8221;M4.5&#8243; font_container=&#8221;tag:h3|text_align:left|color:%23ca1f26&#8243; use_theme_fonts=&#8221;yes&#8221; el_class=&#8221;style5&#8243; css=&#8221;.vc_custom_1698757984831{margin-top: -20px !important;margin-bottom: 10px !important;}&#8221; link=&#8221;url:https%3A%2F%2Fclaydondrill.com%2Fde%2Fproduct%2Fm4-5-evolution%2F|||&#8221;][\/vc_column_inner][vc_column_inner width=&#8221;1\/3&#8243;][vc_single_image image=&#8221;101357&#8243; img_size=&#8221;full&#8221; alignment=&#8221;center&#8221;][vc_custom_heading text=&#8221;M4&#8243; font_container=&#8221;tag:h3|text_align:left|color:%23ca1f26&#8243; use_theme_fonts=&#8221;yes&#8221; el_class=&#8221;style5&#8243; css=&#8221;.vc_custom_1698757997754{margin-top: -20px !important;margin-bottom: 10px !important;}&#8221; link=&#8221;url:https%3A%2F%2Fclaydondrill.com%2Fde%2Fproduct%2F4m-evolution%2F|||&#8221;][\/vc_column_inner][vc_column_inner width=&#8221;1\/3&#8243;][vc_single_image image=&#8221;101352&#8243; img_size=&#8221;full&#8221; alignment=&#8221;center&#8221;][vc_custom_heading text=&#8221;M4R&#8221; font_container=&#8221;tag:h3|text_align:left|color:%23ca1f26&#8243; use_theme_fonts=&#8221;yes&#8221; el_class=&#8221;style5&#8243; css=&#8221;.vc_custom_1698758006983{margin-top: -20px !important;margin-bottom: 10px !important;}&#8221; link=&#8221;url:https%3A%2F%2Fclaydondrill.com%2Fde%2Fproduct%2Fm4r-evolution%2F|||&#8221;][\/vc_column_inner][\/vc_row_inner][vc_row_inner el_class=&#8221;product_sec cat_list&#8221;][vc_column_inner width=&#8221;1\/3&#8243;][vc_single_image image=&#8221;101342&#8243; img_size=&#8221;full&#8221; alignment=&#8221;center&#8221;][vc_custom_heading text=&#8221;M4RF&#8221; font_container=&#8221;tag:h3|text_align:left|color:%23ca1f26&#8243; use_theme_fonts=&#8221;yes&#8221; el_class=&#8221;style5&#8243; css=&#8221;.vc_custom_1698758029303{margin-top: -20px !important;margin-bottom: 10px !important;}&#8221; link=&#8221;url:https%3A%2F%2Fclaydondrill.com%2Fde%2Fproduct%2Fm4rf-evolution%2F|||&#8221;][\/vc_column_inner][vc_column_inner width=&#8221;1\/3&#8243;][vc_single_image image=&#8221;101347&#8243; img_size=&#8221;full&#8221; alignment=&#8221;center&#8221;][vc_custom_heading text=&#8221;M3&#8243; font_container=&#8221;tag:h3|text_align:left|color:%23ca1f26&#8243; use_theme_fonts=&#8221;yes&#8221; el_class=&#8221;style5&#8243; css=&#8221;.vc_custom_1698758037613{margin-top: -20px !important;margin-bottom: 10px !important;}&#8221; link=&#8221;url:https%3A%2F%2Fclaydondrill.com%2Fde%2Fproduct%2Fm3-evolution%2F|||&#8221;][\/vc_column_inner][vc_column_inner width=&#8221;1\/3&#8243;][vc_single_image image=&#8221;101362&#8243; img_size=&#8221;full&#8221; alignment=&#8221;center&#8221;][vc_custom_heading text=&#8221;M3F&#8221; font_container=&#8221;tag:h3|text_align:left|color:%23ca1f26&#8243; use_theme_fonts=&#8221;yes&#8221; el_class=&#8221;style5&#8243; css=&#8221;.vc_custom_1698758045866{margin-top: -20px !important;margin-bottom: 10px !important;}&#8221; link=&#8221;url:https%3A%2F%2Fclaydondrill.com%2Fde%2Fproduct%2Fm3f-evolution%2F|||&#8221;][\/vc_column_inner][\/vc_row_inner][\/vc_column][\/vc_row][vc_row el_class=&#8221;cat_faq&#8221;][vc_column][vc_custom_heading text=&#8221;FAQ\u2019s&#8221; font_container=&#8221;tag:h3|text_align:center&#8221; use_theme_fonts=&#8221;yes&#8221;][vc_tta_accordion][vc_tta_section title=&#8221;What speed can the Evolution Drills work at?&#8221; tab_id=&#8221;1695647192880-dec3d504-c14d&#8221;][vc_column_text]The recommended speed is between 8-12 km\/h[\/vc_column_text][\/vc_tta_section][vc_tta_section title=&#8221;Can I get replacements or spares?&#8221; tab_id=&#8221;1695647192897-e70034b3-bd73&#8243;][vc_column_text]Claydon work through a network of dealers in the UK and France and for all other export countries through distributors and importers. Replacement and spare parts are available through our partners. https:\/\/claydondrill.com\/dealers-distributors.[\/vc_column_text][\/vc_tta_section][vc_tta_section title=&#8221;How can I prepare the land before drilling?&#8221; tab_id=&#8221;1695649577065-3ec277f4-7f07&#8243;][vc_column_text]After harvest any chopped straw and crop residues need to be managed. Straw harrowing is a quick, easy and low-cost operation. A straw harrow will break up and disperse the residues and also help to reduce weed and slug populations. A second pass with the straw harrow will further break up residues and rake out weeds that have germinated. This operation also creates a nice, moist, tilthy soil which is a great medium in which to drill into. If you are new to Claydon drilling, an assessment of the field should be made of any drainage or compaction issues which could benefit from subsoiling, mole ploughing or renewed drainage.[\/vc_column_text][\/vc_tta_section][vc_tta_section title=&#8221;What yields can we expect?&#8221; tab_id=&#8221;1695649599191-ea53eaf4-a8b3&#8243;][vc_column_text]There are many factors affecting crop yields, weather and soil type are just two of the many variables. In our experience, and in reports we hear back from our customers, yields are maintained in comparison to previous establishment methods, or they are improved.[\/vc_column_text][\/vc_tta_section][\/vc_tta_accordion][\/vc_column][\/vc_row]<\/p>\n<\/div>","protected":false},"excerpt":{"rendered":"<p>[vc_row el_class=&#8221;top_desc eval_sec&#8221;][vc_column width=&#8221;1\/2&#8243; el_class=&#8221;top_desc&#8221;][vc_custom_heading text=&#8221;Evolution M-3-Punkt Direktsaat Drillmaschine&#8221; use_theme_fonts=&#8221;yes&#8221; css=&#8221;.vc_custom_1698745785220{margin-bottom: 20px !important;}&#8221;][vc_column_text]Die neue Claydon Evolution Drill-Serie hebt die direkte<\/p>\n","protected":false},"author":1,"featured_media":0,"parent":0,"menu_order":0,"comment_status":"closed","ping_status":"closed","template":"","meta":{"inline_featured_image":false,"footnotes":""},"class_list":["post-102361","page","type-page","status-publish","hentry"],"yoast_head":"<!-- This site is optimized with the Yoast SEO plugin v27.1.1 - https:\/\/yoast.com\/product\/yoast-seo-wordpress\/ -->\n<title>Evolution M \u2013 Dreipunkt-S\u00e4maschinen - Claydon Drill Seed<\/title>\n<meta name=\"description\" content=\"Claydon\u2019s Evolution mounted drill range takes direct strip seeding to the next level, featuring its well-proven tine technique &amp; new operational functionality.\" \/>\n<meta name=\"robots\" content=\"index, follow, max-snippet:-1, max-image-preview:large, max-video-preview:-1\" \/>\n<link rel=\"canonical\" href=\"https:\/\/claydondrill.com\/de\/evolution-m-anbaudrillmaschinen\/\" \/>\n<meta property=\"og:locale\" content=\"de_DE\" \/>\n<meta property=\"og:type\" content=\"article\" \/>\n<meta property=\"og:title\" content=\"Evolution M \u2013 Dreipunkt-S\u00e4maschinen - Claydon Drill Seed\" \/>\n<meta property=\"og:description\" content=\"Claydon\u2019s Evolution mounted drill range takes direct strip seeding to the next level, featuring its well-proven tine technique &amp; new operational functionality.\" \/>\n<meta property=\"og:url\" content=\"https:\/\/claydondrill.com\/de\/evolution-m-anbaudrillmaschinen\/\" \/>\n<meta property=\"og:site_name\" content=\"Claydon Drill Seed\" \/>\n<meta property=\"article:modified_time\" content=\"2025-03-26T09:43:47+00:00\" \/>\n<meta name=\"twitter:card\" content=\"summary_large_image\" \/>\n<meta name=\"twitter:label1\" content=\"Gesch\u00e4tzte Lesezeit\" \/>\n\t<meta name=\"twitter:data1\" content=\"3\u00a0Minuten\" \/>\n<script type=\"application\/ld+json\" class=\"yoast-schema-graph\">{\"@context\":\"https:\/\/schema.org\",\"@graph\":[{\"@type\":\"WebPage\",\"@id\":\"https:\/\/claydondrill.com\/de\/evolution-m-anbaudrillmaschinen\/\",\"url\":\"https:\/\/claydondrill.com\/de\/evolution-m-anbaudrillmaschinen\/\",\"name\":\"Evolution M \u2013 Dreipunkt-S\u00e4maschinen - Claydon Drill Seed\",\"isPartOf\":{\"@id\":\"https:\/\/claydondrill.com\/de\/#website\"},\"datePublished\":\"2023-10-26T14:40:54+00:00\",\"dateModified\":\"2025-03-26T09:43:47+00:00\",\"description\":\"Claydon\u2019s Evolution mounted drill range takes direct strip seeding to the next level, featuring its well-proven tine technique & new operational functionality.\",\"breadcrumb\":{\"@id\":\"https:\/\/claydondrill.com\/de\/evolution-m-anbaudrillmaschinen\/#breadcrumb\"},\"inLanguage\":\"de\",\"potentialAction\":[{\"@type\":\"ReadAction\",\"target\":[\"https:\/\/claydondrill.com\/de\/evolution-m-anbaudrillmaschinen\/\"]}]},{\"@type\":\"BreadcrumbList\",\"@id\":\"https:\/\/claydondrill.com\/de\/evolution-m-anbaudrillmaschinen\/#breadcrumb\",\"itemListElement\":[{\"@type\":\"ListItem\",\"position\":1,\"name\":\"Home\",\"item\":\"https:\/\/claydondrill.com\/de\/\"},{\"@type\":\"ListItem\",\"position\":2,\"name\":\"Evolution M \u2013 Dreipunkt-S\u00e4maschinen\"}]},{\"@type\":\"WebSite\",\"@id\":\"https:\/\/claydondrill.com\/de\/#website\",\"url\":\"https:\/\/claydondrill.com\/de\/\",\"name\":\"Claydon Drill Seed\",\"description\":\"\",\"potentialAction\":[{\"@type\":\"SearchAction\",\"target\":{\"@type\":\"EntryPoint\",\"urlTemplate\":\"https:\/\/claydondrill.com\/de\/?s={search_term_string}\"},\"query-input\":{\"@type\":\"PropertyValueSpecification\",\"valueRequired\":true,\"valueName\":\"search_term_string\"}}],\"inLanguage\":\"de\"}]}<\/script>\n<!-- \/ Yoast SEO plugin. -->","yoast_head_json":{"title":"Evolution M \u2013 Dreipunkt-S\u00e4maschinen - Claydon Drill Seed","description":"Claydon\u2019s Evolution mounted drill range takes direct strip seeding to the next level, featuring its well-proven tine technique & new operational functionality.","robots":{"index":"index","follow":"follow","max-snippet":"max-snippet:-1","max-image-preview":"max-image-preview:large","max-video-preview":"max-video-preview:-1"},"canonical":"https:\/\/claydondrill.com\/de\/evolution-m-anbaudrillmaschinen\/","og_locale":"de_DE","og_type":"article","og_title":"Evolution M \u2013 Dreipunkt-S\u00e4maschinen - Claydon Drill Seed","og_description":"Claydon\u2019s Evolution mounted drill range takes direct strip seeding to the next level, featuring its well-proven tine technique & new operational functionality.","og_url":"https:\/\/claydondrill.com\/de\/evolution-m-anbaudrillmaschinen\/","og_site_name":"Claydon Drill Seed","article_modified_time":"2025-03-26T09:43:47+00:00","twitter_card":"summary_large_image","twitter_misc":{"Gesch\u00e4tzte Lesezeit":"3\u00a0Minuten"},"schema":{"@context":"https:\/\/schema.org","@graph":[{"@type":"WebPage","@id":"https:\/\/claydondrill.com\/de\/evolution-m-anbaudrillmaschinen\/","url":"https:\/\/claydondrill.com\/de\/evolution-m-anbaudrillmaschinen\/","name":"Evolution M \u2013 Dreipunkt-S\u00e4maschinen - Claydon Drill Seed","isPartOf":{"@id":"https:\/\/claydondrill.com\/de\/#website"},"datePublished":"2023-10-26T14:40:54+00:00","dateModified":"2025-03-26T09:43:47+00:00","description":"Claydon\u2019s Evolution mounted drill range takes direct strip seeding to the next level, featuring its well-proven tine technique & new operational functionality.","breadcrumb":{"@id":"https:\/\/claydondrill.com\/de\/evolution-m-anbaudrillmaschinen\/#breadcrumb"},"inLanguage":"de","potentialAction":[{"@type":"ReadAction","target":["https:\/\/claydondrill.com\/de\/evolution-m-anbaudrillmaschinen\/"]}]},{"@type":"BreadcrumbList","@id":"https:\/\/claydondrill.com\/de\/evolution-m-anbaudrillmaschinen\/#breadcrumb","itemListElement":[{"@type":"ListItem","position":1,"name":"Home","item":"https:\/\/claydondrill.com\/de\/"},{"@type":"ListItem","position":2,"name":"Evolution M \u2013 Dreipunkt-S\u00e4maschinen"}]},{"@type":"WebSite","@id":"https:\/\/claydondrill.com\/de\/#website","url":"https:\/\/claydondrill.com\/de\/","name":"Claydon Drill Seed","description":"","potentialAction":[{"@type":"SearchAction","target":{"@type":"EntryPoint","urlTemplate":"https:\/\/claydondrill.com\/de\/?s={search_term_string}"},"query-input":{"@type":"PropertyValueSpecification","valueRequired":true,"valueName":"search_term_string"}}],"inLanguage":"de"}]}},"_links":{"self":[{"href":"https:\/\/claydondrill.com\/de\/wp-json\/wp\/v2\/pages\/102361","targetHints":{"allow":["GET"]}}],"collection":[{"href":"https:\/\/claydondrill.com\/de\/wp-json\/wp\/v2\/pages"}],"about":[{"href":"https:\/\/claydondrill.com\/de\/wp-json\/wp\/v2\/types\/page"}],"author":[{"embeddable":true,"href":"https:\/\/claydondrill.com\/de\/wp-json\/wp\/v2\/users\/1"}],"replies":[{"embeddable":true,"href":"https:\/\/claydondrill.com\/de\/wp-json\/wp\/v2\/comments?post=102361"}],"version-history":[{"count":0,"href":"https:\/\/claydondrill.com\/de\/wp-json\/wp\/v2\/pages\/102361\/revisions"}],"wp:attachment":[{"href":"https:\/\/claydondrill.com\/de\/wp-json\/wp\/v2\/media?parent=102361"}],"curies":[{"name":"wp","href":"https:\/\/api.w.org\/{rel}","templated":true}]}}