{"id":100390,"date":"2022-08-18T10:59:14","date_gmt":"2022-08-18T10:59:14","guid":{"rendered":"https:\/\/claydondrill.com\/?page_id=100390"},"modified":"2022-08-18T11:04:47","modified_gmt":"2022-08-18T11:04:47","slug":"video-anleitungen","status":"publish","type":"page","link":"https:\/\/claydondrill.com\/de\/video-anleitungen\/","title":{"rendered":"Video Anleitungen"},"content":{"rendered":"<div class=\"wpb-content-wrapper\"><p>[vc_row][vc_column width=&#8221;1\/2&#8243;][vc_btn title=&#8221;W\u00fcnschen Sie eine technische Beratung? Klicken Sie hier f\u00fcr Ihren H\u00e4ndler vor Ort.&#8221; size=&#8221;lg&#8221; i_icon_fontawesome=&#8221;fas fa-wrench&#8221; css_animation=&#8221;appear&#8221; add_icon=&#8221;true&#8221; link=&#8221;url:https%3A%2F%2Fclaydondrill.com%2Fde%2Fhandler%2F|||&#8221;][\/vc_column][vc_column width=&#8221;1\/2&#8243;][vc_btn title=&#8221;F\u00fcr Betriebsanleitungen klicken Sie hier.&#8221; size=&#8221;lg&#8221; i_icon_fontawesome=&#8221;fas fa-book&#8221; css_animation=&#8221;appear&#8221; add_icon=&#8221;true&#8221; link=&#8221;url:https%3A%2F%2Fclaydondrill.com%2Fde%2Fbetriebsanleitungen%2F|||&#8221;][\/vc_column][\/vc_row][vc_row full_width=&#8221;stretch_row&#8221; el_class=&#8221;press_list&#8221;][vc_column][vc_column_text]<\/p>\n<h1>DRILLMASCHINEN<\/h1>\n<p>[\/vc_column_text][vc_row_inner][vc_column_inner width=&#8221;1\/3&#8243;][vc_column_text]<strong><span class=\"VIiyi\" lang=\"de\"><span class=\"JLqJ4b ChMk0b\" data-language-for-alternatives=\"de\" data-language-to-translate-into=\"en\" data-phrase-index=\"0\" data-number-of-phrases=\"1\"><span class=\"Q4iAWc\">Kalibrierung der S\u00e4maschine<\/span><\/span><\/span><\/strong>[\/vc_column_text][vc_column_text]<\/p>\n<div style=\"padding: 56.25% 0 0 0; position: relative;\"><iframe style=\"position: absolute; top: 0; left: 0; width: 100%; height: 100%;\" title=\"Claydon Drill Calibration\" src=\"https:\/\/player.vimeo.com\/video\/694924949?h=c2a1cf4cde&amp;badge=0&amp;autopause=0&amp;player_id=0&amp;app_id=58479\" frameborder=\"0\" allowfullscreen=\"allowfullscreen\" data-mce-fragment=\"1\"><\/iframe><\/div>\n<p><script src=\"https:\/\/player.vimeo.com\/api\/player.js\"><\/script>[\/vc_column_text][\/vc_column_inner][\/vc_row_inner][\/vc_column][\/vc_row][vc_row full_width=&#8221;stretch_row&#8221; el_class=&#8221;press_list&#8221;][vc_column][vc_column_text]<\/p>\n<h1>TERRABLADE ZWISCHENREIHEN-HACKE<\/h1>\n<p>[\/vc_column_text][vc_row_inner][vc_column_inner width=&#8221;1\/3&#8243;][vc_column_text]<strong><span class=\"VIiyi\" lang=\"de\"><span class=\"JLqJ4b ChMk0b\" data-language-for-alternatives=\"de\" data-language-to-translate-into=\"en\" data-phrase-index=\"0\" data-number-of-phrases=\"1\"><span class=\"Q4iAWc\">Top-Tipps f\u00fcr die Hacke<\/span><\/span><\/span><\/strong>[\/vc_column_text][vc_column_text]<\/p>\n<div style=\"padding: 177.78% 0 0 0; position: relative;\"><iframe style=\"position: absolute; top: 0; left: 0; width: 100%; height: 100%;\" title=\"Claydon TerraBlade Top Tips.mp4\" src=\"https:\/\/player.vimeo.com\/video\/537660943?h=a61ef0e2b2&amp;badge=0&amp;autopause=0&amp;player_id=0&amp;app_id=58479\" frameborder=\"0\" allowfullscreen=\"allowfullscreen\" data-mce-fragment=\"1\"><\/iframe><\/div>\n<p><script src=\"https:\/\/player.vimeo.com\/api\/player.js\"><\/script>[\/vc_column_text][\/vc_column_inner][vc_column_inner width=&#8221;1\/3&#8243;][\/vc_column_inner][vc_column_inner width=&#8221;1\/3&#8243;][\/vc_column_inner][\/vc_row_inner][\/vc_column][\/vc_row]<\/p>\n<\/div>","protected":false},"excerpt":{"rendered":"<p>[vc_row][vc_column width=&#8221;1\/2&#8243;][vc_btn title=&#8221;W\u00fcnschen Sie eine technische Beratung? Klicken Sie hier f\u00fcr Ihren H\u00e4ndler vor Ort.&#8221; size=&#8221;lg&#8221; i_icon_fontawesome=&#8221;fas fa-wrench&#8221; css_animation=&#8221;appear&#8221; add_icon=&#8221;true&#8221;<\/p>\n","protected":false},"author":1,"featured_media":0,"parent":0,"menu_order":19,"comment_status":"closed","ping_status":"closed","template":"","meta":{"inline_featured_image":false,"footnotes":""},"class_list":["post-100390","page","type-page","status-publish","hentry"],"yoast_head":"<!-- This site is optimized with the Yoast SEO plugin v27.1.1 - https:\/\/yoast.com\/product\/yoast-seo-wordpress\/ -->\n<title>Video Anleitungen - Claydon Drill Seed<\/title>\n<meta name=\"robots\" content=\"index, follow, max-snippet:-1, max-image-preview:large, max-video-preview:-1\" \/>\n<link rel=\"canonical\" href=\"https:\/\/claydondrill.com\/de\/video-anleitungen\/\" \/>\n<meta property=\"og:locale\" content=\"de_DE\" \/>\n<meta property=\"og:type\" content=\"article\" \/>\n<meta property=\"og:title\" content=\"Video Anleitungen - Claydon Drill Seed\" \/>\n<meta property=\"og:description\" content=\"[vc_row][vc_column width=&#8221;1\/2&#8243;][vc_btn title=&#8221;W\u00fcnschen Sie eine technische Beratung? Klicken Sie hier f\u00fcr Ihren H\u00e4ndler vor Ort.&#8221; size=&#8221;lg&#8221; i_icon_fontawesome=&#8221;fas fa-wrench&#8221; css_animation=&#8221;appear&#8221; add_icon=&#8221;true&#8221;\" \/>\n<meta property=\"og:url\" content=\"https:\/\/claydondrill.com\/de\/video-anleitungen\/\" \/>\n<meta property=\"og:site_name\" content=\"Claydon Drill Seed\" \/>\n<meta property=\"article:modified_time\" content=\"2022-08-18T11:04:47+00:00\" \/>\n<meta name=\"twitter:card\" content=\"summary_large_image\" \/>\n<meta name=\"twitter:label1\" content=\"Gesch\u00e4tzte Lesezeit\" \/>\n\t<meta name=\"twitter:data1\" content=\"1\u00a0Minute\" \/>\n<script type=\"application\/ld+json\" class=\"yoast-schema-graph\">{\"@context\":\"https:\/\/schema.org\",\"@graph\":[{\"@type\":\"WebPage\",\"@id\":\"https:\/\/claydondrill.com\/de\/video-anleitungen\/\",\"url\":\"https:\/\/claydondrill.com\/de\/video-anleitungen\/\",\"name\":\"Video Anleitungen - Claydon Drill Seed\",\"isPartOf\":{\"@id\":\"https:\/\/claydondrill.com\/de\/#website\"},\"datePublished\":\"2022-08-18T10:59:14+00:00\",\"dateModified\":\"2022-08-18T11:04:47+00:00\",\"breadcrumb\":{\"@id\":\"https:\/\/claydondrill.com\/de\/video-anleitungen\/#breadcrumb\"},\"inLanguage\":\"de\",\"potentialAction\":[{\"@type\":\"ReadAction\",\"target\":[\"https:\/\/claydondrill.com\/de\/video-anleitungen\/\"]}]},{\"@type\":\"BreadcrumbList\",\"@id\":\"https:\/\/claydondrill.com\/de\/video-anleitungen\/#breadcrumb\",\"itemListElement\":[{\"@type\":\"ListItem\",\"position\":1,\"name\":\"Home\",\"item\":\"https:\/\/claydondrill.com\/de\/\"},{\"@type\":\"ListItem\",\"position\":2,\"name\":\"Video Anleitungen\"}]},{\"@type\":\"WebSite\",\"@id\":\"https:\/\/claydondrill.com\/de\/#website\",\"url\":\"https:\/\/claydondrill.com\/de\/\",\"name\":\"Claydon Drill Seed\",\"description\":\"\",\"potentialAction\":[{\"@type\":\"SearchAction\",\"target\":{\"@type\":\"EntryPoint\",\"urlTemplate\":\"https:\/\/claydondrill.com\/de\/?s={search_term_string}\"},\"query-input\":{\"@type\":\"PropertyValueSpecification\",\"valueRequired\":true,\"valueName\":\"search_term_string\"}}],\"inLanguage\":\"de\"}]}<\/script>\n<!-- \/ Yoast SEO plugin. -->","yoast_head_json":{"title":"Video Anleitungen - Claydon Drill Seed","robots":{"index":"index","follow":"follow","max-snippet":"max-snippet:-1","max-image-preview":"max-image-preview:large","max-video-preview":"max-video-preview:-1"},"canonical":"https:\/\/claydondrill.com\/de\/video-anleitungen\/","og_locale":"de_DE","og_type":"article","og_title":"Video Anleitungen - Claydon Drill Seed","og_description":"[vc_row][vc_column width=&#8221;1\/2&#8243;][vc_btn title=&#8221;W\u00fcnschen Sie eine technische Beratung? Klicken Sie hier f\u00fcr Ihren H\u00e4ndler vor Ort.&#8221; size=&#8221;lg&#8221; i_icon_fontawesome=&#8221;fas fa-wrench&#8221; css_animation=&#8221;appear&#8221; add_icon=&#8221;true&#8221;","og_url":"https:\/\/claydondrill.com\/de\/video-anleitungen\/","og_site_name":"Claydon Drill Seed","article_modified_time":"2022-08-18T11:04:47+00:00","twitter_card":"summary_large_image","twitter_misc":{"Gesch\u00e4tzte Lesezeit":"1\u00a0Minute"},"schema":{"@context":"https:\/\/schema.org","@graph":[{"@type":"WebPage","@id":"https:\/\/claydondrill.com\/de\/video-anleitungen\/","url":"https:\/\/claydondrill.com\/de\/video-anleitungen\/","name":"Video Anleitungen - Claydon Drill Seed","isPartOf":{"@id":"https:\/\/claydondrill.com\/de\/#website"},"datePublished":"2022-08-18T10:59:14+00:00","dateModified":"2022-08-18T11:04:47+00:00","breadcrumb":{"@id":"https:\/\/claydondrill.com\/de\/video-anleitungen\/#breadcrumb"},"inLanguage":"de","potentialAction":[{"@type":"ReadAction","target":["https:\/\/claydondrill.com\/de\/video-anleitungen\/"]}]},{"@type":"BreadcrumbList","@id":"https:\/\/claydondrill.com\/de\/video-anleitungen\/#breadcrumb","itemListElement":[{"@type":"ListItem","position":1,"name":"Home","item":"https:\/\/claydondrill.com\/de\/"},{"@type":"ListItem","position":2,"name":"Video Anleitungen"}]},{"@type":"WebSite","@id":"https:\/\/claydondrill.com\/de\/#website","url":"https:\/\/claydondrill.com\/de\/","name":"Claydon Drill Seed","description":"","potentialAction":[{"@type":"SearchAction","target":{"@type":"EntryPoint","urlTemplate":"https:\/\/claydondrill.com\/de\/?s={search_term_string}"},"query-input":{"@type":"PropertyValueSpecification","valueRequired":true,"valueName":"search_term_string"}}],"inLanguage":"de"}]}},"_links":{"self":[{"href":"https:\/\/claydondrill.com\/de\/wp-json\/wp\/v2\/pages\/100390","targetHints":{"allow":["GET"]}}],"collection":[{"href":"https:\/\/claydondrill.com\/de\/wp-json\/wp\/v2\/pages"}],"about":[{"href":"https:\/\/claydondrill.com\/de\/wp-json\/wp\/v2\/types\/page"}],"author":[{"embeddable":true,"href":"https:\/\/claydondrill.com\/de\/wp-json\/wp\/v2\/users\/1"}],"replies":[{"embeddable":true,"href":"https:\/\/claydondrill.com\/de\/wp-json\/wp\/v2\/comments?post=100390"}],"version-history":[{"count":0,"href":"https:\/\/claydondrill.com\/de\/wp-json\/wp\/v2\/pages\/100390\/revisions"}],"wp:attachment":[{"href":"https:\/\/claydondrill.com\/de\/wp-json\/wp\/v2\/media?parent=100390"}],"curies":[{"name":"wp","href":"https:\/\/api.w.org\/{rel}","templated":true}]}}